{"id":491,"date":"2024-05-27T10:01:17","date_gmt":"2024-05-27T08:01:17","guid":{"rendered":"https:\/\/wm-group.heinmedia.dev\/?page_id=491"},"modified":"2025-11-26T11:12:45","modified_gmt":"2025-11-26T10:12:45","slug":"ingolstadt","status":"publish","type":"page","link":"https:\/\/wm-group.heinmedia.dev\/en\/logistikstandorte\/ingolstadt\/","title":{"rendered":"Ingolstadt"},"content":{"rendered":"<section class=\"bde-section-491-100 bde-section\">\n              \n  \n  \n\t\n\n  <div class=\"section-background-overlay\"><\/div>\n\n\n<div class=\"section-container\"><div class=\"bde-text-491-101 bde-text\">\nIngolstadt\n<\/div><h1 class=\"bde-heading-491-102 bde-heading\">\n Logistics hub for the bakery Wishes<br>\n<\/h1><\/div>\n<\/section><section class=\"bde-section-491-103 bde-section\">\n  \n  \n\t\n\n\n\n<div class=\"section-container\"><div class=\"bde-grid-491-104 bde-grid\">\n  \n  \n\t\n\n\n\n<div class=\"bde-div-491-105 bde-div\">\n  \n  \n\t\n\n\n\n<div class=\"bde-text-491-106 bde-text\">\nTrucks in daily use\n<\/div><div class=\"bde-text-491-107 bde-text\">\n70\n<\/div><div class=\"bde-fancy-divider-491-108 bde-fancy-divider\">\n\n\n<div class=\"bde-fancy-divider__wrapper\">\n  <div class=\"bde-fancy-divider__separator\">\n  \t  <\/div>\n<\/div>\n\n<\/div>\n<\/div><div class=\"bde-div-491-109 bde-div\">\n  \n  \n\t\n\n\n\n<div class=\"bde-text-491-110 bde-text\">\nDriver\n<\/div><div class=\"bde-text-491-111 bde-text\">\n150\n<\/div><div class=\"bde-fancy-divider-491-112 bde-fancy-divider\">\n\n\n<div class=\"bde-fancy-divider__wrapper\">\n  <div class=\"bde-fancy-divider__separator\">\n  \t  <\/div>\n<\/div>\n\n<\/div>\n<\/div><div class=\"bde-div-491-113 bde-div\">\n  \n  \n\t\n\n\n\n<div class=\"bde-text-491-114 bde-text\">\nTours per day\n<\/div><div class=\"bde-text-491-115 bde-text\">\n67\n<\/div><div class=\"bde-fancy-divider-491-116 bde-fancy-divider\">\n\n\n<div class=\"bde-fancy-divider__wrapper\">\n  <div class=\"bde-fancy-divider__separator\">\n  \t  <\/div>\n<\/div>\n\n<\/div>\n<\/div>\n<\/div><div class=\"bde-columns-491-117 bde-columns\"><div class=\"bde-column-491-118 bde-column\">\n  \n  \n\t\n\n\n\n<img decoding=\"async\" class=\"bde-image2-491-159 bde-image2\" src=\"https:\/\/wm-group.heinmedia.dev\/wp-content\/uploads\/2024\/06\/12.png\" loading=\"lazy\">\n<\/div><div class=\"bde-column-491-120 bde-column\">\n  \n  \n\t\n\n\n\n<p class=\"bde-text-491-121 bde-text\">\nWe manage the logistics for the traditional W\u00fcnsche bakery, a 1001TP3 subsidiary of EDEKA S\u00fcdbayern, from our Ingolstadt site. With a high-performance fleet of vehicles, experienced teams of drivers and modern route planning, we ensure that products arrive fresh and reliable every day. Supplemented by our hygiene centre with the highest standards, we ensure smooth processes and sustainable process quality.\n<\/p>\n<\/div><\/div><\/div>\n<\/section><section class=\"bde-section-491-139 bde-section\">\n  \n  \n\t\n\n\n\n<div class=\"section-container\"><h2 class=\"bde-heading-491-140 bde-heading\">\nEfficiency, reliability and the highest hygiene standards in southern Bavaria.\n<\/h2><div class=\"bde-grid-491-141 bde-grid\">\n  \n  \n\t\n\n\n\n<div class=\"bde-icon-box-491-142 bde-icon-box\">\n\n    \n            <div class=\"ee-iconbox-icon breakdance-icon-atom\" >\n    \n                    <svg xmlns=\"http:\/\/www.w3.org\/2000\/svg\" id=\"icon-checkmark\" viewbox=\"0 0 32 32\">\n<path d=\"M27 4l-15 15-7-7-5 5 12 12 20-20z\"\/>\n<\/svg>\n        \n        \n        \n            <\/div>\n    \n\n<div class=\"ee-iconbox-content\">\n      <h4 class=\"ee-iconbox-title bde-h3\" >Reliable distribution<\/h4>\n        <div class=\"ee-iconbox-text\" >With 70 lorries and 150 drivers, we ensure the smooth supply of the W\u00fcnsche bakery.<\/div>\n    <\/div>\n\n<\/div><div class=\"bde-icon-box-491-143 bde-icon-box\">\n\n    \n            <div class=\"ee-iconbox-icon breakdance-icon-atom\" >\n    \n                    <svg xmlns=\"http:\/\/www.w3.org\/2000\/svg\" id=\"icon-checkmark\" viewbox=\"0 0 32 32\">\n<path d=\"M27 4l-15 15-7-7-5 5 12 12 20-20z\"\/>\n<\/svg>\n        \n        \n        \n            <\/div>\n    \n\n<div class=\"ee-iconbox-content\">\n      <h4 class=\"ee-iconbox-title bde-h3\" >Efficient route planning<\/h4>\n        <div class=\"ee-iconbox-text\" >67 tours daily from Gaimersheim and Kolbermoor - perfectly coordinated for fresh products.<\/div>\n    <\/div>\n\n<\/div><div class=\"bde-icon-box-491-144 bde-icon-box\">\n\n    \n            <div class=\"ee-iconbox-icon breakdance-icon-atom\" >\n    \n                    <svg xmlns=\"http:\/\/www.w3.org\/2000\/svg\" id=\"icon-checkmark\" viewbox=\"0 0 32 32\">\n<path d=\"M27 4l-15 15-7-7-5 5 12 12 20-20z\"\/>\n<\/svg>\n        \n        \n        \n            <\/div>\n    \n\n<div class=\"ee-iconbox-content\">\n      <h4 class=\"ee-iconbox-title bde-h3\" >Highest hygiene standards<\/h4>\n        <div class=\"ee-iconbox-text\" >The hygiene centre cleans around 24,000 baskets every day - for clean returns and safe processes.<\/div>\n    <\/div>\n\n<\/div>\n<\/div><\/div>\n<\/section>","protected":false},"excerpt":{"rendered":"<p>Ingolstadt Logistikdrehscheibe f\u00fcr die Backstube W\u00fcnsche LKW t\u00e4glich im Einsatz 70 Fahrer 150 Touren pro Tag 67 Vom Standort Ingolstadt aus steuern wir die Logistik f\u00fcr die traditionsreiche Backstube W\u00fcnsche, eine 100%ige Tochter der EDEKA S\u00fcdbayern. Mit einer leistungsstarken Fahrzeugflotte, eingespielten Fahrerteams und moderner Tourenplanung sorgen wir daf\u00fcr, dass Produkte t\u00e4glich frisch und zuverl\u00e4ssig ankommen. [&hellip;]<\/p>\n","protected":false},"author":248570550,"featured_media":0,"parent":2086,"menu_order":0,"comment_status":"closed","ping_status":"closed","template":"","meta":{"inline_featured_image":false,"_breakdance_hide_in_design_set":false,"_breakdance_tags":"","footnotes":""},"class_list":["post-491","page","type-page","status-publish","hentry"],"meta_box":[],"_links":{"self":[{"href":"https:\/\/wm-group.heinmedia.dev\/en\/wp-json\/wp\/v2\/pages\/491","targetHints":{"allow":["GET"]}}],"collection":[{"href":"https:\/\/wm-group.heinmedia.dev\/en\/wp-json\/wp\/v2\/pages"}],"about":[{"href":"https:\/\/wm-group.heinmedia.dev\/en\/wp-json\/wp\/v2\/types\/page"}],"author":[{"embeddable":true,"href":"https:\/\/wm-group.heinmedia.dev\/en\/wp-json\/wp\/v2\/users\/248570550"}],"replies":[{"embeddable":true,"href":"https:\/\/wm-group.heinmedia.dev\/en\/wp-json\/wp\/v2\/comments?post=491"}],"version-history":[{"count":23,"href":"https:\/\/wm-group.heinmedia.dev\/en\/wp-json\/wp\/v2\/pages\/491\/revisions"}],"predecessor-version":[{"id":2519,"href":"https:\/\/wm-group.heinmedia.dev\/en\/wp-json\/wp\/v2\/pages\/491\/revisions\/2519"}],"up":[{"embeddable":true,"href":"https:\/\/wm-group.heinmedia.dev\/en\/wp-json\/wp\/v2\/pages\/2086"}],"wp:attachment":[{"href":"https:\/\/wm-group.heinmedia.dev\/en\/wp-json\/wp\/v2\/media?parent=491"}],"curies":[{"name":"wp","href":"https:\/\/api.w.org\/{rel}","templated":true}]}}