{"id":480,"date":"2024-05-27T09:50:31","date_gmt":"2024-05-27T07:50:31","guid":{"rendered":"https:\/\/wm-group.heinmedia.dev\/?page_id=480"},"modified":"2025-11-26T11:12:45","modified_gmt":"2025-11-26T10:12:45","slug":"muelheim","status":"publish","type":"page","link":"https:\/\/wm-group.heinmedia.dev\/en\/logistikstandorte\/muelheim\/","title":{"rendered":"M\u00fclheim"},"content":{"rendered":"<section class=\"bde-section-480-100 bde-section\">\n              \n  \n  \n\t\n\n  <div class=\"section-background-overlay\"><\/div>\n\n\n<div class=\"section-container\"><div class=\"bde-text-480-101 bde-text\">\nM\u00fclheim\n<\/div><h1 class=\"bde-heading-480-102 bde-heading\">\nZentral, flexibel und ideal f\u00fcr urbane Distribution\n<\/h1><\/div>\n<\/section><section class=\"bde-section-480-103 bde-section\">\n  \n  \n\t\n\n\n\n<div class=\"section-container\"><div class=\"bde-grid-480-104 bde-grid\">\n  \n  \n\t\n\n\n\n<div class=\"bde-div-480-105 bde-div\">\n  \n  \n\t\n\n\n\n<div class=\"bde-text-480-106 bde-text\">\nFl\u00e4che in m\u00b2\n<\/div><div class=\"bde-text-480-107 bde-text\">\n10.000\n<\/div><div class=\"bde-fancy-divider-480-108 bde-fancy-divider\">\n\n\n<div class=\"bde-fancy-divider__wrapper\">\n  <div class=\"bde-fancy-divider__separator\">\n  \t  <\/div>\n<\/div>\n\n<\/div>\n<\/div><div class=\"bde-div-480-109 bde-div\">\n  \n  \n\t\n\n\n\n<div class=\"bde-text-480-110 bde-text\">\nHallenh\u00f6he in m\/UKB\n<\/div><div class=\"bde-text-480-111 bde-text\">\n10,5\n<\/div><div class=\"bde-fancy-divider-480-112 bde-fancy-divider\">\n\n\n<div class=\"bde-fancy-divider__wrapper\">\n  <div class=\"bde-fancy-divider__separator\">\n  \t  <\/div>\n<\/div>\n\n<\/div>\n<\/div><div class=\"bde-div-480-113 bde-div\">\n  \n  \n\t\n\n\n\n<div class=\"bde-text-480-114 bde-text\">\nBodenlast in t\/m\u00b2\n<\/div><div class=\"bde-text-480-115 bde-text\">\n5\n<\/div><div class=\"bde-fancy-divider-480-116 bde-fancy-divider\">\n\n\n<div class=\"bde-fancy-divider__wrapper\">\n  <div class=\"bde-fancy-divider__separator\">\n  \t  <\/div>\n<\/div>\n\n<\/div>\n<\/div>\n<\/div><div class=\"bde-columns-480-117 bde-columns\"><div class=\"bde-column-480-118 bde-column\">\n  \n  \n\t\n\n\n\n<div class=\"bde-video-480-119 bde-video\">\n<div class=\"ee-video-container\">\n            <video class=\"ee-video\" src=\"https:\/\/wm-group.heinmedia.dev\/wp-content\/uploads\/2025\/08\/wmgroup_dohne_muehlheim_2025-05-07.mp4\"\n               autoplay='true'                controls='true'                                loop='true'                muted='true'                controlslist=\"nodownload\"                playsinline\n>\n        <\/video>\n    \n    <\/div>\n\n<\/div>\n<\/div><div class=\"bde-column-480-120 bde-column\">\n  \n  \n\t\n\n\n\n<p class=\"bde-text-480-121 bde-text\">\nUnser modernes, dedicated Multi-User-Warehouse im Westen des Ruhrgebiets bietet flexible Lager- und Aktionslogistikl\u00f6sungen fu\u0308r ein eCommerce-Unternehmen mit hochwertiger Outdoor-Bekleidung. Mit motivierten Mitarbeitenden werden bis zu 30.000 Artikel saisonal gehandhabt, Retouren abgewickelt und Sonderverpackungen erstellt, wobei Auftragsspitzen flexibel aufgefangen werden. Der Standort liegt nur wenige Minuten von der A40 entfernt \u2013 ideal im Herzen eines Ballungsraums mit fu\u0308nf Millionen Einwohnern.\n<\/p><div class=\"bde-grid-480-122 bde-grid\">\n  \n  \n\t\n\n\n\n<div class=\"bde-div-480-131 bde-div\">\n  \n  \n\t\n\n\n\n<div class=\"bde-text-480-132 bde-text\">\nSektionaltore\n<\/div><div class=\"bde-text-480-133 bde-text\">\n1\n<\/div><div class=\"bde-fancy-divider-480-134 bde-fancy-divider\">\n\n\n<div class=\"bde-fancy-divider__wrapper\">\n  <div class=\"bde-fancy-divider__separator\">\n  \t  <\/div>\n<\/div>\n\n<\/div>\n<\/div><div class=\"bde-div-480-135 bde-div\">\n  \n  \n\t\n\n\n\n<div class=\"bde-text-480-136 bde-text\">\nLaderampen\n<\/div><div class=\"bde-text-480-137 bde-text\">\n10\n<\/div><div class=\"bde-fancy-divider-480-138 bde-fancy-divider\">\n\n\n<div class=\"bde-fancy-divider__wrapper\">\n  <div class=\"bde-fancy-divider__separator\">\n  \t  <\/div>\n<\/div>\n\n<\/div>\n<\/div>\n<\/div>\n<\/div><\/div><\/div>\n<\/section><section class=\"bde-section-480-139 bde-section\">\n  \n  \n\t\n\n\n\n<div class=\"section-container\"><h2 class=\"bde-heading-480-140 bde-heading\">\nM\u00fclheim \u2013 Logistikstandort mitten im Ruhrgebiet\n<\/h2><div class=\"bde-grid-480-141 bde-grid\">\n  \n  \n\t\n\n\n\n<div class=\"bde-icon-box-480-142 bde-icon-box\">\n\n    \n            <div class=\"ee-iconbox-icon breakdance-icon-atom\" >\n    \n                    <svg xmlns=\"http:\/\/www.w3.org\/2000\/svg\" id=\"icon-checkmark\" viewbox=\"0 0 32 32\">\n<path d=\"M27 4l-15 15-7-7-5 5 12 12 20-20z\"\/>\n<\/svg>\n        \n        \n        \n            <\/div>\n    \n\n<div class=\"ee-iconbox-content\">\n      <h4 class=\"ee-iconbox-title bde-h3\" >Urban & zentral<\/h4>\n        <div class=\"ee-iconbox-text\" >Direkt im Ruhrgebiet gelegen \u2013 ideal f\u00fcr urbane Verteilkonzepte und schnelle Belieferung.<\/div>\n    <\/div>\n\n<\/div><div class=\"bde-icon-box-480-143 bde-icon-box\">\n\n    \n            <div class=\"ee-iconbox-icon breakdance-icon-atom\" >\n    \n                    <svg xmlns=\"http:\/\/www.w3.org\/2000\/svg\" id=\"icon-checkmark\" viewbox=\"0 0 32 32\">\n<path d=\"M27 4l-15 15-7-7-5 5 12 12 20-20z\"\/>\n<\/svg>\n        \n        \n        \n            <\/div>\n    \n\n<div class=\"ee-iconbox-content\">\n      <h4 class=\"ee-iconbox-title bde-h3\" >Flexible Nutzung<\/h4>\n        <div class=\"ee-iconbox-text\" >10.000 m\u00b2 Logistikfl\u00e4che, skalierbar f\u00fcr unterschiedliche Branchen und Projekte.<\/div>\n    <\/div>\n\n<\/div>\n<\/div><\/div>\n<\/section><section class=\"bde-section-480-145 bde-section\">\n  \n  \n\t\n\n\n\n<div class=\"section-container\"><div class=\"bde-grid-480-146 bde-grid\">\n  \n  \n\t\n\n\n\n<h2 class=\"bde-heading-480-147 bde-heading\">\nSpezialisierte Logistik f\u00fcr besondere Anforderungen<br>\n<\/h2><p class=\"bde-text-480-148 bde-text\">\nDer Standort M\u00fclheim ist perfekt auf die Anforderungen moderner Handels- und E-Commerce-Unternehmen zugeschnitten. Dank zentraler Lage im Ruhrgebiet bietet er ideale Voraussetzungen f\u00fcr die Last-Mile-Distribution und die Belieferung von Ballungsr\u00e4umen. Moderne Fl\u00e4chen, Multi-User-Nutzung und eine exzellente Verkehrsanbindung machen M\u00fclheim zu einem leistungsstarken Logistik-Hub.\n<\/p>\n<\/div><div class=\"bde-grid-480-149 bde-grid\">\n  \n  \n\t\n\n\n\n<div class=\"bde-image-480-150 bde-image\">\n<figure class=\"breakdance-image breakdance-image---1\">\n\t<div class=\"breakdance-image-container\">\n\t\t<div class=\"breakdance-image-clip\"><img decoding=\"async\" class=\"breakdance-image-object\" src=\"https:\/\/wm-group.heinmedia.dev\/wp-content\/uploads\/2024\/06\/17.jpg\"><\/div>\n\t<\/div><\/figure>\n\n<\/div><div class=\"bde-image-480-151 bde-image\">\n<figure class=\"breakdance-image breakdance-image--2505\">\n\t<div class=\"breakdance-image-container\">\n\t\t<div class=\"breakdance-image-clip\"><img loading=\"lazy\" decoding=\"async\" class=\"breakdance-image-object\" src=\"https:\/\/wm-group.heinmedia.dev\/wp-content\/uploads\/2025\/08\/Imageaufnahmen_WM-Group_Muelheim-6.jpg\" width=\"2500\" height=\"1667\" srcset=\"https:\/\/wm-group.heinmedia.dev\/wp-content\/uploads\/2025\/08\/Imageaufnahmen_WM-Group_Muelheim-6.jpg 2500w, https:\/\/wm-group.heinmedia.dev\/wp-content\/uploads\/2025\/08\/Imageaufnahmen_WM-Group_Muelheim-6-300x200.jpg 300w, https:\/\/wm-group.heinmedia.dev\/wp-content\/uploads\/2025\/08\/Imageaufnahmen_WM-Group_Muelheim-6-1024x683.jpg 1024w, https:\/\/wm-group.heinmedia.dev\/wp-content\/uploads\/2025\/08\/Imageaufnahmen_WM-Group_Muelheim-6-768x512.jpg 768w, https:\/\/wm-group.heinmedia.dev\/wp-content\/uploads\/2025\/08\/Imageaufnahmen_WM-Group_Muelheim-6-1536x1024.jpg 1536w, https:\/\/wm-group.heinmedia.dev\/wp-content\/uploads\/2025\/08\/Imageaufnahmen_WM-Group_Muelheim-6-2048x1366.jpg 2048w\" sizes=\"auto, (max-width: 2500px) 100vw, 2500px\"><\/div>\n\t<\/div><\/figure>\n\n<\/div><div class=\"bde-div-480-152 bde-div\">\n  \n  \n\t\n\n\n\n<h4 class=\"bde-heading-480-153 bde-heading\">\nZentrale Lage\n<\/h4><p class=\"bde-text-480-154 bde-text\">\nDirekt im Ruhrgebiet gelegen, optimale Anbindung f\u00fcr urbane Distribution und nationale Netzwerke.\n<\/p>\n<\/div><div class=\"bde-div-480-155 bde-div\">\n  \n  \n\t\n\n\n\n<h4 class=\"bde-heading-480-156 bde-heading\">\nOptimale Infrastruktur\n<\/h4><p class=\"bde-text-480-157 bde-text\">\n10.000 m\u00b2 Logistikfl\u00e4che \u2013 flexibel nutzbar f\u00fcr unterschiedliche Branchen.\n<\/p>\n<\/div><div class=\"bde-image-480-158 bde-image\">\n<figure class=\"breakdance-image breakdance-image---1\">\n\t<div class=\"breakdance-image-container\">\n\t\t<div class=\"breakdance-image-clip\"><img decoding=\"async\" class=\"breakdance-image-object\" src=\"https:\/\/wm-group.heinmedia.dev\/wp-content\/uploads\/2024\/06\/17.jpg\"><\/div>\n\t<\/div><\/figure>\n\n<\/div>\n<\/div><\/div>\n<\/section>","protected":false},"excerpt":{"rendered":"<p>M\u00fclheim Zentral, flexibel und ideal f\u00fcr urbane Distribution Fl\u00e4che in m\u00b2 10.000 Hallenh\u00f6he in m\/UKB 10,5 Bodenlast in t\/m\u00b2 5 Unser modernes, dedicated Multi-User-Warehouse im Westen des Ruhrgebiets bietet flexible Lager- und Aktionslogistikl\u00f6sungen fu\u0308r ein eCommerce-Unternehmen mit hochwertiger Outdoor-Bekleidung. Mit motivierten Mitarbeitenden werden bis zu 30.000 Artikel saisonal gehandhabt, Retouren abgewickelt und Sonderverpackungen erstellt, wobei [&hellip;]<\/p>\n","protected":false},"author":248570550,"featured_media":0,"parent":2086,"menu_order":0,"comment_status":"closed","ping_status":"closed","template":"","meta":{"inline_featured_image":false,"_breakdance_hide_in_design_set":false,"_breakdance_tags":"","footnotes":""},"class_list":["post-480","page","type-page","status-publish","hentry"],"meta_box":[],"_links":{"self":[{"href":"https:\/\/wm-group.heinmedia.dev\/en\/wp-json\/wp\/v2\/pages\/480","targetHints":{"allow":["GET"]}}],"collection":[{"href":"https:\/\/wm-group.heinmedia.dev\/en\/wp-json\/wp\/v2\/pages"}],"about":[{"href":"https:\/\/wm-group.heinmedia.dev\/en\/wp-json\/wp\/v2\/types\/page"}],"author":[{"embeddable":true,"href":"https:\/\/wm-group.heinmedia.dev\/en\/wp-json\/wp\/v2\/users\/248570550"}],"replies":[{"embeddable":true,"href":"https:\/\/wm-group.heinmedia.dev\/en\/wp-json\/wp\/v2\/comments?post=480"}],"version-history":[{"count":27,"href":"https:\/\/wm-group.heinmedia.dev\/en\/wp-json\/wp\/v2\/pages\/480\/revisions"}],"predecessor-version":[{"id":2543,"href":"https:\/\/wm-group.heinmedia.dev\/en\/wp-json\/wp\/v2\/pages\/480\/revisions\/2543"}],"up":[{"embeddable":true,"href":"https:\/\/wm-group.heinmedia.dev\/en\/wp-json\/wp\/v2\/pages\/2086"}],"wp:attachment":[{"href":"https:\/\/wm-group.heinmedia.dev\/en\/wp-json\/wp\/v2\/media?parent=480"}],"curies":[{"name":"wp","href":"https:\/\/api.w.org\/{rel}","templated":true}]}}