{"id":463,"date":"2024-05-24T14:26:20","date_gmt":"2024-05-24T12:26:20","guid":{"rendered":"https:\/\/wm-group.heinmedia.dev\/?page_id=463"},"modified":"2025-12-23T17:38:37","modified_gmt":"2025-12-23T16:38:37","slug":"greven","status":"publish","type":"page","link":"https:\/\/wm-group.heinmedia.dev\/en\/logistikstandorte\/greven\/","title":{"rendered":"Greven"},"content":{"rendered":"<section class=\"bde-section-463-100 bde-section\">\n              \n  \n  \n\t\n\n  <div class=\"section-background-overlay\"><\/div>\n\n\n<div class=\"section-container\"><div class=\"bde-text-463-101 bde-text\">\nGreven\n<\/div><h1 class=\"bde-heading-463-102 bde-heading\">\nMultiuser-Standort f\u00fcr Gefahrgut, Tabak und E-Commerce\n<\/h1><\/div>\n<\/section><section class=\"bde-section-463-103 bde-section\">\n  \n  \n\t\n\n\n\n<div class=\"section-container\"><div class=\"bde-grid-463-104 bde-grid\">\n  \n  \n\t\n\n\n\n<div class=\"bde-div-463-105 bde-div\">\n  \n  \n\t\n\n\n\n<div class=\"bde-text-463-106 bde-text\">\nFl\u00e4che in m\u00b2\n<\/div><div class=\"bde-text-463-107 bde-text\">\n40.170\n<\/div><div class=\"bde-fancy-divider-463-108 bde-fancy-divider\">\n\n\n<div class=\"bde-fancy-divider__wrapper\">\n  <div class=\"bde-fancy-divider__separator\">\n  \t  <\/div>\n<\/div>\n\n<\/div>\n<\/div><div class=\"bde-div-463-109 bde-div\">\n  \n  \n\t\n\n\n\n<div class=\"bde-text-463-110 bde-text\">\nMezzanine\/Halle in m\u00b2\n<\/div><div class=\"bde-text-463-111 bde-text\">\n5.000\n<\/div><div class=\"bde-fancy-divider-463-112 bde-fancy-divider\">\n\n\n<div class=\"bde-fancy-divider__wrapper\">\n  <div class=\"bde-fancy-divider__separator\">\n  \t  <\/div>\n<\/div>\n\n<\/div>\n<\/div><div class=\"bde-div-463-113 bde-div\">\n  \n  \n\t\n\n\n\n<div class=\"bde-text-463-114 bde-text\">\nFahrzeuglager in m\u00b2\n<\/div><div class=\"bde-text-463-115 bde-text\">\n200\n<\/div><div class=\"bde-fancy-divider-463-116 bde-fancy-divider\">\n\n\n<div class=\"bde-fancy-divider__wrapper\">\n  <div class=\"bde-fancy-divider__separator\">\n  \t  <\/div>\n<\/div>\n\n<\/div>\n<\/div>\n<\/div><div class=\"bde-columns-463-117 bde-columns\"><div class=\"bde-column-463-118 bde-column\">\n  \n  \n\t\n\n\n\n<div class=\"bde-video-463-119 bde-video\">\n<div class=\"ee-video-container\">\n            <video class=\"ee-video\" src=\"https:\/\/wm-group.heinmedia.dev\/wp-content\/uploads\/2025\/08\/wm_drohne_greven_20250630_1080p.mp4\"\n               autoplay='true'                controls='true'                poster='https:\/\/wm-group.heinmedia.dev\/wp-content\/uploads\/2025\/08\/Greven_1.jpg'                loop='true'                muted='true'                controlslist=\"nodownload\"                playsinline\n>\n        <\/video>\n    \n    <\/div>\n\n<\/div>\n<\/div><div class=\"bde-column-463-120 bde-column\">\n  \n  \n\t\n\n\n\n<div class=\"bde-text-463-175 bde-text\">\nDer 2024 er\u00f6ffnete Multi-User-Standort in Greven bietet auf 44.000 m\u00b2 modernste Logistikfl\u00e4chen. Ob sensible Waren, Gefahrgut (WGK 2 & 3), Tabakprodukte oder E-Commerce \u2013 hier verbinden wir Sicherheit, Effizienz und Skalierbarkeit.<br>Unsere Expertise macht den Unterschied: Track & Trace \u2013 volle Transparenz entlang der Supply Chain Best in Codes: Reading & Processing auf h\u00f6chstem Niveau. Der gr\u00f6\u00dfte Humidor Deutschlands fu\u0308r Tabakprodukte.<br>Mit PV-Anlage, Luft-W\u00e4rmepumpe und DGNB-Gold-Zertifizierung geh\u00f6rt Greven zu den nachhaltigsten Logistikzentren Deutschlands. Dazu kommen optimale Verbindungen: direkte Lage an der A1, kurze Wege zu ARA-Seeh\u00e4fen, internationalen Flugh\u00e4fen und dem nahegelegenen DHL-Hub.\n<\/div><div class=\"bde-grid-463-122 bde-grid\">\n  \n  \n\t\n\n\n\n<div class=\"bde-div-463-123 bde-div\">\n  \n  \n\t\n\n\n\n<div class=\"bde-text-463-124 bde-text\">\nHallenh\u00f6he in m\/UKB\n<\/div><div class=\"bde-text-463-125 bde-text\">\n12,1\n<\/div><div class=\"bde-fancy-divider-463-126 bde-fancy-divider\">\n\n\n<div class=\"bde-fancy-divider__wrapper\">\n  <div class=\"bde-fancy-divider__separator\">\n  \t  <\/div>\n<\/div>\n\n<\/div>\n<\/div><div class=\"bde-div-463-127 bde-div\">\n  \n  \n\t\n\n\n\n<div class=\"bde-text-463-128 bde-text\">\nBodenlast in t\/m\u00b2\n<\/div><div class=\"bde-text-463-129 bde-text\">\n7,5\n<\/div><div class=\"bde-fancy-divider-463-130 bde-fancy-divider\">\n\n\n<div class=\"bde-fancy-divider__wrapper\">\n  <div class=\"bde-fancy-divider__separator\">\n  \t  <\/div>\n<\/div>\n\n<\/div>\n<\/div><div class=\"bde-div-463-131 bde-div\">\n  \n  \n\t\n\n\n\n<div class=\"bde-text-463-132 bde-text\">\nB\u00fcro-\/Sozialr\u00e4ume in m\u00b2\n<\/div><div class=\"bde-text-463-133 bde-text\">\n1.000\n<\/div><div class=\"bde-fancy-divider-463-134 bde-fancy-divider\">\n\n\n<div class=\"bde-fancy-divider__wrapper\">\n  <div class=\"bde-fancy-divider__separator\">\n  \t  <\/div>\n<\/div>\n\n<\/div>\n<\/div><div class=\"bde-div-463-135 bde-div\">\n  \n  \n\t\n\n\n\n<div class=\"bde-text-463-136 bde-text\">\nSektionaltore pro Halle\n<\/div><div class=\"bde-text-463-137 bde-text\">\n4\n<\/div><div class=\"bde-fancy-divider-463-138 bde-fancy-divider\">\n\n\n<div class=\"bde-fancy-divider__wrapper\">\n  <div class=\"bde-fancy-divider__separator\">\n  \t  <\/div>\n<\/div>\n\n<\/div>\n<\/div><div class=\"bde-div-463-159 bde-div\">\n  \n  \n\t\n\n\n\n<div class=\"bde-text-463-160 bde-text\">\nLaderampen pro Halle\n<\/div><div class=\"bde-text-463-161 bde-text\">\n40\n<\/div><div class=\"bde-fancy-divider-463-162 bde-fancy-divider\">\n\n\n<div class=\"bde-fancy-divider__wrapper\">\n  <div class=\"bde-fancy-divider__separator\">\n  \t  <\/div>\n<\/div>\n\n<\/div>\n<\/div><div class=\"bde-div-463-163 bde-div\">\n  \n  \n\t\n\n\n\n<div class=\"bde-text-463-164 bde-text\">\nWGK 2, 3\n<\/div><div class=\"bde-text-463-165 bde-text\">\nja\n<\/div><div class=\"bde-fancy-divider-463-166 bde-fancy-divider\">\n\n\n<div class=\"bde-fancy-divider__wrapper\">\n  <div class=\"bde-fancy-divider__separator\">\n  \t  <\/div>\n<\/div>\n\n<\/div>\n<\/div>\n<\/div>\n<\/div><\/div><\/div>\n<\/section><section class=\"bde-section-463-139 bde-section\">\n  \n  \n\t\n\n\n\n<div class=\"section-container\"><div class=\"bde-grid-463-141 bde-grid\">\n  \n  \n\t\n\n\n\n<div class=\"bde-icon-box-463-142 bde-icon-box\">\n\n    \n            <div class=\"ee-iconbox-icon breakdance-icon-atom\" >\n    \n                    <svg xmlns=\"http:\/\/www.w3.org\/2000\/svg\" id=\"icon-checkmark\" viewbox=\"0 0 32 32\">\n<path d=\"M27 4l-15 15-7-7-5 5 12 12 20-20z\"\/>\n<\/svg>\n        \n        \n        \n            <\/div>\n    \n\n<div class=\"ee-iconbox-content\">\n      <h4 class=\"ee-iconbox-title bde-h3\" >Gefahrgut & sensible Waren<\/h4>\n        <div class=\"ee-iconbox-text\" >Ausgelegt f\u00fcr WGK 2 und 3 sowie feuchtigkeits- und temperatursensitive G\u00fcter \u2013 mit h\u00f6chsten Sicherheitsstandards.<\/div>\n    <\/div>\n\n<\/div><div class=\"bde-icon-box-463-143 bde-icon-box\">\n\n    \n            <div class=\"ee-iconbox-icon breakdance-icon-atom\" >\n    \n                    <svg xmlns=\"http:\/\/www.w3.org\/2000\/svg\" id=\"icon-checkmark\" viewbox=\"0 0 32 32\">\n<path d=\"M27 4l-15 15-7-7-5 5 12 12 20-20z\"\/>\n<\/svg>\n        \n        \n        \n            <\/div>\n    \n\n<div class=\"ee-iconbox-content\">\n      <h4 class=\"ee-iconbox-title bde-h3\" >Tabak- & E-Commerce-Logistik<\/h4>\n        <div class=\"ee-iconbox-text\" >Vom Humidor f\u00fcr Tabakwaren bis zu E-Commerce-Fulfillment: Greven kombiniert Branchenvielfalt mit Prozesssicherheit.<\/div>\n    <\/div>\n\n<\/div><div class=\"bde-icon-box-463-144 bde-icon-box\">\n\n    \n            <div class=\"ee-iconbox-icon breakdance-icon-atom\" >\n    \n                    <svg xmlns=\"http:\/\/www.w3.org\/2000\/svg\" id=\"icon-checkmark\" viewbox=\"0 0 32 32\">\n<path d=\"M27 4l-15 15-7-7-5 5 12 12 20-20z\"\/>\n<\/svg>\n        \n        \n        \n            <\/div>\n    \n\n<div class=\"ee-iconbox-content\">\n      <h4 class=\"ee-iconbox-title bde-h3\" >Nachhaltig & zukunftssicher<\/h4>\n        <div class=\"ee-iconbox-text\" >DGNB-Gold, Photovoltaik und W\u00e4rmepumpe machen Greven zu einem der modernsten und umweltfreundlichsten Logistikzentren Deutschlands.<\/div>\n    <\/div>\n\n<\/div>\n<\/div><\/div>\n<\/section><section class=\"bde-section-463-145 bde-section\">\n  \n  \n\t\n\n\n\n<div class=\"section-container\"><div class=\"bde-grid-463-146 bde-grid\">\n  \n  \n\t\n\n\n\n<h2 class=\"bde-heading-463-147 bde-heading\">\nSpezialisierte Logistik f\u00fcr besondere Anforderungen<br>\n<\/h2><p class=\"bde-text-463-148 bde-text\">\n\u00dcber 40.000 m\u00b2 Lagerfl\u00e4che mit bis zu 12,1 m H\u00f6he und hoher Bodentraglast erm\u00f6glichen effiziente Prozesse im gro\u00dfen Ma\u00dfstab.\n<\/p>\n<\/div><div class=\"bde-grid-463-149 bde-grid\">\n  \n  \n\t\n\n\n\n<div class=\"bde-image-463-150 bde-image\">\n<figure class=\"breakdance-image breakdance-image--3020\">\n\t<div class=\"breakdance-image-container\">\n\t\t<div class=\"breakdance-image-clip\"><img loading=\"lazy\" decoding=\"async\" class=\"breakdance-image-object\" src=\"https:\/\/wm-group.heinmedia.dev\/wp-content\/uploads\/2025\/12\/Imageaufnahmen_WM-Group_Greven-12.jpg\" width=\"2500\" height=\"1667\" srcset=\"https:\/\/wm-group.heinmedia.dev\/wp-content\/uploads\/2025\/12\/Imageaufnahmen_WM-Group_Greven-12.jpg 2500w, https:\/\/wm-group.heinmedia.dev\/wp-content\/uploads\/2025\/12\/Imageaufnahmen_WM-Group_Greven-12-300x200.jpg 300w, https:\/\/wm-group.heinmedia.dev\/wp-content\/uploads\/2025\/12\/Imageaufnahmen_WM-Group_Greven-12-1024x683.jpg 1024w, https:\/\/wm-group.heinmedia.dev\/wp-content\/uploads\/2025\/12\/Imageaufnahmen_WM-Group_Greven-12-768x512.jpg 768w, https:\/\/wm-group.heinmedia.dev\/wp-content\/uploads\/2025\/12\/Imageaufnahmen_WM-Group_Greven-12-1536x1024.jpg 1536w, https:\/\/wm-group.heinmedia.dev\/wp-content\/uploads\/2025\/12\/Imageaufnahmen_WM-Group_Greven-12-2048x1366.jpg 2048w\" sizes=\"auto, (max-width: 2500px) 100vw, 2500px\"><\/div>\n\t<\/div><\/figure>\n\n<\/div><div class=\"bde-image-463-151 bde-image\">\n<figure class=\"breakdance-image breakdance-image--2266\">\n\t<div class=\"breakdance-image-container\">\n\t\t<div class=\"breakdance-image-clip\"><img loading=\"lazy\" decoding=\"async\" class=\"breakdance-image-object\" src=\"https:\/\/wm-group.heinmedia.dev\/wp-content\/uploads\/2025\/08\/Greven_4.jpg\" width=\"2500\" height=\"1667\" srcset=\"https:\/\/wm-group.heinmedia.dev\/wp-content\/uploads\/2025\/08\/Greven_4.jpg 2500w, https:\/\/wm-group.heinmedia.dev\/wp-content\/uploads\/2025\/08\/Greven_4-300x200.jpg 300w, https:\/\/wm-group.heinmedia.dev\/wp-content\/uploads\/2025\/08\/Greven_4-1024x683.jpg 1024w, https:\/\/wm-group.heinmedia.dev\/wp-content\/uploads\/2025\/08\/Greven_4-768x512.jpg 768w, https:\/\/wm-group.heinmedia.dev\/wp-content\/uploads\/2025\/08\/Greven_4-1536x1024.jpg 1536w, https:\/\/wm-group.heinmedia.dev\/wp-content\/uploads\/2025\/08\/Greven_4-2048x1366.jpg 2048w\" sizes=\"auto, (max-width: 2500px) 100vw, 2500px\"><\/div>\n\t<\/div><\/figure>\n\n<\/div><div class=\"bde-div-463-152 bde-div\">\n  \n  \n\t\n\n\n\n<h4 class=\"bde-heading-463-153 bde-heading\">\nKomfortable B\u00fcrofl\u00e4chen\n<\/h4><p class=\"bde-text-463-154 bde-text\">\n1.000 m\u00b2 moderne B\u00fcro- und Sozialr\u00e4ume schaffen ein professionelles Umfeld und unterst\u00fctzen effiziente Abl\u00e4ufe.\n<\/p>\n<\/div><div class=\"bde-div-463-155 bde-div\">\n  \n  \n\t\n\n\n\n<h4 class=\"bde-heading-463-156 bde-heading\">\nKlimatisierter Humidor\n<\/h4><p class=\"bde-text-463-157 bde-text\">\n12.000 m\u00b2 Spezialfl\u00e4che bei kontrollierter Temperatur und Luftfeuchtigkeit sichern die Qualit\u00e4t sensibler Tabakprodukte.\n<\/p>\n<\/div><div class=\"bde-image-463-158 bde-image\">\n<figure class=\"breakdance-image breakdance-image--2265\">\n\t<div class=\"breakdance-image-container\">\n\t\t<div class=\"breakdance-image-clip\"><img loading=\"lazy\" decoding=\"async\" class=\"breakdance-image-object\" src=\"https:\/\/wm-group.heinmedia.dev\/wp-content\/uploads\/2025\/08\/WM-Group-reshots-57.jpg\" width=\"2500\" height=\"1667\" srcset=\"https:\/\/wm-group.heinmedia.dev\/wp-content\/uploads\/2025\/08\/WM-Group-reshots-57.jpg 2500w, https:\/\/wm-group.heinmedia.dev\/wp-content\/uploads\/2025\/08\/WM-Group-reshots-57-300x200.jpg 300w, https:\/\/wm-group.heinmedia.dev\/wp-content\/uploads\/2025\/08\/WM-Group-reshots-57-1024x683.jpg 1024w, https:\/\/wm-group.heinmedia.dev\/wp-content\/uploads\/2025\/08\/WM-Group-reshots-57-768x512.jpg 768w, https:\/\/wm-group.heinmedia.dev\/wp-content\/uploads\/2025\/08\/WM-Group-reshots-57-1536x1024.jpg 1536w, https:\/\/wm-group.heinmedia.dev\/wp-content\/uploads\/2025\/08\/WM-Group-reshots-57-2048x1366.jpg 2048w\" sizes=\"auto, (max-width: 2500px) 100vw, 2500px\"><\/div>\n\t<\/div><\/figure>\n\n<\/div>\n<\/div><\/div>\n<\/section>","protected":false},"excerpt":{"rendered":"<p>Greven Multiuser-Standort f\u00fcr Gefahrgut, Tabak und E-Commerce Fl\u00e4che in m\u00b2 40.170 Mezzanine\/Halle in m\u00b2 5.000 Fahrzeuglager in m\u00b2 200 Der 2024 er\u00f6ffnete Multi-User-Standort in Greven bietet auf 44.000 m\u00b2 modernste Logistikfl\u00e4chen. Ob sensible Waren, Gefahrgut (WGK 2 &#038; 3), Tabakprodukte oder E-Commerce \u2013 hier verbinden wir Sicherheit, Effizienz und Skalierbarkeit.Unsere Expertise macht den Unterschied: Track [&hellip;]<\/p>\n","protected":false},"author":248570550,"featured_media":0,"parent":2086,"menu_order":0,"comment_status":"closed","ping_status":"closed","template":"","meta":{"inline_featured_image":false,"_breakdance_hide_in_design_set":false,"_breakdance_tags":"","footnotes":""},"class_list":["post-463","page","type-page","status-publish","hentry"],"meta_box":[],"_links":{"self":[{"href":"https:\/\/wm-group.heinmedia.dev\/en\/wp-json\/wp\/v2\/pages\/463","targetHints":{"allow":["GET"]}}],"collection":[{"href":"https:\/\/wm-group.heinmedia.dev\/en\/wp-json\/wp\/v2\/pages"}],"about":[{"href":"https:\/\/wm-group.heinmedia.dev\/en\/wp-json\/wp\/v2\/types\/page"}],"author":[{"embeddable":true,"href":"https:\/\/wm-group.heinmedia.dev\/en\/wp-json\/wp\/v2\/users\/248570550"}],"replies":[{"embeddable":true,"href":"https:\/\/wm-group.heinmedia.dev\/en\/wp-json\/wp\/v2\/comments?post=463"}],"version-history":[{"count":34,"href":"https:\/\/wm-group.heinmedia.dev\/en\/wp-json\/wp\/v2\/pages\/463\/revisions"}],"predecessor-version":[{"id":3021,"href":"https:\/\/wm-group.heinmedia.dev\/en\/wp-json\/wp\/v2\/pages\/463\/revisions\/3021"}],"up":[{"embeddable":true,"href":"https:\/\/wm-group.heinmedia.dev\/en\/wp-json\/wp\/v2\/pages\/2086"}],"wp:attachment":[{"href":"https:\/\/wm-group.heinmedia.dev\/en\/wp-json\/wp\/v2\/media?parent=463"}],"curies":[{"name":"wp","href":"https:\/\/api.w.org\/{rel}","templated":true}]}}