{"id":454,"date":"2024-05-24T14:15:56","date_gmt":"2024-05-24T12:15:56","guid":{"rendered":"https:\/\/wm-group.heinmedia.dev\/?page_id=454"},"modified":"2025-12-23T17:44:02","modified_gmt":"2025-12-23T16:44:02","slug":"huenxe","status":"publish","type":"page","link":"https:\/\/wm-group.heinmedia.dev\/en\/logistikstandorte\/huenxe\/","title":{"rendered":"H\u00fcnxe"},"content":{"rendered":"<section class=\"bde-section-454-100 bde-section\">\n              \n  \n  \n\t\n\n  <div class=\"section-background-overlay\"><\/div>\n\n\n<div class=\"section-container\"><div class=\"bde-text-454-101 bde-text\">\nH\u00fcnxe\n<\/div><h1 class=\"bde-heading-454-102 bde-heading\">\nZentral gelegen, flexibel nutzbar und optimal vernetzt.\n<\/h1><\/div>\n<\/section><section class=\"bde-section-454-103 bde-section\">\n  \n  \n\t\n\n\n\n<div class=\"section-container\"><div class=\"bde-grid-454-104 bde-grid\">\n  \n  \n\t\n\n\n\n<div class=\"bde-div-454-105 bde-div\">\n  \n  \n\t\n\n\n\n<div class=\"bde-text-454-106 bde-text\">\nFl\u00e4che in m\u00b2\n<\/div><div class=\"bde-text-454-107 bde-text\">\n12.000\n<\/div><div class=\"bde-fancy-divider-454-108 bde-fancy-divider\">\n\n\n<div class=\"bde-fancy-divider__wrapper\">\n  <div class=\"bde-fancy-divider__separator\">\n  \t  <\/div>\n<\/div>\n\n<\/div>\n<\/div><div class=\"bde-div-454-109 bde-div\">\n  \n  \n\t\n\n\n\n<div class=\"bde-text-454-110 bde-text\">\nHallenh\u00f6he in m\/UKB\n<\/div><div class=\"bde-text-454-111 bde-text\">\n13\n<\/div><div class=\"bde-fancy-divider-454-112 bde-fancy-divider\">\n\n\n<div class=\"bde-fancy-divider__wrapper\">\n  <div class=\"bde-fancy-divider__separator\">\n  \t  <\/div>\n<\/div>\n\n<\/div>\n<\/div><div class=\"bde-div-454-113 bde-div\">\n  \n  \n\t\n\n\n\n<div class=\"bde-text-454-114 bde-text\">\nBodenlast in t\/m\u00b2\n<\/div><div class=\"bde-text-454-115 bde-text\">\n5\n<\/div><div class=\"bde-fancy-divider-454-116 bde-fancy-divider\">\n\n\n<div class=\"bde-fancy-divider__wrapper\">\n  <div class=\"bde-fancy-divider__separator\">\n  \t  <\/div>\n<\/div>\n\n<\/div>\n<\/div>\n<\/div><div class=\"bde-columns-454-117 bde-columns\"><div class=\"bde-column-454-118 bde-column\">\n  \n  \n\t\n\n\n\n<div class=\"bde-video-454-119 bde-video\">\n<div class=\"ee-video-container\">\n            <video class=\"ee-video\" src=\"https:\/\/wm-group.heinmedia.dev\/wp-content\/uploads\/2025\/12\/1223.mp4\"\n               autoplay='true'                controls='true'                                loop='true'                muted='true'                controlslist=\"nodownload\"                playsinline\n>\n        <\/video>\n    \n    <\/div>\n\n<\/div>\n<\/div><div class=\"bde-column-454-120 bde-column\">\n  \n  \n\t\n\n\n\n<p class=\"bde-text-454-121 bde-text\">\nDas 2021 er\u00f6ffnete Logistikzentrum in Hu\u0308nxe bietet effiziente Lagerl\u00f6sungen und flexible Transportm\u00f6glichkeiten. Fu\u0308r einen Baumarkt-Konzern versenden wir Baumaterialien, Garten- und Heimwerkerbedarf direkt an Endkunden oder liefern an die M\u00e4rkte, mit optimaler Anbindung an den Wesel-Datteln-Kanal, Rhein, B8 und A3.\n<\/p><div class=\"bde-grid-454-122 bde-grid\">\n  \n  \n\t\n\n\n\n<div class=\"bde-div-454-123 bde-div\">\n  \n  \n\t\n\n\n\n<div class=\"bde-text-454-124 bde-text\">\nBu\u0308ro-\/Sozialr\u00e4ume in m\u00b2\n<\/div><div class=\"bde-text-454-125 bde-text\">\n920\n<\/div><div class=\"bde-fancy-divider-454-126 bde-fancy-divider\">\n\n\n<div class=\"bde-fancy-divider__wrapper\">\n  <div class=\"bde-fancy-divider__separator\">\n  \t  <\/div>\n<\/div>\n\n<\/div>\n<\/div><div class=\"bde-div-454-127 bde-div\">\n  \n  \n\t\n\n\n\n<div class=\"bde-text-454-128 bde-text\">\nSektionaltore\n<\/div><div class=\"bde-text-454-129 bde-text\">\n18\n<\/div><div class=\"bde-fancy-divider-454-130 bde-fancy-divider\">\n\n\n<div class=\"bde-fancy-divider__wrapper\">\n  <div class=\"bde-fancy-divider__separator\">\n  \t  <\/div>\n<\/div>\n\n<\/div>\n<\/div><div class=\"bde-div-454-131 bde-div\">\n  \n  \n\t\n\n\n\n<div class=\"bde-text-454-132 bde-text\">\nLaderampen\n<\/div><div class=\"bde-text-454-133 bde-text\">\n14\n<\/div><div class=\"bde-fancy-divider-454-134 bde-fancy-divider\">\n\n\n<div class=\"bde-fancy-divider__wrapper\">\n  <div class=\"bde-fancy-divider__separator\">\n  \t  <\/div>\n<\/div>\n\n<\/div>\n<\/div><div class=\"bde-div-454-135 bde-div\">\n  \n  \n\t\n\n\n\n<div class=\"bde-text-454-136 bde-text\">\nLangguttor (10 m)\n<\/div><div class=\"bde-text-454-137 bde-text\">\n1\n<\/div><div class=\"bde-fancy-divider-454-138 bde-fancy-divider\">\n\n\n<div class=\"bde-fancy-divider__wrapper\">\n  <div class=\"bde-fancy-divider__separator\">\n  \t  <\/div>\n<\/div>\n\n<\/div>\n<\/div><div class=\"bde-div-454-159 bde-div\">\n  \n  \n\t\n\n\n\n<div class=\"bde-text-454-160 bde-text\">\nNebenfl\u00e4che in m\u00b2\n<\/div><div class=\"bde-text-454-161 bde-text\">\n4.760\n<\/div><div class=\"bde-fancy-divider-454-162 bde-fancy-divider\">\n\n\n<div class=\"bde-fancy-divider__wrapper\">\n  <div class=\"bde-fancy-divider__separator\">\n  \t  <\/div>\n<\/div>\n\n<\/div>\n<\/div>\n<\/div>\n<\/div><\/div><\/div>\n<\/section><section class=\"bde-section-454-139 bde-section\">\n  \n  \n\t\n\n\n\n<div class=\"section-container\"><h2 class=\"bde-heading-454-140 bde-heading\">\nH\u00fcnxe \u2013 Logistikstandort mit direkter Autobahnanbindung\n<\/h2><div class=\"bde-grid-454-141 bde-grid\">\n  \n  \n\t\n\n\n\n<div class=\"bde-icon-box-454-142 bde-icon-box\">\n\n    \n            <div class=\"ee-iconbox-icon breakdance-icon-atom\" >\n    \n                    <svg xmlns=\"http:\/\/www.w3.org\/2000\/svg\" id=\"icon-checkmark\" viewbox=\"0 0 32 32\">\n<path d=\"M27 4l-15 15-7-7-5 5 12 12 20-20z\"\/>\n<\/svg>\n        \n        \n        \n            <\/div>\n    \n\n<div class=\"ee-iconbox-content\">\n      <h4 class=\"ee-iconbox-title bde-h3\" >Optimale Verkehrsanbindung<\/h4>\n        <div class=\"ee-iconbox-text\" >Direkt an der A3 gelegen, mit schneller Anbindung an H\u00e4fen, Flugh\u00e4fen und die Rhein-Ruhr-Region.<\/div>\n    <\/div>\n\n<\/div><div class=\"bde-icon-box-454-143 bde-icon-box\">\n\n    \n            <div class=\"ee-iconbox-icon breakdance-icon-atom\" >\n    \n                    <svg xmlns=\"http:\/\/www.w3.org\/2000\/svg\" id=\"icon-checkmark\" viewbox=\"0 0 32 32\">\n<path d=\"M27 4l-15 15-7-7-5 5 12 12 20-20z\"\/>\n<\/svg>\n        \n        \n        \n            <\/div>\n    \n\n<div class=\"ee-iconbox-content\">\n      <h4 class=\"ee-iconbox-title bde-h3\" >Flexible Nutzung<\/h4>\n        <div class=\"ee-iconbox-text\" >Multi-User-Konzept mit Fl\u00e4chen f\u00fcr verschiedene Branchen \u2013 von Handel bis Industrie.<\/div>\n    <\/div>\n\n<\/div><div class=\"bde-icon-box-454-144 bde-icon-box\">\n\n    \n            <div class=\"ee-iconbox-icon breakdance-icon-atom\" >\n    \n                    <svg xmlns=\"http:\/\/www.w3.org\/2000\/svg\" id=\"icon-checkmark\" viewbox=\"0 0 32 32\">\n<path d=\"M27 4l-15 15-7-7-5 5 12 12 20-20z\"\/>\n<\/svg>\n        \n        \n        \n            <\/div>\n    \n\n<div class=\"ee-iconbox-content\">\n      <h4 class=\"ee-iconbox-title bde-h3\" >Moderne Ausstattung<\/h4>\n        <div class=\"ee-iconbox-text\" >Hohe Bodenlast, 25 \u00dcberladebr\u00fccken und gro\u00dfz\u00fcgige B\u00fcrofl\u00e4chen sichern effiziente Prozesse.<\/div>\n    <\/div>\n\n<\/div>\n<\/div><\/div>\n<\/section><section class=\"bde-section-454-145 bde-section\">\n  \n  \n\t\n\n\n\n<div class=\"section-container\"><div class=\"bde-grid-454-146 bde-grid\">\n  \n  \n\t\n\n\n\n<h2 class=\"bde-heading-454-147 bde-heading\">\nIhr Logistik-Hub im Rhein-Ruhr-Gebiet\n<\/h2><p class=\"bde-text-454-148 bde-text\">\nDer Standort H\u00fcnxe \u00fcberzeugt durch seine zentrale Lage im Herzen von NRW. Mit direkter Autobahnanbindung und modern ausgestatteten Hallenfl\u00e4chen ist er ideal geeignet f\u00fcr Unternehmen, die eine flexible und leistungsf\u00e4hige Logistikbasis suchen. Ob Handel, Industrie oder E-Commerce \u2013 H\u00fcnxe bietet Kapazit\u00e4ten und Prozesse f\u00fcr unterschiedlichste Anforderungen.\n<\/p>\n<\/div><div class=\"bde-grid-454-149 bde-grid\">\n  \n  \n\t\n\n\n\n<div class=\"bde-image-454-150 bde-image\">\n<figure class=\"breakdance-image breakdance-image---1\">\n\t<div class=\"breakdance-image-container\">\n\t\t<div class=\"breakdance-image-clip\"><img decoding=\"async\" class=\"breakdance-image-object\" src=\"https:\/\/wm-group.heinmedia.dev\/wp-content\/uploads\/2024\/05\/IMG_0390-1536x2048.jpg\"><\/div>\n\t<\/div><\/figure>\n\n<\/div><div class=\"bde-image-454-151 bde-image\">\n<figure class=\"breakdance-image breakdance-image--458\">\n\t<div class=\"breakdance-image-container\">\n\t\t<div class=\"breakdance-image-clip\"><img loading=\"lazy\" decoding=\"async\" class=\"breakdance-image-object\" src=\"https:\/\/wm-group.heinmedia.dev\/wp-content\/uploads\/2024\/05\/IMG_0395-rotated.jpg\" width=\"1440\" height=\"1920\" srcset=\"https:\/\/wm-group.heinmedia.dev\/wp-content\/uploads\/2024\/05\/IMG_0395-rotated.jpg 1440w, https:\/\/wm-group.heinmedia.dev\/wp-content\/uploads\/2024\/05\/IMG_0395-225x300.jpg 225w, https:\/\/wm-group.heinmedia.dev\/wp-content\/uploads\/2024\/05\/IMG_0395-768x1024.jpg 768w, https:\/\/wm-group.heinmedia.dev\/wp-content\/uploads\/2024\/05\/IMG_0395-1152x1536.jpg 1152w, https:\/\/wm-group.heinmedia.dev\/wp-content\/uploads\/2024\/05\/IMG_0395-1536x2048.jpg 1536w, https:\/\/wm-group.heinmedia.dev\/wp-content\/uploads\/2024\/05\/IMG_0395-900x1200.jpg 900w, https:\/\/wm-group.heinmedia.dev\/wp-content\/uploads\/2024\/05\/IMG_0395-600x800.jpg 600w, https:\/\/wm-group.heinmedia.dev\/wp-content\/uploads\/2024\/05\/IMG_0395-450x600.jpg 450w, https:\/\/wm-group.heinmedia.dev\/wp-content\/uploads\/2024\/05\/IMG_0395-300x400.jpg 300w, https:\/\/wm-group.heinmedia.dev\/wp-content\/uploads\/2024\/05\/IMG_0395-150x200.jpg 150w, https:\/\/wm-group.heinmedia.dev\/wp-content\/uploads\/2024\/05\/IMG_0395-1200x1600.jpg 1200w\" sizes=\"auto, (max-width: 1440px) 100vw, 1440px\" alt=\"WM GROUP Standort in H\u00fcnxe | WM GROUP GmbH\"><\/div>\n\t<\/div><\/figure>\n\n<\/div><div class=\"bde-div-454-152 bde-div\">\n  \n  \n\t\n\n\n\n<h4 class=\"bde-heading-454-153 bde-heading\">\nB\u00fcro- und Sozialr\u00e4ume<br>\n<\/h4><p class=\"bde-text-454-154 bde-text\">\n920 m\u00b2 moderne B\u00fcro- und Sozialfl\u00e4chen erg\u00e4nzen die Hallenfl\u00e4chen zu einem Komplettpaket.\n<\/p>\n<\/div><div class=\"bde-div-454-155 bde-div\">\n  \n  \n\t\n\n\n\n<h4 class=\"bde-heading-454-156 bde-heading\">\nModerne Hallenfl\u00e4chen\n<\/h4><p class=\"bde-text-454-157 bde-text\">\nCa. 12.000 m\u00b2 Lager- und Logistikfl\u00e4chen bieten maximale Flexibilit\u00e4t.\n<\/p>\n<\/div><div class=\"bde-image-454-158 bde-image\">\n<figure class=\"breakdance-image breakdance-image--460\">\n\t<div class=\"breakdance-image-container\">\n\t\t<div class=\"breakdance-image-clip\"><img loading=\"lazy\" decoding=\"async\" class=\"breakdance-image-object\" src=\"https:\/\/wm-group.heinmedia.dev\/wp-content\/uploads\/2024\/05\/IMG_0396-rotated.jpg\" width=\"1440\" height=\"1920\" srcset=\"https:\/\/wm-group.heinmedia.dev\/wp-content\/uploads\/2024\/05\/IMG_0396-rotated.jpg 1440w, https:\/\/wm-group.heinmedia.dev\/wp-content\/uploads\/2024\/05\/IMG_0396-225x300.jpg 225w, https:\/\/wm-group.heinmedia.dev\/wp-content\/uploads\/2024\/05\/IMG_0396-768x1024.jpg 768w, https:\/\/wm-group.heinmedia.dev\/wp-content\/uploads\/2024\/05\/IMG_0396-1152x1536.jpg 1152w, https:\/\/wm-group.heinmedia.dev\/wp-content\/uploads\/2024\/05\/IMG_0396-1536x2048.jpg 1536w, https:\/\/wm-group.heinmedia.dev\/wp-content\/uploads\/2024\/05\/IMG_0396-900x1200.jpg 900w, https:\/\/wm-group.heinmedia.dev\/wp-content\/uploads\/2024\/05\/IMG_0396-600x800.jpg 600w, https:\/\/wm-group.heinmedia.dev\/wp-content\/uploads\/2024\/05\/IMG_0396-450x600.jpg 450w, https:\/\/wm-group.heinmedia.dev\/wp-content\/uploads\/2024\/05\/IMG_0396-300x400.jpg 300w, https:\/\/wm-group.heinmedia.dev\/wp-content\/uploads\/2024\/05\/IMG_0396-150x200.jpg 150w, https:\/\/wm-group.heinmedia.dev\/wp-content\/uploads\/2024\/05\/IMG_0396-1200x1600.jpg 1200w\" sizes=\"auto, (max-width: 1440px) 100vw, 1440px\" alt=\"WM GROUP Standort in H\u00fcnxe | WM GROUP GmbH\"><\/div>\n\t<\/div><\/figure>\n\n<\/div>\n<\/div><\/div>\n<\/section>","protected":false},"excerpt":{"rendered":"<p>H\u00fcnxe Zentral gelegen, flexibel nutzbar und optimal vernetzt. Fl\u00e4che in m\u00b2 12.000 Hallenh\u00f6he in m\/UKB 13 Bodenlast in t\/m\u00b2 5 Das 2021 er\u00f6ffnete Logistikzentrum in Hu\u0308nxe bietet effiziente Lagerl\u00f6sungen und flexible Transportm\u00f6glichkeiten. Fu\u0308r einen Baumarkt-Konzern versenden wir Baumaterialien, Garten- und Heimwerkerbedarf direkt an Endkunden oder liefern an die M\u00e4rkte, mit optimaler Anbindung an den Wesel-Datteln-Kanal, [&hellip;]<\/p>\n","protected":false},"author":248570550,"featured_media":0,"parent":2086,"menu_order":0,"comment_status":"closed","ping_status":"closed","template":"","meta":{"inline_featured_image":false,"_breakdance_hide_in_design_set":false,"_breakdance_tags":"","footnotes":""},"class_list":["post-454","page","type-page","status-publish","hentry"],"meta_box":[],"_links":{"self":[{"href":"https:\/\/wm-group.heinmedia.dev\/en\/wp-json\/wp\/v2\/pages\/454","targetHints":{"allow":["GET"]}}],"collection":[{"href":"https:\/\/wm-group.heinmedia.dev\/en\/wp-json\/wp\/v2\/pages"}],"about":[{"href":"https:\/\/wm-group.heinmedia.dev\/en\/wp-json\/wp\/v2\/types\/page"}],"author":[{"embeddable":true,"href":"https:\/\/wm-group.heinmedia.dev\/en\/wp-json\/wp\/v2\/users\/248570550"}],"replies":[{"embeddable":true,"href":"https:\/\/wm-group.heinmedia.dev\/en\/wp-json\/wp\/v2\/comments?post=454"}],"version-history":[{"count":20,"href":"https:\/\/wm-group.heinmedia.dev\/en\/wp-json\/wp\/v2\/pages\/454\/revisions"}],"predecessor-version":[{"id":3025,"href":"https:\/\/wm-group.heinmedia.dev\/en\/wp-json\/wp\/v2\/pages\/454\/revisions\/3025"}],"up":[{"embeddable":true,"href":"https:\/\/wm-group.heinmedia.dev\/en\/wp-json\/wp\/v2\/pages\/2086"}],"wp:attachment":[{"href":"https:\/\/wm-group.heinmedia.dev\/en\/wp-json\/wp\/v2\/media?parent=454"}],"curies":[{"name":"wp","href":"https:\/\/api.w.org\/{rel}","templated":true}]}}