{"id":438,"date":"2024-05-24T13:50:44","date_gmt":"2024-05-24T11:50:44","guid":{"rendered":"https:\/\/wm-group.heinmedia.dev\/?page_id=438"},"modified":"2025-11-26T11:12:43","modified_gmt":"2025-11-26T10:12:43","slug":"hamminkeln","status":"publish","type":"page","link":"https:\/\/wm-group.heinmedia.dev\/en\/logistikstandorte\/hamminkeln\/","title":{"rendered":"Hamminkeln"},"content":{"rendered":"<section class=\"bde-section-438-100 bde-section\">\n              \n  \n  \n\t\n\n  <div class=\"section-background-overlay\"><\/div>\n\n\n<div class=\"section-container\"><div class=\"bde-text-438-101 bde-text\">\nHamminkeln\n<\/div><h1 class=\"bde-heading-438-102 bde-heading\">\nFlexibler Multiuser-Standort f\u00fcr Handel & E-Commerce\n<\/h1><\/div>\n<\/section><section class=\"bde-section-438-103 bde-section\">\n  \n  \n\t\n\n\n\n<div class=\"section-container\"><div class=\"bde-grid-438-104 bde-grid\">\n  \n  \n\t\n\n\n\n<div class=\"bde-div-438-105 bde-div\">\n  \n  \n\t\n\n\n\n<div class=\"bde-text-438-106 bde-text\">\nFl\u00e4che in m\u00b2\n<\/div><div class=\"bde-text-438-107 bde-text\">\n17.150\n<\/div><div class=\"bde-fancy-divider-438-108 bde-fancy-divider\">\n\n\n<div class=\"bde-fancy-divider__wrapper\">\n  <div class=\"bde-fancy-divider__separator\">\n  \t  <\/div>\n<\/div>\n\n<\/div>\n<\/div><div class=\"bde-div-438-109 bde-div\">\n  \n  \n\t\n\n\n\n<div class=\"bde-text-438-110 bde-text\">\nHallenh\u00f6he in m\/UKB\n<\/div><div class=\"bde-text-438-111 bde-text\">\n9\n<\/div><div class=\"bde-fancy-divider-438-112 bde-fancy-divider\">\n\n\n<div class=\"bde-fancy-divider__wrapper\">\n  <div class=\"bde-fancy-divider__separator\">\n  \t  <\/div>\n<\/div>\n\n<\/div>\n<\/div><div class=\"bde-div-438-113 bde-div\">\n  \n  \n\t\n\n\n\n<div class=\"bde-text-438-114 bde-text\">\nBodenlast in t\/m\u00b2\n<\/div><div class=\"bde-text-438-115 bde-text\">\n3\n<\/div><div class=\"bde-fancy-divider-438-116 bde-fancy-divider\">\n\n\n<div class=\"bde-fancy-divider__wrapper\">\n  <div class=\"bde-fancy-divider__separator\">\n  \t  <\/div>\n<\/div>\n\n<\/div>\n<\/div>\n<\/div><div class=\"bde-columns-438-117 bde-columns\"><div class=\"bde-column-438-118 bde-column\">\n  \n  \n\t\n\n\n\n<img decoding=\"async\" class=\"bde-image2-438-159 bde-image2\" src=\"https:\/\/wm-group.heinmedia.dev\/wp-content\/uploads\/2024\/05\/IMG_0317-1536x2048.jpg\" loading=\"lazy\">\n<\/div><div class=\"bde-column-438-120 bde-column\">\n  \n  \n\t\n\n\n\n<p class=\"bde-text-438-121 bde-text\">\nUnser Logistikzentrum in Hamminkeln bietet flexible, skalierbare Lagerfl\u00e4chen und individuelle L\u00f6sungen fu\u0308r Projekte jeder Gr\u00f6\u00dfe. Vor Ort betreuen wir unter anderem einen fu\u0308hrenden Tu\u0308ren-Spezialisten und bieten klassische Kontraktlogistikleistungen wie Wareneingang, Kommissionierung und Verpackung. U. a. unterstu\u0308tzen modernste Exoskelette unsere Mitarbeitenden bei k\u00f6rperlich anspruchsvollen T\u00e4tigkeiten, und die direkte Anbindung an die A3 sowie N\u00e4he zu den ARA-H\u00e4fen sorgt fu\u0308r optimale Vernetzung.\n<\/p><div class=\"bde-grid-438-122 bde-grid\">\n  \n  \n\t\n\n\n\n<div class=\"bde-div-438-123 bde-div\">\n  \n  \n\t\n\n\n\n<div class=\"bde-text-438-124 bde-text\">\nBu\u0308ro-\/Sozialr\u00e4ume in m\u00b2\n<\/div><div class=\"bde-text-438-125 bde-text\">\n650\n<\/div><div class=\"bde-fancy-divider-438-126 bde-fancy-divider\">\n\n\n<div class=\"bde-fancy-divider__wrapper\">\n  <div class=\"bde-fancy-divider__separator\">\n  \t  <\/div>\n<\/div>\n\n<\/div>\n<\/div><div class=\"bde-div-438-127 bde-div\">\n  \n  \n\t\n\n\n\n<div class=\"bde-text-438-128 bde-text\">\nSektionaltore\n<\/div><div class=\"bde-text-438-129 bde-text\">\n5\n<\/div><div class=\"bde-fancy-divider-438-130 bde-fancy-divider\">\n\n\n<div class=\"bde-fancy-divider__wrapper\">\n  <div class=\"bde-fancy-divider__separator\">\n  \t  <\/div>\n<\/div>\n\n<\/div>\n<\/div><div class=\"bde-div-438-131 bde-div\">\n  \n  \n\t\n\n\n\n<div class=\"bde-text-438-132 bde-text\">\nLaderampen\n<\/div><div class=\"bde-text-438-133 bde-text\">\n7\n<\/div><div class=\"bde-fancy-divider-438-134 bde-fancy-divider\">\n\n\n<div class=\"bde-fancy-divider__wrapper\">\n  <div class=\"bde-fancy-divider__separator\">\n  \t  <\/div>\n<\/div>\n\n<\/div>\n<\/div>\n<\/div>\n<\/div><\/div><\/div>\n<\/section><section class=\"bde-section-438-139 bde-section\">\n  \n  \n\t\n\n\n\n<div class=\"section-container\"><h2 class=\"bde-heading-438-140 bde-heading\">\nHamminkeln \u2013 Perfekte Logistikfl\u00e4che mit Skalierungsm\u00f6glichkeiten nach Bedarf.\n<\/h2><div class=\"bde-grid-438-141 bde-grid\">\n  \n  \n\t\n\n\n\n<div class=\"bde-icon-box-438-142 bde-icon-box\">\n\n    \n            <div class=\"ee-iconbox-icon breakdance-icon-atom\" >\n    \n                    <svg xmlns=\"http:\/\/www.w3.org\/2000\/svg\" id=\"icon-checkmark\" viewbox=\"0 0 32 32\">\n<path d=\"M27 4l-15 15-7-7-5 5 12 12 20-20z\"\/>\n<\/svg>\n        \n        \n        \n            <\/div>\n    \n\n<div class=\"ee-iconbox-content\">\n      <h4 class=\"ee-iconbox-title bde-h3\" >Flexible Skalierbarkeit<\/h4>\n        <div class=\"ee-iconbox-text\" >Von kleinen Fl\u00e4chen bis hin zu gro\u00dfvolumigen Projekten \u2013 Hamminkeln passt sich Ihren Anforderungen an.<\/div>\n    <\/div>\n\n<\/div><div class=\"bde-icon-box-438-143 bde-icon-box\">\n\n    \n            <div class=\"ee-iconbox-icon breakdance-icon-atom\" >\n    \n                    <svg xmlns=\"http:\/\/www.w3.org\/2000\/svg\" id=\"icon-checkmark\" viewbox=\"0 0 32 32\">\n<path d=\"M27 4l-15 15-7-7-5 5 12 12 20-20z\"\/>\n<\/svg>\n        \n        \n        \n            <\/div>\n    \n\n<div class=\"ee-iconbox-content\">\n      <h4 class=\"ee-iconbox-title bde-h3\" >Optimale Infrastruktur<\/h4>\n        <div class=\"ee-iconbox-text\" >20 \u00dcberladebr\u00fccken und 5 Sektionaltore sichern reibungslose Abl\u00e4ufe und kurze Umschlagszeiten.<\/div>\n    <\/div>\n\n<\/div><div class=\"bde-icon-box-438-144 bde-icon-box\">\n\n    \n            <div class=\"ee-iconbox-icon breakdance-icon-atom\" >\n    \n                    <svg xmlns=\"http:\/\/www.w3.org\/2000\/svg\" id=\"icon-checkmark\" viewbox=\"0 0 32 32\">\n<path d=\"M27 4l-15 15-7-7-5 5 12 12 20-20z\"\/>\n<\/svg>\n        \n        \n        \n            <\/div>\n    \n\n<div class=\"ee-iconbox-content\">\n      <h4 class=\"ee-iconbox-title bde-h3\" >E-Commerce geeignet<\/h4>\n        <div class=\"ee-iconbox-text\" >Mit modernen Fl\u00e4chen und Multi-User-Nutzung bietet Hamminkeln ideale Voraussetzungen f\u00fcr Handels- und E-Commerce-Unternehmen.<\/div>\n    <\/div>\n\n<\/div>\n<\/div><\/div>\n<\/section><section class=\"bde-section-438-145 bde-section\">\n  \n  \n\t\n\n\n\n<div class=\"section-container\"><div class=\"bde-grid-438-146 bde-grid\">\n  \n  \n\t\n\n\n\n<h2 class=\"bde-heading-438-147 bde-heading\">\nDer Standort f\u00fcr dynamisches Wachstum<br>\n<\/h2><p class=\"bde-text-438-148 bde-text\">\nDas Logistikzentrum Hamminkeln ist auf Flexibilit\u00e4t ausgelegt: ob kleineres Projekt oder gro\u00dffl\u00e4chige Nutzung \u2013 die modulare Struktur erm\u00f6glicht passgenaue L\u00f6sungen f\u00fcr unterschiedliche Branchen. Dank moderner Technik, zentraler Lage und Multi-User-Konzept bietet Hamminkeln die besten Voraussetzungen f\u00fcr effiziente Supply-Chain-Prozesse.\n<\/p>\n<\/div><div class=\"bde-grid-438-149 bde-grid\">\n  \n  \n\t\n\n\n\n<div class=\"bde-image-438-150 bde-image\">\n<figure class=\"breakdance-image breakdance-image---1\">\n\t<div class=\"breakdance-image-container\">\n\t\t<div class=\"breakdance-image-clip\"><img decoding=\"async\" class=\"breakdance-image-object\" src=\"https:\/\/wm-group.heinmedia.dev\/wp-content\/uploads\/2024\/05\/Hallen-Groessenanpassung-5.png\"><\/div>\n\t<\/div><\/figure>\n\n<\/div><div class=\"bde-image-438-151 bde-image\">\n<figure class=\"breakdance-image breakdance-image---1\">\n\t<div class=\"breakdance-image-container\">\n\t\t<div class=\"breakdance-image-clip\"><img decoding=\"async\" class=\"breakdance-image-object\" src=\"https:\/\/wm-group.heinmedia.dev\/wp-content\/uploads\/2024\/05\/IMG_0317-1536x2048.jpg\"><\/div>\n\t<\/div><\/figure>\n\n<\/div><div class=\"bde-div-438-152 bde-div\">\n  \n  \n\t\n\n\n\n<h4 class=\"bde-heading-438-153 bde-heading\">\nB\u00fcro- und Sozialr\u00e4ume\n<\/h4><p class=\"bde-text-438-154 bde-text\">\n650 m\u00b2 moderne B\u00fcro- und Sozialfl\u00e4chen erg\u00e4nzen die Logistikhalle optimal.\n<\/p>\n<\/div><div class=\"bde-div-438-155 bde-div\">\n  \n  \n\t\n\n\n\n<h4 class=\"bde-heading-438-156 bde-heading\">\nModerne Logistikfl\u00e4chen<br>\n<\/h4><p class=\"bde-text-438-157 bde-text\">\n17.150 m\u00b2 nutzbare Hallenfl\u00e4che mit hoher Bodenlast und klarer Struktur f\u00fcr effiziente Abl\u00e4ufe.\n<\/p>\n<\/div><div class=\"bde-image-438-158 bde-image\">\n<figure class=\"breakdance-image breakdance-image---1\">\n\t<div class=\"breakdance-image-container\">\n\t\t<div class=\"breakdance-image-clip\"><img decoding=\"async\" class=\"breakdance-image-object\" src=\"https:\/\/wm-group.heinmedia.dev\/wp-content\/uploads\/2024\/05\/IMG_0331-1536x2048.jpg\"><\/div>\n\t<\/div><\/figure>\n\n<\/div>\n<\/div><\/div>\n<\/section>","protected":false},"excerpt":{"rendered":"<p>Hamminkeln Flexibler Multiuser-Standort f\u00fcr Handel &#038; E-Commerce Fl\u00e4che in m\u00b2 17.150 Hallenh\u00f6he in m\/UKB 9 Bodenlast in t\/m\u00b2 3 Unser Logistikzentrum in Hamminkeln bietet flexible, skalierbare Lagerfl\u00e4chen und individuelle L\u00f6sungen fu\u0308r Projekte jeder Gr\u00f6\u00dfe. Vor Ort betreuen wir unter anderem einen fu\u0308hrenden Tu\u0308ren-Spezialisten und bieten klassische Kontraktlogistikleistungen wie Wareneingang, Kommissionierung und Verpackung. U. a. unterstu\u0308tzen [&hellip;]<\/p>\n","protected":false},"author":248570550,"featured_media":0,"parent":2086,"menu_order":0,"comment_status":"closed","ping_status":"closed","template":"","meta":{"inline_featured_image":false,"_breakdance_hide_in_design_set":false,"_breakdance_tags":"","footnotes":""},"class_list":["post-438","page","type-page","status-publish","hentry"],"meta_box":[],"_links":{"self":[{"href":"https:\/\/wm-group.heinmedia.dev\/en\/wp-json\/wp\/v2\/pages\/438","targetHints":{"allow":["GET"]}}],"collection":[{"href":"https:\/\/wm-group.heinmedia.dev\/en\/wp-json\/wp\/v2\/pages"}],"about":[{"href":"https:\/\/wm-group.heinmedia.dev\/en\/wp-json\/wp\/v2\/types\/page"}],"author":[{"embeddable":true,"href":"https:\/\/wm-group.heinmedia.dev\/en\/wp-json\/wp\/v2\/users\/248570550"}],"replies":[{"embeddable":true,"href":"https:\/\/wm-group.heinmedia.dev\/en\/wp-json\/wp\/v2\/comments?post=438"}],"version-history":[{"count":27,"href":"https:\/\/wm-group.heinmedia.dev\/en\/wp-json\/wp\/v2\/pages\/438\/revisions"}],"predecessor-version":[{"id":2541,"href":"https:\/\/wm-group.heinmedia.dev\/en\/wp-json\/wp\/v2\/pages\/438\/revisions\/2541"}],"up":[{"embeddable":true,"href":"https:\/\/wm-group.heinmedia.dev\/en\/wp-json\/wp\/v2\/pages\/2086"}],"wp:attachment":[{"href":"https:\/\/wm-group.heinmedia.dev\/en\/wp-json\/wp\/v2\/media?parent=438"}],"curies":[{"name":"wp","href":"https:\/\/api.w.org\/{rel}","templated":true}]}}