{"id":434,"date":"2024-05-24T12:50:34","date_gmt":"2024-05-24T10:50:34","guid":{"rendered":"https:\/\/wm-group.heinmedia.dev\/?page_id=434"},"modified":"2025-11-25T08:22:25","modified_gmt":"2025-11-25T07:22:25","slug":"about","status":"publish","type":"page","link":"https:\/\/wm-group.heinmedia.dev\/en\/ueber\/","title":{"rendered":"About"},"content":{"rendered":"<section class=\"bde-section-434-100 bde-section\">\n              \n  \n  \n\t\n\n  <div class=\"section-background-overlay\"><\/div>\n\n\n<div class=\"section-container\"><div class=\"bde-text-434-101 bde-text\">\nFor over 70 years\n<\/div><h1 class=\"bde-heading-434-102 bde-heading\">\nLogistics along the value chain\n<\/h1><\/div>\n<\/section><section class=\"bde-section-434-103 bde-section\">\n  \n  \n\t\n\n\n\n<div class=\"section-container\"><div class=\"bde-columns-434-104 bde-columns\"><div class=\"bde-column-434-105 bde-column\">\n  \n  \n\t\n\n\n\n<h2 class=\"bde-heading-434-106 bde-heading\">\nFrom freight forwarder to end-to-end logistics partner\n<\/h2><img decoding=\"async\" class=\"bde-image2-434-107 bde-image2\" src=\"https:\/\/wm-group.heinmedia.dev\/wp-content\/uploads\/2025\/08\/Greven_1.jpg\" loading=\"lazy\" srcset=\"https:\/\/wm-group.heinmedia.dev\/wp-content\/uploads\/2025\/08\/Greven_1.jpg 2500w, https:\/\/wm-group.heinmedia.dev\/wp-content\/uploads\/2025\/08\/Greven_1-300x200.jpg 300w, https:\/\/wm-group.heinmedia.dev\/wp-content\/uploads\/2025\/08\/Greven_1-1024x683.jpg 1024w, https:\/\/wm-group.heinmedia.dev\/wp-content\/uploads\/2025\/08\/Greven_1-768x512.jpg 768w, https:\/\/wm-group.heinmedia.dev\/wp-content\/uploads\/2025\/08\/Greven_1-1536x1024.jpg 1536w, https:\/\/wm-group.heinmedia.dev\/wp-content\/uploads\/2025\/08\/Greven_1-2048x1366.jpg 2048w\" sizes=\"(max-width: 2500px) 100vw, 2500px\">\n<\/div><div class=\"bde-column-434-108 bde-column\">\n  \n  \n\t\n\n\n\n<div class=\"bde-rich-text-434-109 bde-rich-text breakdance-rich-text-styles\">\n<p>Having grown out of the freight forwarding business, the WM GROUP is now a logistics partner along the entire value chain. We operate around 150,000 m\u00b2 of logistics space at several locations, some of which are highly specialised. We combine modern warehouse logistics with value-added services and packaging as well as global transport solutions via sea and air freight, land transport and customs clearance. We develop customised setups for our customers that scale reliably and measurably improve throughput times and costs. What characterises us: entrepreneurial thinking, short distances and a team that takes responsibility.<\/p>\n<\/div><div class=\"bde-grid-434-110 bde-grid\">\n  \n  \n\t\n\n\n\n<div class=\"bde-div-434-111 bde-div\">\n  \n  \n\t\n\n\n\n<h3 class=\"bde-heading-434-112 bde-heading\">\nOur values\n<\/h3><div class=\"bde-rich-text-434-113 bde-rich-text breakdance-rich-text-styles\">\n<p>With us, it's the word that counts - personally accessible and binding in implementation. We work as equals, with clear communication and reliable agreements. Your success is our top priority - pragmatic, curious and solution-orientated.<\/p>\n<\/div>\n<\/div><div class=\"bde-div-434-114 bde-div\">\n  \n  \n\t\n\n\n\n<h3 class=\"bde-heading-434-115 bde-heading\">\nWhat sets us apart\n<\/h3><div class=\"bde-rich-text-434-116 bde-rich-text breakdance-rich-text-styles\">\n<p>Around 150,000 m\u00b2 of specialised logistics space - scalable to your needs. End-to-end: warehouse, VAS, packaging, transport by sea, air, road and customs. IT-supported processes, measurable KPIs and fixed contacts for transparency.<\/p>\n<\/div>\n<\/div>\n<\/div>\n<\/div><\/div><\/div>\n<\/section>","protected":false},"excerpt":{"rendered":"<p>Seit \u00fcber 70 Jahren Logistik entlang der Wertsch\u00f6pfungskette Von der Spedition zum End-to-End-Logistikpartner Aus der Spedition gewachsen, ist die WM GROUP heute Logistikpartner entlang der gesamten Wertsch\u00f6pfungskette. An mehreren, teils hochspezialisierten Standorten betreiben wir rund 150.000 m\u00b2 Logistikfl\u00e4chen. Wir verbinden moderne Lagerlogistik mit Value Added Services und Packaging sowie globalen Transportl\u00f6sungen \u00fcber See- und Luftfracht, [&hellip;]<\/p>\n","protected":false},"author":248570550,"featured_media":0,"parent":0,"menu_order":0,"comment_status":"closed","ping_status":"closed","template":"","meta":{"inline_featured_image":false,"_breakdance_hide_in_design_set":false,"_breakdance_tags":"","footnotes":""},"class_list":["post-434","page","type-page","status-publish","hentry"],"meta_box":[],"_links":{"self":[{"href":"https:\/\/wm-group.heinmedia.dev\/en\/wp-json\/wp\/v2\/pages\/434","targetHints":{"allow":["GET"]}}],"collection":[{"href":"https:\/\/wm-group.heinmedia.dev\/en\/wp-json\/wp\/v2\/pages"}],"about":[{"href":"https:\/\/wm-group.heinmedia.dev\/en\/wp-json\/wp\/v2\/types\/page"}],"author":[{"embeddable":true,"href":"https:\/\/wm-group.heinmedia.dev\/en\/wp-json\/wp\/v2\/users\/248570550"}],"replies":[{"embeddable":true,"href":"https:\/\/wm-group.heinmedia.dev\/en\/wp-json\/wp\/v2\/comments?post=434"}],"version-history":[{"count":18,"href":"https:\/\/wm-group.heinmedia.dev\/en\/wp-json\/wp\/v2\/pages\/434\/revisions"}],"predecessor-version":[{"id":2936,"href":"https:\/\/wm-group.heinmedia.dev\/en\/wp-json\/wp\/v2\/pages\/434\/revisions\/2936"}],"wp:attachment":[{"href":"https:\/\/wm-group.heinmedia.dev\/en\/wp-json\/wp\/v2\/media?parent=434"}],"curies":[{"name":"wp","href":"https:\/\/api.w.org\/{rel}","templated":true}]}}