{"id":36,"date":"2024-03-27T12:42:11","date_gmt":"2024-03-27T11:42:11","guid":{"rendered":"https:\/\/wm-group.heinmedia.dev\/?page_id=36"},"modified":"2025-11-25T08:24:43","modified_gmt":"2025-11-25T07:24:43","slug":"contact","status":"publish","type":"page","link":"https:\/\/wm-group.heinmedia.dev\/en\/kontakt\/","title":{"rendered":"Contact us"},"content":{"rendered":"<section class=\"bde-section-36-100 bde-section\">\n              \n  \n  \n\t\n\n  <div class=\"section-background-overlay\"><\/div>\n\n\n<div class=\"section-container\"><div class=\"bde-text-36-101 bde-text\">\nDirekter Draht zur WM GROUP\n<\/div><h1 class=\"bde-heading-36-102 bde-heading\">\nKontakt & Beratung \u2013 gemeinsam die passende Logistikl\u00f6sung finden\n<\/h1><\/div>\n<\/section><section class=\"bde-section-36-103 bde-section\">\n  \n  \n\t\n\n\n\n<div class=\"section-container\"><div class=\"bde-columns-36-104 bde-columns\"><div class=\"bde-column-36-105 bde-column\">\n  \n  \n\t\n\n\n\n<div class=\"bde-div-36-106 bde-div\">\n  \n  \n\t\n\n\n\n<div class=\"bde-div-36-107 bde-div\">\n  \n  \n\t\n\n\n\n<p class=\"bde-text-36-109 bde-text\">\nOb Kontraktlogistik, E-Commerce-Fulfillment, Aktions- oder Transportlogistik \u2013 wir finden die passende L\u00f6sung f\u00fcr Ihre Anforderungen. Schreiben Sie uns kurz Ihr Anliegen oder sichern Sie sich direkt einen Gespr\u00e4chstermin.\n<\/p><div class=\"bde-rich-text-36-120 bde-rich-text breakdance-rich-text-styles\">\n<p>Ob Kontraktlogistik, E-Commerce-Fulfillment, Aktions- oder Transportlogistik \u2013 wir finden die passende L\u00f6sung f\u00fcr Ihre Anforderungen. Schreiben Sie uns kurz Ihr Anliegen oder sichern Sie sich direkt einen <a href=\"https:\/\/outlook.office365.com\/book\/JurajPaji@wm-group.com\/?ismsaljsauthenabled=true\" target=\"_blank\" rel=\"noopener\">Gespr\u00e4chstermin<\/a>.<\/p>\n<\/div><div class=\"bde-div-36-116 bde-div\">\n  \n  \n\t\n\n\n\n<p class=\"bde-text-36-117 bde-text\">\nWM GROUP GmbH<br>\n<\/p><div class=\"bde-icon-list-36-118 bde-icon-list\">\n<ul>\n  \n              \n    <li>\n                      \n            \n            \n\n    \n    \n    \n    \n    \n    <a class=\"breakdance-link bde-icon-list__item-wrapper\" href=\"https:\/\/g.co\/kgs\/Jimh8Vt\" target=\"_blank\" data-type=\"url\">\n\n      \n      <span class='bde-icon-list__icon' aria-hidden='true'>\n        <svg xmlns=\"http:\/\/www.w3.org\/2000\/svg\" viewBox=\"0 0 384 512\"><!--! Font Awesome Free 6.5.1 by @fontawesome - https:\/\/fontawesome.com License - https:\/\/fontawesome.com\/license\/free (Icons: CC BY 4.0, Fonts: SIL OFL 1.1, Code: MIT License) Copyright 2023 Fonticons, Inc. --><path d=\"M384 192c0 87.4-117 243-168.3 307.2c-12.3 15.3-35.1 15.3-47.4 0C117 435 0 279.4 0 192C0 86 86 0 192 0S384 86 384 192z\"\/><\/svg>\n      <\/span>\n      <span class='bde-icon-list__text' >\n      Am Gut Baarking 21, 46395 Bocholt\n      <\/span>\n                  <\/a>\n\n      \n    <\/li>\n\n  \n              \n    <li>\n                      \n            \n            \n\n    \n    \n    \n    \n    \n    <a class=\"breakdance-link bde-icon-list__item-wrapper\" href=\"mailto:info@wm-group.com?subject=&body=\" target=\"_self\" data-type=\"contact\"  >\n\n      \n      <span class='bde-icon-list__icon' aria-hidden='true'>\n        <svg xmlns=\"http:\/\/www.w3.org\/2000\/svg\" viewBox=\"0 0 512 512\"><!--! Font Awesome Free 6.5.1 by @fontawesome - https:\/\/fontawesome.com License - https:\/\/fontawesome.com\/license\/free (Icons: CC BY 4.0, Fonts: SIL OFL 1.1, Code: MIT License) Copyright 2023 Fonticons, Inc. --><path d=\"M48 64C21.5 64 0 85.5 0 112c0 15.1 7.1 29.3 19.2 38.4L236.8 313.6c11.4 8.5 27 8.5 38.4 0L492.8 150.4c12.1-9.1 19.2-23.3 19.2-38.4c0-26.5-21.5-48-48-48H48zM0 176V384c0 35.3 28.7 64 64 64H448c35.3 0 64-28.7 64-64V176L294.4 339.2c-22.8 17.1-54 17.1-76.8 0L0 176z\"\/><\/svg>\n      <\/span>\n      <span class='bde-icon-list__text' >\n      info@wm-group.com\n      <\/span>\n                  <\/a>\n\n      \n    <\/li>\n\n  \n              \n    <li>\n                      \n            \n            \n\n    \n    \n    \n    \n    \n    <a class=\"breakdance-link bde-icon-list__item-wrapper\" href=\"tel:+492871289100\" target=\"_self\" data-type=\"contact\"  >\n\n      \n      <span class='bde-icon-list__icon' aria-hidden='true'>\n        <svg xmlns=\"http:\/\/www.w3.org\/2000\/svg\" viewBox=\"0 0 512 512\"><!--! Font Awesome Free 6.5.1 by @fontawesome - https:\/\/fontawesome.com License - https:\/\/fontawesome.com\/license\/free (Icons: CC BY 4.0, Fonts: SIL OFL 1.1, Code: MIT License) Copyright 2023 Fonticons, Inc. --><path d=\"M164.9 24.6c-7.7-18.6-28-28.5-47.4-23.2l-88 24C12.1 30.2 0 46 0 64C0 311.4 200.6 512 448 512c18 0 33.8-12.1 38.6-29.5l24-88c5.3-19.4-4.6-39.7-23.2-47.4l-96-40c-16.3-6.8-35.2-2.1-46.3 11.6L304.7 368C234.3 334.7 177.3 277.7 144 207.3L193.3 167c13.7-11.2 18.4-30 11.6-46.3l-40-96z\"\/><\/svg>\n      <\/span>\n      <span class='bde-icon-list__text' >\n      +49 2871 289 100\n      <\/span>\n                  <\/a>\n\n      \n    <\/li>\n\n  <\/ul>\n\n<\/div>\n<\/div>\n<\/div>\n<\/div>\n<\/div><div class=\"bde-column-36-113 bde-column\">\n  \n  \n\t\n\n\n\n<div class=\"bde-div-36-114 bde-div\">\n  \n  \n\t\n\n\n\n<div class=\"bde-form-builder-36-115 bde-form-builder\">\n\n<form id=\"form-contact115\" class=\"breakdance-form breakdance-form--vertical\" data-options=\"{&quot;slug&quot;:&quot;custom&quot;,&quot;name&quot;:&quot;Form Contact&quot;,&quot;ajaxUrl&quot;:&quot;https:\\\/\\\/wm-group.heinmedia.dev\\\/wp-admin\\\/admin-ajax.php&quot;,&quot;clearOnSuccess&quot;:true,&quot;hideOnSuccess&quot;:false,&quot;successMessage&quot;:&quot;Ihre Nachricht wurde empfangen!&quot;,&quot;errorMessage&quot;:&quot;Etwas ist schief gelaufen&quot;,&quot;redirect&quot;:false,&quot;redirectUrl&quot;:&quot;&quot;,&quot;customJavaScript&quot;:&quot;&quot;,&quot;recaptcha&quot;:{&quot;key&quot;:&quot;&quot;,&quot;enabled&quot;:false},&quot;honeypot_enabled&quot;:true,&quot;popupsOnSuccess&quot;:[],&quot;popupsOnError&quot;:[]}\" data-steps=\"0\" >\n  \n  \n  \n<div class=\"breakdance-form-field breakdance-form-field--text\" >\n    \n    \n            <label class=\"breakdance-form-field__label\" for=\"form-company\">\n            Unternehmen\n        <\/label>\n    \n    <input\n    class=\"breakdance-form-field__input\"\n    id=\"form-company\"\n    aria-describedby=\"form-company\"\n    type=\"text\"\n    name=\"fields[form-company]\"\n    placeholder=\"Unternehmen\"\n    value=\"\"\n                \n        \n        \n    \n    \n    \n    \n    \n    \n>\n\n\n    \n    \n<\/div>\n\n\n<div class=\"breakdance-form-field breakdance-form-field--text\" >\n    \n    \n            <label class=\"breakdance-form-field__label\" for=\"form-fullname\">\n            Name\n        <\/label>\n    \n    <input\n    class=\"breakdance-form-field__input\"\n    id=\"form-fullname\"\n    aria-describedby=\"form-fullname\"\n    type=\"text\"\n    name=\"fields[form-fullname]\"\n    placeholder=\"Vorname Nachname\"\n    value=\"\"\n                \n        \n        \n    \n    \n    \n    \n    \n    \n>\n\n\n    \n    \n<\/div>\n\n\n<div class=\"breakdance-form-field breakdance-form-field--email\" >\n    \n    \n            <label class=\"breakdance-form-field__label\" for=\"form-mail\">\n            E-Mail<span class=\"breakdance-form-field__required\">*<\/span>\n        <\/label>\n    \n    <input\n    class=\"breakdance-form-field__input\"\n    id=\"form-mail\"\n    aria-describedby=\"form-mail\"\n    type=\"email\"\n    name=\"fields[form-mail]\"\n    placeholder=\"E-Mail-Adresse\"\n    value=\"\"\n                \n        \n        \n    required\n    \n    \n    \n    \n    \n>\n\n\n    \n    \n<\/div>\n\n\n<div class=\"breakdance-form-field breakdance-form-field--tel\" >\n    \n    \n            <label class=\"breakdance-form-field__label\" for=\"form-phone\">\n            Telefon\n        <\/label>\n    \n    <input\n    class=\"breakdance-form-field__input\"\n    id=\"form-phone\"\n    aria-describedby=\"form-phone\"\n    type=\"tel\"\n    name=\"fields[form-phone]\"\n    placeholder=\"0170 1234567\"\n    value=\"\"\n                \n        \n        \n    \n    \n    \n    \n    \n    \n>\n\n\n    \n    \n<\/div>\n\n\n<div class=\"breakdance-form-field breakdance-form-field--textarea\" >\n    \n    \n            <label class=\"breakdance-form-field__label\" for=\"form-message\">\n            Nachricht<span class=\"breakdance-form-field__required\">*<\/span>\n        <\/label>\n    \n    <textarea\n    class=\"breakdance-form-field__input\"\n    id=\"form-message\"\n    aria-describedby=\"form-message\"\n    type=\"textarea\"\n    name=\"fields[form-message]\"\n        rows=\"6\"\n        placeholder=\"Ich interessiere mich f\u00fcr ...\"\n    required\n    \n    \n    >\n<\/textarea>\n\n\n    \n    \n<\/div>\n\n\n<div class=\"breakdance-form-field breakdance-form-field--checkbox\" >\n    \n    \n    \n    <fieldset role=\"group\"\n    aria-label=\"Datenschutzhinweise\"\n    >\n       <legend class=\"breakdance-form-field__label\">Datenschutzhinweise<span class=\"breakdance-form-field__required\">*<\/span><\/legend>\n          <div class=\"breakdance-form-checkbox\">\n          <input\n              type=\"checkbox\"\n              name=\"fields[form-privacy-policy]\"\n              value=\"Ich habe die &lt;a href=&quot;\/datenschutzerklaerung&quot; target=&quot;_blank&quot; title=&quot;Datenschutzerkl\u00e4rung&quot;&gt;Datenschutzerkl\u00e4rung&lt;\/a&gt; zur Kenntnis genommen. Ich stimme zu, dass meine Angaben und Daten zur Beantwortung meiner Anfrage elektronisch erhoben und gespeichert werden. Hinweis: Sie k\u00f6nnen Ihre Einwilligung jederzeit f\u00fcr die Zukunft per E-Mail an info@wm-group.com widerrufen.\"\n              id=\"form-privacy-policy-1\"\n              \n              \n                        >\n          <label class=\"breakdance-form-checkbox__text\" for=\"form-privacy-policy-1\">Ich habe die <a href=\"\/datenschutzerklaerung\" target=\"_blank\" title=\"Datenschutzerkl\u00e4rung\">Datenschutzerkl\u00e4rung<\/a> zur Kenntnis genommen. Ich stimme zu, dass meine Angaben und Daten zur Beantwortung meiner Anfrage elektronisch erhoben und gespeichert werden. Hinweis: Sie k\u00f6nnen Ihre Einwilligung jederzeit f\u00fcr die Zukunft per E-Mail an info@wm-group.com widerrufen.<\/label>\n      <\/div>\n  <\/fieldset>\n\n\n\n    \n    \n<\/div>\n\n\n<div class=\"breakdance-form-field breakdance-form-field--hpinput\" >\n    \n    \n            <label class=\"breakdance-form-field__label\" for=\"hpname\">\n            HP Name\n        <\/label>\n    \n    <input\n    class=\"breakdance-form-field__input\"\n    id=\"hpname\"\n    aria-describedby=\"hpname\"\n    type=\"hpinput\"\n    name=\"fields[hpname]\"\n    placeholder=\"\"\n    value=\"\"\n                \n        \n        \n    \n    autocomplete=\"off\"\n    tabindex=\"-1\"\n    \n    \n    \n>\n\n\n    \n    \n<\/div><div class=\"breakdance-form-field breakdance-form-footer\">    \n    \n    \n    \n    \n            \n            <button type=\"submit\" class=\"button-atom button-atom--primary breakdance-form-button breakdance-form-button__submit\"  >\n    \n        <span class=\"button-atom__text\">Anfrage senden<\/span>\n\n        \n        \n            <\/button>\n    \n    <input type=\"hidden\" name=\"form_id\" value=\"115\">\n    <input type=\"hidden\" name=\"post_id\" value=\"36\">\n<\/div>\n\n  \n<\/form>\n\n\n<\/div>\n<\/div>\n<\/div><\/div><\/div>\n<\/section>","protected":false},"excerpt":{"rendered":"<p>Direkter Draht zur WM GROUP Kontakt &#038; Beratung \u2013 gemeinsam die passende Logistikl\u00f6sung finden Ob Kontraktlogistik, E-Commerce-Fulfillment, Aktions- oder Transportlogistik \u2013 wir finden die passende L\u00f6sung f\u00fcr Ihre Anforderungen. Schreiben Sie uns kurz Ihr Anliegen oder sichern Sie sich direkt einen Gespr\u00e4chstermin. Ob Kontraktlogistik, E-Commerce-Fulfillment, Aktions- oder Transportlogistik \u2013 wir finden die passende L\u00f6sung f\u00fcr [&hellip;]<\/p>\n","protected":false},"author":248570550,"featured_media":0,"parent":0,"menu_order":0,"comment_status":"closed","ping_status":"closed","template":"","meta":{"inline_featured_image":false,"_breakdance_hide_in_design_set":false,"_breakdance_tags":"","footnotes":""},"class_list":["post-36","page","type-page","status-publish","hentry"],"meta_box":[],"_links":{"self":[{"href":"https:\/\/wm-group.heinmedia.dev\/en\/wp-json\/wp\/v2\/pages\/36","targetHints":{"allow":["GET"]}}],"collection":[{"href":"https:\/\/wm-group.heinmedia.dev\/en\/wp-json\/wp\/v2\/pages"}],"about":[{"href":"https:\/\/wm-group.heinmedia.dev\/en\/wp-json\/wp\/v2\/types\/page"}],"author":[{"embeddable":true,"href":"https:\/\/wm-group.heinmedia.dev\/en\/wp-json\/wp\/v2\/users\/248570550"}],"replies":[{"embeddable":true,"href":"https:\/\/wm-group.heinmedia.dev\/en\/wp-json\/wp\/v2\/comments?post=36"}],"version-history":[{"count":45,"href":"https:\/\/wm-group.heinmedia.dev\/en\/wp-json\/wp\/v2\/pages\/36\/revisions"}],"predecessor-version":[{"id":2941,"href":"https:\/\/wm-group.heinmedia.dev\/en\/wp-json\/wp\/v2\/pages\/36\/revisions\/2941"}],"wp:attachment":[{"href":"https:\/\/wm-group.heinmedia.dev\/en\/wp-json\/wp\/v2\/media?parent=36"}],"curies":[{"name":"wp","href":"https:\/\/api.w.org\/{rel}","templated":true}]}}