{"id":2752,"date":"2025-09-23T06:33:00","date_gmt":"2025-09-23T04:33:00","guid":{"rendered":"https:\/\/wm-group.heinmedia.dev\/?page_id=2752"},"modified":"2025-12-23T10:08:57","modified_gmt":"2025-12-23T09:08:57","slug":"industry-and-technical-goods","status":"publish","type":"page","link":"https:\/\/wm-group.heinmedia.dev\/en\/industrie-und-technische-gueter\/","title":{"rendered":"Industry and technical goods\u00a0"},"content":{"rendered":"<section class=\"bde-section-2752-100 bde-section\">\n              \n  \n  \n\t\n\n  <div class=\"section-background-overlay\"><\/div>\n\n\n<div class=\"section-container\"><div class=\"bde-text-2752-101 bde-text\">\nEfficiency for complex supply chains\n<\/div><h1 class=\"bde-heading-2752-102 bde-heading\">\nIndustry &amp; technical goods - logistics solutions for the highest demands\n<\/h1><\/div>\n<\/section><section class=\"bde-section-2752-103 bde-section\">\n  \n  \n\t\n\n\n\n<div class=\"section-container\"><div class=\"bde-text-2752-104 bde-text\">\nWe know how diverse the requirements in the industry are - and offer <span>Structures, processes and experience,<\/span> to reliably control your supply chain.\n<\/div><div class=\"bde-grid-2752-105 bde-grid\">\n  \n  \n\t\n\n\n\n<div class=\"bde-rich-text-2752-106 bde-rich-text breakdance-rich-text-styles\">\n<p class=\"p1\">Efficiency where it is needed: The WM GROUP provides logistics services for industrial and technical goods at its modern locations on site or directly INHOUSE - in your own halls.<\/p>\n<p class=\"p1\">From distribution warehouses and customised value-added services to international shipping including customs clearance - we optimise every step of your supply chain. With our value-added services, we create tangible added value, increase efficiency and take the pressure off your processes - so that you can concentrate on your core business.<\/p>\n<\/div><div class=\"bde-div-2752-107 bde-div\">\n  \n  \n\t\n\n\n\n<div class=\"bde-div-2752-108 bde-div\">\n  \n  \n\t\n\n\n\n<div class=\"bde-icon-2752-109 bde-icon\">\n\n    \n            <div class=\"bde-icon-icon breakdance-icon-atom\" >\n    \n                    <svg xmlns=\"http:\/\/www.w3.org\/2000\/svg\" viewbox=\"0 0 576 512\"><!--! Font Awesome Free 6.5.1 by @fontawesome - https:\/\/fontawesome.com License - https:\/\/fontawesome.com\/license\/free (Icons: CC BY 4.0, Fonts: SIL OFL 1.1, Code: MIT License) Copyright 2023 Fonticons, Inc. --><path d=\"M151.6 42.4C145.5 35.8 137 32 128 32s-17.5 3.8-23.6 10.4l-88 96c-11.9 13-11.1 33.3 2 45.2s33.3 11.1 45.2-2L96 146.3V448c0 17.7 14.3 32 32 32s32-14.3 32-32V146.3l32.4 35.4c11.9 13 32.2 13.9 45.2 2s13.9-32.2 2-45.2l-88-96zM320 480h32c17.7 0 32-14.3 32-32s-14.3-32-32-32H320c-17.7 0-32 14.3-32 32s14.3 32 32 32zm0-128h96c17.7 0 32-14.3 32-32s-14.3-32-32-32H320c-17.7 0-32 14.3-32 32s14.3 32 32 32zm0-128H480c17.7 0 32-14.3 32-32s-14.3-32-32-32H320c-17.7 0-32 14.3-32 32s14.3 32 32 32zm0-128H544c17.7 0 32-14.3 32-32s-14.3-32-32-32H320c-17.7 0-32 14.3-32 32s14.3 32 32 32z\"\/><\/svg>\n        \n        \n        \n            <\/div>\n    \n\n\n<\/div><div class=\"bde-text-2752-110 bde-text\">\nFlexibility\n<\/div>\n<\/div><div class=\"bde-div-2752-111 bde-div\">\n  \n  \n\t\n\n\n\n<div class=\"bde-icon-2752-112 bde-icon\">\n\n    \n            <div class=\"bde-icon-icon breakdance-icon-atom\" >\n    \n                    <svg xmlns=\"http:\/\/www.w3.org\/2000\/svg\" id=\"icon-clock\" viewbox=\"0 0 32 32\">\n<path d=\"M20.586 23.414l-6.586-6.586v-8.828h4v7.172l5.414 5.414zM16 0c-8.837 0-16 7.163-16 16s7.163 16 16 16 16-7.163 16-16-7.163-16-16-16zM16 28c-6.627 0-12-5.373-12-12s5.373-12 12-12c6.627 0 12 5.373 12 12s-5.373 12-12 12z\"\/>\n<\/svg>\n        \n        \n        \n            <\/div>\n    \n\n\n<\/div><div class=\"bde-text-2752-113 bde-text\">\nspeed\n<\/div>\n<\/div><div class=\"bde-div-2752-114 bde-div\">\n  \n  \n\t\n\n\n\n<div class=\"bde-icon-2752-115 bde-icon\">\n\n    \n            <div class=\"bde-icon-icon breakdance-icon-atom\" >\n    \n                    <svg xmlns=\"http:\/\/www.w3.org\/2000\/svg\" id=\"icon-search\" viewbox=\"0 0 32 32\">\n<path d=\"M31.008 27.231l-7.58-6.447c-0.784-0.705-1.622-1.029-2.299-0.998 1.789-2.096 2.87-4.815 2.87-7.787 0-6.627-5.373-12-12-12s-12 5.373-12 12 5.373 12 12 12c2.972 0 5.691-1.081 7.787-2.87-0.031 0.677 0.293 1.515 0.998 2.299l6.447 7.58c1.104 1.226 2.907 1.33 4.007 0.23s0.997-2.903-0.23-4.007zM12 20c-4.418 0-8-3.582-8-8s3.582-8 8-8 8 3.582 8 8-3.582 8-8 8z\"\/>\n<\/svg>\n        \n        \n        \n            <\/div>\n    \n\n\n<\/div><div class=\"bde-text-2752-116 bde-text\">\nTransparency\n<\/div>\n<\/div>\n<\/div>\n<\/div><div class=\"bde-gallery-2752-164 bde-gallery\">\n\n\n  \n\n\n\n\n\n\n\n\n\n\n<div class=\"ee-gallery ee-gallery--default ee-gallery--grid ee-gallery--single ee-gallery--lightbox ee-gallery--zoom-in ee-gallery--caption- ee-gallery--caption-none ee-gallery--ratio\">\n                  \n      <a class=\"ee-gallery-item ee-gallery-item--image ee-gallery-item--single\" href=\"https:\/\/wm-group.heinmedia.dev\/wp-content\/uploads\/2025\/09\/WM-Group-Imageaufnahmen-Bocholt-26.jpg\"  data-sub-html=\"<span><\/span>\" data-category=\"1\"                  data-lg-size=\"2500-1667\"\n\n      >\n        <figure class=\"ee-gallery-item-figure\">\n                        <img loading=\"lazy\" decoding=\"async\" class=\"breakdance-image-object\" src=\"https:\/\/wm-group.heinmedia.dev\/wp-content\/uploads\/2025\/09\/WM-Group-Imageaufnahmen-Bocholt-26-768x512.jpg\" width=\"768\" height=\"512\" srcset=\"https:\/\/wm-group.heinmedia.dev\/wp-content\/uploads\/2025\/09\/WM-Group-Imageaufnahmen-Bocholt-26.jpg 2500w, https:\/\/wm-group.heinmedia.dev\/wp-content\/uploads\/2025\/09\/WM-Group-Imageaufnahmen-Bocholt-26-300x200.jpg 300w, https:\/\/wm-group.heinmedia.dev\/wp-content\/uploads\/2025\/09\/WM-Group-Imageaufnahmen-Bocholt-26-1024x683.jpg 1024w, https:\/\/wm-group.heinmedia.dev\/wp-content\/uploads\/2025\/09\/WM-Group-Imageaufnahmen-Bocholt-26-768x512.jpg 768w, https:\/\/wm-group.heinmedia.dev\/wp-content\/uploads\/2025\/09\/WM-Group-Imageaufnahmen-Bocholt-26-1536x1024.jpg 1536w, https:\/\/wm-group.heinmedia.dev\/wp-content\/uploads\/2025\/09\/WM-Group-Imageaufnahmen-Bocholt-26-2048x1366.jpg 2048w\" sizes=\"auto, (max-width: 2500px) 100vw, 2500px\">\n          \n                  <\/figure>\n      <\/a>\n\n                \n      <a class=\"ee-gallery-item ee-gallery-item--image ee-gallery-item--single\" href=\"https:\/\/wm-group.heinmedia.dev\/wp-content\/uploads\/2025\/09\/Wm-Group-Imageaufnahmen-Hamminkeln-41.jpg\"  data-sub-html=\"<span><\/span>\" data-category=\"1\"                  data-lg-size=\"2500-1667\"\n\n      >\n        <figure class=\"ee-gallery-item-figure\">\n                        <img loading=\"lazy\" decoding=\"async\" class=\"breakdance-image-object\" src=\"https:\/\/wm-group.heinmedia.dev\/wp-content\/uploads\/2025\/09\/Wm-Group-Imageaufnahmen-Hamminkeln-41-768x512.jpg\" width=\"768\" height=\"512\" srcset=\"https:\/\/wm-group.heinmedia.dev\/wp-content\/uploads\/2025\/09\/Wm-Group-Imageaufnahmen-Hamminkeln-41.jpg 2500w, https:\/\/wm-group.heinmedia.dev\/wp-content\/uploads\/2025\/09\/Wm-Group-Imageaufnahmen-Hamminkeln-41-300x200.jpg 300w, https:\/\/wm-group.heinmedia.dev\/wp-content\/uploads\/2025\/09\/Wm-Group-Imageaufnahmen-Hamminkeln-41-1024x683.jpg 1024w, https:\/\/wm-group.heinmedia.dev\/wp-content\/uploads\/2025\/09\/Wm-Group-Imageaufnahmen-Hamminkeln-41-768x512.jpg 768w, https:\/\/wm-group.heinmedia.dev\/wp-content\/uploads\/2025\/09\/Wm-Group-Imageaufnahmen-Hamminkeln-41-1536x1024.jpg 1536w, https:\/\/wm-group.heinmedia.dev\/wp-content\/uploads\/2025\/09\/Wm-Group-Imageaufnahmen-Hamminkeln-41-2048x1366.jpg 2048w\" sizes=\"auto, (max-width: 2500px) 100vw, 2500px\">\n          \n                  <\/figure>\n      <\/a>\n\n                \n      <a class=\"ee-gallery-item ee-gallery-item--image ee-gallery-item--single\" href=\"https:\/\/wm-group.heinmedia.dev\/wp-content\/uploads\/2025\/09\/WM-Group-reshots-61.jpg\"  data-sub-html=\"<span><\/span>\" data-category=\"1\"                  data-lg-size=\"2500-1667\"\n\n      >\n        <figure class=\"ee-gallery-item-figure\">\n                        <img loading=\"lazy\" decoding=\"async\" class=\"breakdance-image-object\" src=\"https:\/\/wm-group.heinmedia.dev\/wp-content\/uploads\/2025\/09\/WM-Group-reshots-61-768x512.jpg\" width=\"768\" height=\"512\" srcset=\"https:\/\/wm-group.heinmedia.dev\/wp-content\/uploads\/2025\/09\/WM-Group-reshots-61.jpg 2500w, https:\/\/wm-group.heinmedia.dev\/wp-content\/uploads\/2025\/09\/WM-Group-reshots-61-300x200.jpg 300w, https:\/\/wm-group.heinmedia.dev\/wp-content\/uploads\/2025\/09\/WM-Group-reshots-61-1024x683.jpg 1024w, https:\/\/wm-group.heinmedia.dev\/wp-content\/uploads\/2025\/09\/WM-Group-reshots-61-768x512.jpg 768w, https:\/\/wm-group.heinmedia.dev\/wp-content\/uploads\/2025\/09\/WM-Group-reshots-61-1536x1024.jpg 1536w, https:\/\/wm-group.heinmedia.dev\/wp-content\/uploads\/2025\/09\/WM-Group-reshots-61-2048x1366.jpg 2048w\" sizes=\"auto, (max-width: 2500px) 100vw, 2500px\">\n          \n                  <\/figure>\n      <\/a>\n\n      \n  <\/div>\n\n\n\n<\/div><\/div>\n<\/section><section class=\"bde-section-2752-117 bde-section\">\n  \n  \n\t\n\n\n\n<div class=\"section-container\"><h2 class=\"bde-heading-2752-118 bde-heading\">\nIndustrial logistics that grows with you\n<\/h2><div class=\"bde-grid-2752-119 bde-grid\">\n  \n  \n\t\n\n\n\n<a class=\"bde-container-link-2752-120 bde-container-link breakdance-link\" href=\"#\" target=\"_self\">\n  \n  \n\t\n\n\n\n<div class=\"bde-icon-2752-121 bde-icon\">\n\n    \n            <div class=\"bde-icon-icon breakdance-icon-atom\" >\n    \n                    <svg xmlns=\"http:\/\/www.w3.org\/2000\/svg\" id=\"icon-checkmark\" viewbox=\"0 0 32 32\">\n<path d=\"M27 4l-15 15-7-7-5 5 12 12 20-20z\"\/>\n<\/svg>\n        \n        \n        \n            <\/div>\n    \n\n\n<\/div><h4 class=\"bde-heading-2752-122 bde-heading\">\nDistribution warehouse &amp; transshipment\n<\/h4>\n\n<\/a><a class=\"bde-container-link-2752-123 bde-container-link breakdance-link\" href=\"#\" target=\"_self\">\n  \n  \n\t\n\n\n\n<div class=\"bde-icon-2752-124 bde-icon\">\n\n    \n            <div class=\"bde-icon-icon breakdance-icon-atom\" >\n    \n                    <svg xmlns=\"http:\/\/www.w3.org\/2000\/svg\" id=\"icon-checkmark\" viewbox=\"0 0 32 32\">\n<path d=\"M27 4l-15 15-7-7-5 5 12 12 20-20z\"\/>\n<\/svg>\n        \n        \n        \n            <\/div>\n    \n\n\n<\/div><h4 class=\"bde-heading-2752-125 bde-heading\">\nINHOUSE logistics in your halls\n<\/h4>\n\n<\/a><a class=\"bde-container-link-2752-126 bde-container-link breakdance-link\" href=\"#\" target=\"_self\">\n  \n  \n\t\n\n\n\n<div class=\"bde-icon-2752-127 bde-icon\">\n\n    \n            <div class=\"bde-icon-icon breakdance-icon-atom\" >\n    \n                    <svg xmlns=\"http:\/\/www.w3.org\/2000\/svg\" id=\"icon-checkmark\" viewbox=\"0 0 32 32\">\n<path d=\"M27 4l-15 15-7-7-5 5 12 12 20-20z\"\/>\n<\/svg>\n        \n        \n        \n            <\/div>\n    \n\n\n<\/div><h4 class=\"bde-heading-2752-128 bde-heading\">\nValue Added Services\n<\/h4>\n\n<\/a><a class=\"bde-container-link-2752-129 bde-container-link breakdance-link\" href=\"#\" target=\"_self\">\n  \n  \n\t\n\n\n\n<div class=\"bde-icon-2752-130 bde-icon\">\n\n    \n            <div class=\"bde-icon-icon breakdance-icon-atom\" >\n    \n                    <svg xmlns=\"http:\/\/www.w3.org\/2000\/svg\" id=\"icon-checkmark\" viewbox=\"0 0 32 32\">\n<path d=\"M27 4l-15 15-7-7-5 5 12 12 20-20z\"\/>\n<\/svg>\n        \n        \n        \n            <\/div>\n    \n\n\n<\/div><h4 class=\"bde-heading-2752-131 bde-heading\">\nTechnical handling of bulky goods\n<\/h4>\n\n<\/a><a class=\"bde-container-link-2752-132 bde-container-link breakdance-link\" href=\"#\" target=\"_self\">\n  \n  \n\t\n\n\n\n<div class=\"bde-icon-2752-133 bde-icon\">\n\n    \n            <div class=\"bde-icon-icon breakdance-icon-atom\" >\n    \n                    <svg xmlns=\"http:\/\/www.w3.org\/2000\/svg\" id=\"icon-checkmark\" viewbox=\"0 0 32 32\">\n<path d=\"M27 4l-15 15-7-7-5 5 12 12 20-20z\"\/>\n<\/svg>\n        \n        \n        \n            <\/div>\n    \n\n\n<\/div><h4 class=\"bde-heading-2752-134 bde-heading\">\nCustoms &amp; export handling\n<\/h4>\n\n<\/a><a class=\"bde-container-link-2752-135 bde-container-link breakdance-link\" href=\"#\" target=\"_self\">\n  \n  \n\t\n\n\n\n<div class=\"bde-icon-2752-136 bde-icon\">\n\n    \n            <div class=\"bde-icon-icon breakdance-icon-atom\" >\n    \n                    <svg xmlns=\"http:\/\/www.w3.org\/2000\/svg\" id=\"icon-checkmark\" viewbox=\"0 0 32 32\">\n<path d=\"M27 4l-15 15-7-7-5 5 12 12 20-20z\"\/>\n<\/svg>\n        \n        \n        \n            <\/div>\n    \n\n\n<\/div><h4 class=\"bde-heading-2752-137 bde-heading\">\nNational &amp; international transport management\n<\/h4>\n\n<\/a><a class=\"bde-container-link-2752-138 bde-container-link breakdance-link\" href=\"#\" target=\"_self\">\n  \n  \n\t\n\n\n\n<div class=\"bde-icon-2752-139 bde-icon\">\n\n    \n            <div class=\"bde-icon-icon breakdance-icon-atom\" >\n    \n                    <svg xmlns=\"http:\/\/www.w3.org\/2000\/svg\" id=\"icon-checkmark\" viewbox=\"0 0 32 32\">\n<path d=\"M27 4l-15 15-7-7-5 5 12 12 20-20z\"\/>\n<\/svg>\n        \n        \n        \n            <\/div>\n    \n\n\n<\/div><h4 class=\"bde-heading-2752-140 bde-heading\">\nReturns inspection &amp; re-control\n<\/h4>\n\n<\/a><a class=\"bde-container-link-2752-141 bde-container-link breakdance-link\" href=\"#\" target=\"_self\">\n  \n  \n\t\n\n\n\n<div class=\"bde-icon-2752-142 bde-icon\">\n\n    \n            <div class=\"bde-icon-icon breakdance-icon-atom\" >\n    \n                    <svg xmlns=\"http:\/\/www.w3.org\/2000\/svg\" id=\"icon-checkmark\" viewbox=\"0 0 32 32\">\n<path d=\"M27 4l-15 15-7-7-5 5 12 12 20-20z\"\/>\n<\/svg>\n        \n        \n        \n            <\/div>\n    \n\n\n<\/div><h4 class=\"bde-heading-2752-143 bde-heading\">\nIT integration in ERP &amp; production systems\n<\/h4>\n\n<\/a><a class=\"bde-container-link-2752-144 bde-container-link breakdance-link\" href=\"#\" target=\"_self\">\n  \n  \n\t\n\n\n\n<div class=\"bde-icon-2752-145 bde-icon\">\n\n    \n            <div class=\"bde-icon-icon breakdance-icon-atom\" >\n    \n                    <svg xmlns=\"http:\/\/www.w3.org\/2000\/svg\" id=\"icon-checkmark\" viewbox=\"0 0 32 32\">\n<path d=\"M27 4l-15 15-7-7-5 5 12 12 20-20z\"\/>\n<\/svg>\n        \n        \n        \n            <\/div>\n    \n\n\n<\/div><h4 class=\"bde-heading-2752-146 bde-heading\">\nSustainable logistics\n<\/h4>\n\n<\/a>\n<\/div><p class=\"bde-text-2752-147 bde-text\">\nTalk to us and find out how we can make your fulfilment future-proof.\n<\/p><div class=\"bde-button-2752-148 bde-button\">\n        \n    \n    \n    \n    \n            \n                    \n            \n            \n\n    \n    \n    \n    \n    \n    <a class=\"breakdance-link button-atom button-atom--primary bde-button__button\" href=\"https:\/\/wm-group.heinmedia.dev\/en\/contact\/\" target=\"_self\" data-type=\"url\"  >\n\n    \n        <span class=\"button-atom__text\">Get non-binding advice<\/span>\n\n        \n        \n                <\/a>\n\n    \n\n\n<\/div><\/div>\n<\/section><section class=\"bde-section-2752-149 bde-section\">\n  \n  \n\t\n\n\n\n<div class=\"section-container\"><h2 class=\"bde-heading-2752-150 bde-heading\">\nSuccessful customer projects in industrial logistics\n<\/h2><div class=\"bde-rich-text-2752-151 bde-rich-text breakdance-rich-text-styles\">\n<p class=\"p1\">Many leading companies from the mechanical engineering, automation and electrical engineering sectors have been relying on our logistics expertise for years. We develop customised solutions that are precisely tailored to the requirements of the respective industry.<\/p>\n<\/div><div class=\"bde-code-block-2752-152 bde-code-block\">\n\n\n\n<\/div><div class=\"bde-div-2752-153 bde-div\" data-select=\"gsap-stack\">\n  \n  \n\t\n\n\n\n<div class=\"bde-div-2752-154 bde-div\" data-select=\"item\">\n  \n  \n\t\n\n\n\n<h3 class=\"bde-heading-2752-155 bde-heading\">\nMechanical engineering - INHOUSE-Logistics\n<\/h3>\n<\/div><div class=\"bde-div-2752-156 bde-div\" data-select=\"item\">\n  \n  \n\t\n\n\n\n<h3 class=\"bde-heading-2752-157 bde-heading\">\nAutomation technology - Value Added Services\n<\/h3>\n<\/div><div class=\"bde-div-2752-158 bde-div\" data-select=\"item\">\n  \n  \n\t\n\n\n\n<h3 class=\"bde-heading-2752-159 bde-heading\">\nElectrical engineering - International shipping\n<\/h3>\n<\/div><div class=\"bde-div-2752-160 bde-div\" data-select=\"item\">\n  \n  \n\t\n\n\n\n<h3 class=\"bde-heading-2752-161 bde-heading\">\nBulk goods - special handling\n<\/h3>\n<\/div><div class=\"bde-div-2752-162 bde-div\" data-select=\"item\">\n  \n  \n\t\n\n\n\n<h3 class=\"bde-heading-2752-163 bde-heading\">\nSuppliers - IT integration\n<\/h3>\n<\/div>\n<\/div><\/div>\n<\/section>","protected":false},"excerpt":{"rendered":"<p>Effizienz f\u00fcr komplexe Lieferketten Industrie &#038; Technische G\u00fcter \u2013 Logistikl\u00f6sungen f\u00fcr h\u00f6chste Anspr\u00fcche Wir wissen, wie vielseitig die Anforderungen in der Industrie sind \u2013 und bieten Strukturen, Prozesse und Erfahrung, um Ihre Supply Chain zuverl\u00e4ssig zu steuern. Effizienz dort, wo sie gebraucht wird: Die WM GROUP erbringt f\u00fcr Industrie- und technische G\u00fcter Logistikdienstleistungen an ihren [&hellip;]<\/p>\n","protected":false},"author":248570550,"featured_media":0,"parent":0,"menu_order":0,"comment_status":"closed","ping_status":"closed","template":"","meta":{"inline_featured_image":false,"_breakdance_hide_in_design_set":false,"_breakdance_tags":"","footnotes":""},"class_list":["post-2752","page","type-page","status-publish","hentry"],"meta_box":[],"_links":{"self":[{"href":"https:\/\/wm-group.heinmedia.dev\/en\/wp-json\/wp\/v2\/pages\/2752","targetHints":{"allow":["GET"]}}],"collection":[{"href":"https:\/\/wm-group.heinmedia.dev\/en\/wp-json\/wp\/v2\/pages"}],"about":[{"href":"https:\/\/wm-group.heinmedia.dev\/en\/wp-json\/wp\/v2\/types\/page"}],"author":[{"embeddable":true,"href":"https:\/\/wm-group.heinmedia.dev\/en\/wp-json\/wp\/v2\/users\/248570550"}],"replies":[{"embeddable":true,"href":"https:\/\/wm-group.heinmedia.dev\/en\/wp-json\/wp\/v2\/comments?post=2752"}],"version-history":[{"count":6,"href":"https:\/\/wm-group.heinmedia.dev\/en\/wp-json\/wp\/v2\/pages\/2752\/revisions"}],"predecessor-version":[{"id":2998,"href":"https:\/\/wm-group.heinmedia.dev\/en\/wp-json\/wp\/v2\/pages\/2752\/revisions\/2998"}],"wp:attachment":[{"href":"https:\/\/wm-group.heinmedia.dev\/en\/wp-json\/wp\/v2\/media?parent=2752"}],"curies":[{"name":"wp","href":"https:\/\/api.w.org\/{rel}","templated":true}]}}