{"id":2746,"date":"2025-09-23T06:23:29","date_gmt":"2025-09-23T04:23:29","guid":{"rendered":"https:\/\/wm-group.heinmedia.dev\/?page_id=2746"},"modified":"2025-11-25T08:21:11","modified_gmt":"2025-11-25T07:21:11","slug":"beauty-life-science-healthcare","status":"publish","type":"page","link":"https:\/\/wm-group.heinmedia.dev\/en\/beauty-life-science-healthcare\/","title":{"rendered":"Beauty, Life Science and Healthcare\u00a0"},"content":{"rendered":"<section class=\"bde-section-2746-100 bde-section\">\n              \n  \n  \n\t\n\n  <div class=\"section-background-overlay\"><\/div>\n\n\n<div class=\"section-container\"><div class=\"bde-text-2746-101 bde-text\">\nLogistics with safety &amp; precision\n<\/div><h1 class=\"bde-heading-2746-102 bde-heading\">\nBeauty, Life Science &amp; Healthcare - reliable supply chain solutions\n<\/h1><\/div>\n<\/section><section class=\"bde-section-2746-103 bde-section\">\n  \n  \n\t\n\n\n\n<div class=\"section-container\"><div class=\"bde-text-2746-104 bde-text\">\nProducts for health, care and research require maximum care. We combine certified processes, modern IT and controlled environments - for <span>Quality, transparency and compliance<\/span> along the entire supply chain.\n<\/div><div class=\"bde-grid-2746-105 bde-grid\">\n  \n  \n\t\n\n\n\n<div class=\"bde-rich-text-2746-106 bde-rich-text breakdance-rich-text-styles\">\n<p>Whether cosmetics lines, laboratory consumables or medical-related goods: we develop customised logistics solutions from picking, packaging and international dispatch processing to value-added services. Our own WMS integrates legal track &amp; trace requirements directly into the system - efficiently, audit-proof and traceable at all times. This keeps your processes stable and allows you to focus on your core business.<\/p>\n<\/div><div class=\"bde-div-2746-107 bde-div\">\n  \n  \n\t\n\n\n\n<div class=\"bde-div-2746-108 bde-div\">\n  \n  \n\t\n\n\n\n<div class=\"bde-icon-2746-109 bde-icon\">\n\n    \n            <div class=\"bde-icon-icon breakdance-icon-atom\" >\n    \n                    <svg xmlns=\"http:\/\/www.w3.org\/2000\/svg\" viewbox=\"0 0 576 512\"><!--! Font Awesome Free 6.5.1 by @fontawesome - https:\/\/fontawesome.com License - https:\/\/fontawesome.com\/license\/free (Icons: CC BY 4.0, Fonts: SIL OFL 1.1, Code: MIT License) Copyright 2023 Fonticons, Inc. --><path d=\"M151.6 42.4C145.5 35.8 137 32 128 32s-17.5 3.8-23.6 10.4l-88 96c-11.9 13-11.1 33.3 2 45.2s33.3 11.1 45.2-2L96 146.3V448c0 17.7 14.3 32 32 32s32-14.3 32-32V146.3l32.4 35.4c11.9 13 32.2 13.9 45.2 2s13.9-32.2 2-45.2l-88-96zM320 480h32c17.7 0 32-14.3 32-32s-14.3-32-32-32H320c-17.7 0-32 14.3-32 32s14.3 32 32 32zm0-128h96c17.7 0 32-14.3 32-32s-14.3-32-32-32H320c-17.7 0-32 14.3-32 32s14.3 32 32 32zm0-128H480c17.7 0 32-14.3 32-32s-14.3-32-32-32H320c-17.7 0-32 14.3-32 32s14.3 32 32 32zm0-128H544c17.7 0 32-14.3 32-32s-14.3-32-32-32H320c-17.7 0-32 14.3-32 32s14.3 32 32 32z\"\/><\/svg>\n        \n        \n        \n            <\/div>\n    \n\n\n<\/div><div class=\"bde-text-2746-110 bde-text\">\nFlexibility\n<\/div>\n<\/div><div class=\"bde-div-2746-111 bde-div\">\n  \n  \n\t\n\n\n\n<div class=\"bde-icon-2746-112 bde-icon\">\n\n    \n            <div class=\"bde-icon-icon breakdance-icon-atom\" >\n    \n                    <svg xmlns=\"http:\/\/www.w3.org\/2000\/svg\" id=\"icon-clock\" viewbox=\"0 0 32 32\">\n<path d=\"M20.586 23.414l-6.586-6.586v-8.828h4v7.172l5.414 5.414zM16 0c-8.837 0-16 7.163-16 16s7.163 16 16 16 16-7.163 16-16-7.163-16-16-16zM16 28c-6.627 0-12-5.373-12-12s5.373-12 12-12c6.627 0 12 5.373 12 12s-5.373 12-12 12z\"\/>\n<\/svg>\n        \n        \n        \n            <\/div>\n    \n\n\n<\/div><div class=\"bde-text-2746-113 bde-text\">\nspeed\n<\/div>\n<\/div><div class=\"bde-div-2746-114 bde-div\">\n  \n  \n\t\n\n\n\n<div class=\"bde-icon-2746-115 bde-icon\">\n\n    \n            <div class=\"bde-icon-icon breakdance-icon-atom\" >\n    \n                    <svg xmlns=\"http:\/\/www.w3.org\/2000\/svg\" id=\"icon-search\" viewbox=\"0 0 32 32\">\n<path d=\"M31.008 27.231l-7.58-6.447c-0.784-0.705-1.622-1.029-2.299-0.998 1.789-2.096 2.87-4.815 2.87-7.787 0-6.627-5.373-12-12-12s-12 5.373-12 12 5.373 12 12 12c2.972 0 5.691-1.081 7.787-2.87-0.031 0.677 0.293 1.515 0.998 2.299l6.447 7.58c1.104 1.226 2.907 1.33 4.007 0.23s0.997-2.903-0.23-4.007zM12 20c-4.418 0-8-3.582-8-8s3.582-8 8-8 8 3.582 8 8-3.582 8-8 8z\"\/>\n<\/svg>\n        \n        \n        \n            <\/div>\n    \n\n\n<\/div><div class=\"bde-text-2746-116 bde-text\">\nTransparency\n<\/div>\n<\/div>\n<\/div>\n<\/div><div class=\"bde-gallery-2746-164 bde-gallery\">\n\n\n  \n\n\n\n\n\n\n\n\n\n\n<div class=\"ee-gallery ee-gallery--default ee-gallery--grid ee-gallery--single ee-gallery--lightbox ee-gallery--zoom-in ee-gallery--caption- ee-gallery--caption-none ee-gallery--ratio\">\n                  \n      <a class=\"ee-gallery-item ee-gallery-item--image ee-gallery-item--single\" href=\"https:\/\/wm-group.heinmedia.dev\/wp-content\/uploads\/2025\/09\/IMG_0419.jpeg\"  data-sub-html=\"<span><\/span>\" data-category=\"1\"                  data-lg-size=\"5712-4284\"\n\n      >\n        <figure class=\"ee-gallery-item-figure\">\n                        <img loading=\"lazy\" decoding=\"async\" class=\"breakdance-image-object\" src=\"https:\/\/wm-group.heinmedia.dev\/wp-content\/uploads\/2025\/09\/IMG_0419-768x576.jpeg\" width=\"768\" height=\"576\" srcset=\"https:\/\/wm-group.heinmedia.dev\/wp-content\/uploads\/2025\/09\/IMG_0419.jpeg 5712w, https:\/\/wm-group.heinmedia.dev\/wp-content\/uploads\/2025\/09\/IMG_0419-300x225.jpeg 300w, https:\/\/wm-group.heinmedia.dev\/wp-content\/uploads\/2025\/09\/IMG_0419-1024x768.jpeg 1024w, https:\/\/wm-group.heinmedia.dev\/wp-content\/uploads\/2025\/09\/IMG_0419-768x576.jpeg 768w, https:\/\/wm-group.heinmedia.dev\/wp-content\/uploads\/2025\/09\/IMG_0419-1536x1152.jpeg 1536w, https:\/\/wm-group.heinmedia.dev\/wp-content\/uploads\/2025\/09\/IMG_0419-2048x1536.jpeg 2048w\" sizes=\"auto, (max-width: 5712px) 100vw, 5712px\">\n          \n                  <\/figure>\n      <\/a>\n\n                \n      <a class=\"ee-gallery-item ee-gallery-item--image ee-gallery-item--single\" href=\"https:\/\/wm-group.heinmedia.dev\/wp-content\/uploads\/2025\/09\/WM-Group_burnhard-9webp-Kopie.webp\"  data-sub-html=\"<span><\/span>\" data-category=\"1\"                  data-lg-size=\"1500-1000\"\n\n      >\n        <figure class=\"ee-gallery-item-figure\">\n                        <img loading=\"lazy\" decoding=\"async\" class=\"breakdance-image-object\" src=\"https:\/\/wm-group.heinmedia.dev\/wp-content\/uploads\/2025\/09\/WM-Group_burnhard-9webp-Kopie-768x512.webp\" width=\"768\" height=\"512\" srcset=\"https:\/\/wm-group.heinmedia.dev\/wp-content\/uploads\/2025\/09\/WM-Group_burnhard-9webp-Kopie.webp 1500w, https:\/\/wm-group.heinmedia.dev\/wp-content\/uploads\/2025\/09\/WM-Group_burnhard-9webp-Kopie-300x200.webp 300w, https:\/\/wm-group.heinmedia.dev\/wp-content\/uploads\/2025\/09\/WM-Group_burnhard-9webp-Kopie-1024x683.webp 1024w, https:\/\/wm-group.heinmedia.dev\/wp-content\/uploads\/2025\/09\/WM-Group_burnhard-9webp-Kopie-768x512.webp 768w\" sizes=\"auto, (max-width: 1500px) 100vw, 1500px\">\n          \n                  <\/figure>\n      <\/a>\n\n                \n      <a class=\"ee-gallery-item ee-gallery-item--image ee-gallery-item--single\" href=\"https:\/\/wm-group.heinmedia.dev\/wp-content\/uploads\/2025\/09\/WM-Group-Greven-Imageaufnahmen-75.jpg\"  data-sub-html=\"<span><\/span>\" data-category=\"1\"                  data-lg-size=\"2500-1667\"\n\n      >\n        <figure class=\"ee-gallery-item-figure\">\n                        <img loading=\"lazy\" decoding=\"async\" class=\"breakdance-image-object\" src=\"https:\/\/wm-group.heinmedia.dev\/wp-content\/uploads\/2025\/09\/WM-Group-Greven-Imageaufnahmen-75-768x512.jpg\" width=\"768\" height=\"512\" srcset=\"https:\/\/wm-group.heinmedia.dev\/wp-content\/uploads\/2025\/09\/WM-Group-Greven-Imageaufnahmen-75.jpg 2500w, https:\/\/wm-group.heinmedia.dev\/wp-content\/uploads\/2025\/09\/WM-Group-Greven-Imageaufnahmen-75-300x200.jpg 300w, https:\/\/wm-group.heinmedia.dev\/wp-content\/uploads\/2025\/09\/WM-Group-Greven-Imageaufnahmen-75-1024x683.jpg 1024w, https:\/\/wm-group.heinmedia.dev\/wp-content\/uploads\/2025\/09\/WM-Group-Greven-Imageaufnahmen-75-768x512.jpg 768w, https:\/\/wm-group.heinmedia.dev\/wp-content\/uploads\/2025\/09\/WM-Group-Greven-Imageaufnahmen-75-1536x1024.jpg 1536w, https:\/\/wm-group.heinmedia.dev\/wp-content\/uploads\/2025\/09\/WM-Group-Greven-Imageaufnahmen-75-2048x1366.jpg 2048w\" sizes=\"auto, (max-width: 2500px) 100vw, 2500px\">\n          \n                  <\/figure>\n      <\/a>\n\n      \n  <\/div>\n\n\n\n<\/div><\/div>\n<\/section><section class=\"bde-section-2746-117 bde-section\">\n  \n  \n\t\n\n\n\n<div class=\"section-container\"><h2 class=\"bde-heading-2746-118 bde-heading\">\nLogistics solutions for sensitive flows of goods\n<\/h2><div class=\"bde-grid-2746-119 bde-grid\">\n  \n  \n\t\n\n\n\n<a class=\"bde-container-link-2746-120 bde-container-link breakdance-link\" href=\"#\" target=\"_self\">\n  \n  \n\t\n\n\n\n<div class=\"bde-icon-2746-121 bde-icon\">\n\n    \n            <div class=\"bde-icon-icon breakdance-icon-atom\" >\n    \n                    <svg xmlns=\"http:\/\/www.w3.org\/2000\/svg\" id=\"icon-checkmark\" viewbox=\"0 0 32 32\">\n<path d=\"M27 4l-15 15-7-7-5 5 12 12 20-20z\"\/>\n<\/svg>\n        \n        \n        \n            <\/div>\n    \n\n\n<\/div><h4 class=\"bde-heading-2746-122 bde-heading\">\nPicking &amp; packing\n<\/h4>\n\n<\/a><a class=\"bde-container-link-2746-123 bde-container-link breakdance-link\" href=\"#\" target=\"_self\">\n  \n  \n\t\n\n\n\n<div class=\"bde-icon-2746-124 bde-icon\">\n\n    \n            <div class=\"bde-icon-icon breakdance-icon-atom\" >\n    \n                    <svg xmlns=\"http:\/\/www.w3.org\/2000\/svg\" id=\"icon-checkmark\" viewbox=\"0 0 32 32\">\n<path d=\"M27 4l-15 15-7-7-5 5 12 12 20-20z\"\/>\n<\/svg>\n        \n        \n        \n            <\/div>\n    \n\n\n<\/div><h4 class=\"bde-heading-2746-125 bde-heading\">\nHazardous goods logistics (WGK 2 &amp; 3)\n<\/h4>\n\n<\/a><a class=\"bde-container-link-2746-126 bde-container-link breakdance-link\" href=\"#\" target=\"_self\">\n  \n  \n\t\n\n\n\n<div class=\"bde-icon-2746-127 bde-icon\">\n\n    \n            <div class=\"bde-icon-icon breakdance-icon-atom\" >\n    \n                    <svg xmlns=\"http:\/\/www.w3.org\/2000\/svg\" id=\"icon-checkmark\" viewbox=\"0 0 32 32\">\n<path d=\"M27 4l-15 15-7-7-5 5 12 12 20-20z\"\/>\n<\/svg>\n        \n        \n        \n            <\/div>\n    \n\n\n<\/div><h4 class=\"bde-heading-2746-128 bde-heading\">\nTrack &amp; Trace\n<\/h4>\n\n<\/a><a class=\"bde-container-link-2746-129 bde-container-link breakdance-link\" href=\"#\" target=\"_self\">\n  \n  \n\t\n\n\n\n<div class=\"bde-icon-2746-130 bde-icon\">\n\n    \n            <div class=\"bde-icon-icon breakdance-icon-atom\" >\n    \n                    <svg xmlns=\"http:\/\/www.w3.org\/2000\/svg\" id=\"icon-checkmark\" viewbox=\"0 0 32 32\">\n<path d=\"M27 4l-15 15-7-7-5 5 12 12 20-20z\"\/>\n<\/svg>\n        \n        \n        \n            <\/div>\n    \n\n\n<\/div><h4 class=\"bde-heading-2746-131 bde-heading\">\nValue Added Services\n<\/h4>\n\n<\/a><a class=\"bde-container-link-2746-132 bde-container-link breakdance-link\" href=\"#\" target=\"_self\">\n  \n  \n\t\n\n\n\n<div class=\"bde-icon-2746-133 bde-icon\">\n\n    \n            <div class=\"bde-icon-icon breakdance-icon-atom\" >\n    \n                    <svg xmlns=\"http:\/\/www.w3.org\/2000\/svg\" id=\"icon-checkmark\" viewbox=\"0 0 32 32\">\n<path d=\"M27 4l-15 15-7-7-5 5 12 12 20-20z\"\/>\n<\/svg>\n        \n        \n        \n            <\/div>\n    \n\n\n<\/div><h4 class=\"bde-heading-2746-134 bde-heading\">\nExport &amp; Customs\n<\/h4>\n\n<\/a><a class=\"bde-container-link-2746-135 bde-container-link breakdance-link\" href=\"#\" target=\"_self\">\n  \n  \n\t\n\n\n\n<div class=\"bde-icon-2746-136 bde-icon\">\n\n    \n            <div class=\"bde-icon-icon breakdance-icon-atom\" >\n    \n                    <svg xmlns=\"http:\/\/www.w3.org\/2000\/svg\" id=\"icon-checkmark\" viewbox=\"0 0 32 32\">\n<path d=\"M27 4l-15 15-7-7-5 5 12 12 20-20z\"\/>\n<\/svg>\n        \n        \n        \n            <\/div>\n    \n\n\n<\/div><h4 class=\"bde-heading-2746-137 bde-heading\">\nTemperature\/humidity management\n<\/h4>\n\n<\/a><a class=\"bde-container-link-2746-138 bde-container-link breakdance-link\" href=\"#\" target=\"_self\">\n  \n  \n\t\n\n\n\n<div class=\"bde-icon-2746-139 bde-icon\">\n\n    \n            <div class=\"bde-icon-icon breakdance-icon-atom\" >\n    \n                    <svg xmlns=\"http:\/\/www.w3.org\/2000\/svg\" id=\"icon-checkmark\" viewbox=\"0 0 32 32\">\n<path d=\"M27 4l-15 15-7-7-5 5 12 12 20-20z\"\/>\n<\/svg>\n        \n        \n        \n            <\/div>\n    \n\n\n<\/div><h4 class=\"bde-heading-2746-140 bde-heading\">\nReturns &amp; quality inspection\n<\/h4>\n\n<\/a><a class=\"bde-container-link-2746-141 bde-container-link breakdance-link\" href=\"#\" target=\"_self\">\n  \n  \n\t\n\n\n\n<div class=\"bde-icon-2746-142 bde-icon\">\n\n    \n            <div class=\"bde-icon-icon breakdance-icon-atom\" >\n    \n                    <svg xmlns=\"http:\/\/www.w3.org\/2000\/svg\" id=\"icon-checkmark\" viewbox=\"0 0 32 32\">\n<path d=\"M27 4l-15 15-7-7-5 5 12 12 20-20z\"\/>\n<\/svg>\n        \n        \n        \n            <\/div>\n    \n\n\n<\/div><h4 class=\"bde-heading-2746-143 bde-heading\">\nAutomation &amp; interfaces\n<\/h4>\n\n<\/a><a class=\"bde-container-link-2746-144 bde-container-link breakdance-link\" href=\"#\" target=\"_self\">\n  \n  \n\t\n\n\n\n<div class=\"bde-icon-2746-145 bde-icon\">\n\n    \n            <div class=\"bde-icon-icon breakdance-icon-atom\" >\n    \n                    <svg xmlns=\"http:\/\/www.w3.org\/2000\/svg\" id=\"icon-checkmark\" viewbox=\"0 0 32 32\">\n<path d=\"M27 4l-15 15-7-7-5 5 12 12 20-20z\"\/>\n<\/svg>\n        \n        \n        \n            <\/div>\n    \n\n\n<\/div><h4 class=\"bde-heading-2746-146 bde-heading\">\nSustainable logistics\n<\/h4>\n\n<\/a>\n<\/div><p class=\"bde-text-2746-147 bde-text\">\nTalk to us and find out how we can make your fulfilment future-proof.\n<\/p><div class=\"bde-button-2746-148 bde-button\">\n        \n    \n    \n    \n    \n            \n                    \n            \n            \n\n    \n    \n    \n    \n    \n    <a class=\"breakdance-link button-atom button-atom--primary bde-button__button\" href=\"https:\/\/wm-group.heinmedia.dev\/en\/contact\/\" target=\"_self\" data-type=\"url\"  >\n\n    \n        <span class=\"button-atom__text\">Get non-binding advice<\/span>\n\n        \n        \n                <\/a>\n\n    \n\n\n<\/div><\/div>\n<\/section><section class=\"bde-section-2746-149 bde-section\">\n  \n  \n\t\n\n\n\n<div class=\"section-container\"><h2 class=\"bde-heading-2746-150 bde-heading\">\nEnsure quality &amp; compliance - with the WM GROUP\n<\/h2><div class=\"bde-rich-text-2746-151 bde-rich-text breakdance-rich-text-styles\">\n<p class=\"p1\">Whether it's a cosmetics line, laboratory consumables or medical-related goods: we organise your supply chain safely, efficiently and transparently.<\/p>\n<\/div><div class=\"bde-code-block-2746-152 bde-code-block\">\n\n\n\n<\/div><div class=\"bde-div-2746-153 bde-div\" data-select=\"gsap-stack\">\n  \n  \n\t\n\n\n\n<div class=\"bde-div-2746-154 bde-div\" data-select=\"item\">\n  \n  \n\t\n\n\n\n<h3 class=\"bde-heading-2746-155 bde-heading\">\nCosmetics brand - VAS &amp; Track &amp; Trace\n<\/h3>\n<\/div><div class=\"bde-div-2746-156 bde-div\" data-select=\"item\">\n  \n  \n\t\n\n\n\n<h3 class=\"bde-heading-2746-157 bde-heading\">\nLaboratory supplies - Hazardous materials &amp; export<br>\n<\/h3>\n<\/div><div class=\"bde-div-2746-158 bde-div\" data-select=\"item\">\n  \n  \n\t\n\n\n\n<h3 class=\"bde-heading-2746-159 bde-heading\">\nPremium care - quality-tested returns\n<\/h3>\n<\/div><div class=\"bde-div-2746-160 bde-div\" data-select=\"item\">\n  \n  \n\t\n\n\n\n<h3 class=\"bde-heading-2746-161 bde-heading\">\nMedical-related products - temperature-controlled\n<\/h3>\n<\/div><div class=\"bde-div-2746-162 bde-div\" data-select=\"item\">\n  \n  \n\t\n\n\n\n<h3 class=\"bde-heading-2746-163 bde-heading\">\nInternational provider - IT integration\n<\/h3>\n<\/div>\n<\/div><\/div>\n<\/section>","protected":false},"excerpt":{"rendered":"<p>Logistik mit Sicherheit &#038; Pr\u00e4zision Beauty, Life Science &#038; Healthcare \u2013 zuverl\u00e4ssige Supply-Chain-L\u00f6sungen Produkte f\u00fcr Gesundheit, Pflege und Forschung verlangen maximale Sorgfalt. Wir kombinieren zertifizierte Prozesse, moderne IT und kontrollierte Umgebungen \u2013 f\u00fcr Qualit\u00e4t, Transparenz und Compliance entlang der gesamten Lieferkette. Ob Kosmetiklinien, Laborverbrauchsmaterialien oder medizinnahe G\u00fcter: Wir entwickeln passgenaue Logistikl\u00f6sungen von der Kommissionierung \u00fcber [&hellip;]<\/p>\n","protected":false},"author":248570550,"featured_media":0,"parent":0,"menu_order":0,"comment_status":"closed","ping_status":"closed","template":"","meta":{"inline_featured_image":false,"_breakdance_hide_in_design_set":false,"_breakdance_tags":"","footnotes":""},"class_list":["post-2746","page","type-page","status-publish","hentry"],"meta_box":[],"_links":{"self":[{"href":"https:\/\/wm-group.heinmedia.dev\/en\/wp-json\/wp\/v2\/pages\/2746","targetHints":{"allow":["GET"]}}],"collection":[{"href":"https:\/\/wm-group.heinmedia.dev\/en\/wp-json\/wp\/v2\/pages"}],"about":[{"href":"https:\/\/wm-group.heinmedia.dev\/en\/wp-json\/wp\/v2\/types\/page"}],"author":[{"embeddable":true,"href":"https:\/\/wm-group.heinmedia.dev\/en\/wp-json\/wp\/v2\/users\/248570550"}],"replies":[{"embeddable":true,"href":"https:\/\/wm-group.heinmedia.dev\/en\/wp-json\/wp\/v2\/comments?post=2746"}],"version-history":[{"count":8,"href":"https:\/\/wm-group.heinmedia.dev\/en\/wp-json\/wp\/v2\/pages\/2746\/revisions"}],"predecessor-version":[{"id":2933,"href":"https:\/\/wm-group.heinmedia.dev\/en\/wp-json\/wp\/v2\/pages\/2746\/revisions\/2933"}],"wp:attachment":[{"href":"https:\/\/wm-group.heinmedia.dev\/en\/wp-json\/wp\/v2\/media?parent=2746"}],"curies":[{"name":"wp","href":"https:\/\/api.w.org\/{rel}","templated":true}]}}