{"id":2742,"date":"2025-09-23T06:19:22","date_gmt":"2025-09-23T04:19:22","guid":{"rendered":"https:\/\/wm-group.heinmedia.dev\/?page_id=2742"},"modified":"2025-12-23T10:07:34","modified_gmt":"2025-12-23T09:07:34","slug":"enjoyment-and-food-industry","status":"publish","type":"page","link":"https:\/\/wm-group.heinmedia.dev\/en\/genuss-und-lebensmittelindustrie\/","title":{"rendered":"Indulgence and the food industry\u00a0"},"content":{"rendered":"<section class=\"bde-section-2742-100 bde-section\">\n              \n  \n  \n\t\n\n  <div class=\"section-background-overlay\"><\/div>\n\n\n<div class=\"section-container\"><div class=\"bde-text-2742-101 bde-text\">\nGermany's largest humidor\n<\/div><h1 class=\"bde-heading-2742-102 bde-heading\">\nLogistics expertise for the food &amp; beverage industry\n<\/h1><\/div>\n<\/section><section class=\"bde-section-2742-103 bde-section\">\n  \n  \n\t\n\n\n\n<div class=\"section-container\"><div class=\"bde-text-2742-104 bde-text\">\nWe know how important <span>Quality, safety and efficiency<\/span> in the food and beverage industry - and offer you the structures, processes and systems to reliably fulfil these requirements.\n<\/div><div class=\"bde-grid-2742-105 bde-grid\">\n  \n  \n\t\n\n\n\n<div class=\"bde-rich-text-2742-106 bde-rich-text breakdance-rich-text-styles\">\n<p>Whether tobacco, delicatessen or sensitive foods: with state-of-the-art climate control technology, specially secured storage areas and innovative IT solutions, the WM GROUP ensures maximum product safety and seamless traceability. One highlight is Germany's largest humidor in Greven - unique in its dimensions and technology. With our own WMS, including an integrated track &amp; trace connection, we ensure 100 % compliance and maximum transparency along the entire supply chain.<\/p>\n<\/div><div class=\"bde-div-2742-107 bde-div\">\n  \n  \n\t\n\n\n\n<div class=\"bde-div-2742-108 bde-div\">\n  \n  \n\t\n\n\n\n<div class=\"bde-icon-2742-109 bde-icon\">\n\n    \n            <div class=\"bde-icon-icon breakdance-icon-atom\" >\n    \n                    <svg xmlns=\"http:\/\/www.w3.org\/2000\/svg\" viewbox=\"0 0 576 512\"><!--! Font Awesome Free 6.5.1 by @fontawesome - https:\/\/fontawesome.com License - https:\/\/fontawesome.com\/license\/free (Icons: CC BY 4.0, Fonts: SIL OFL 1.1, Code: MIT License) Copyright 2023 Fonticons, Inc. --><path d=\"M151.6 42.4C145.5 35.8 137 32 128 32s-17.5 3.8-23.6 10.4l-88 96c-11.9 13-11.1 33.3 2 45.2s33.3 11.1 45.2-2L96 146.3V448c0 17.7 14.3 32 32 32s32-14.3 32-32V146.3l32.4 35.4c11.9 13 32.2 13.9 45.2 2s13.9-32.2 2-45.2l-88-96zM320 480h32c17.7 0 32-14.3 32-32s-14.3-32-32-32H320c-17.7 0-32 14.3-32 32s14.3 32 32 32zm0-128h96c17.7 0 32-14.3 32-32s-14.3-32-32-32H320c-17.7 0-32 14.3-32 32s14.3 32 32 32zm0-128H480c17.7 0 32-14.3 32-32s-14.3-32-32-32H320c-17.7 0-32 14.3-32 32s14.3 32 32 32zm0-128H544c17.7 0 32-14.3 32-32s-14.3-32-32-32H320c-17.7 0-32 14.3-32 32s14.3 32 32 32z\"\/><\/svg>\n        \n        \n        \n            <\/div>\n    \n\n\n<\/div><div class=\"bde-text-2742-110 bde-text\">\nFlexibility\n<\/div>\n<\/div><div class=\"bde-div-2742-111 bde-div\">\n  \n  \n\t\n\n\n\n<div class=\"bde-icon-2742-112 bde-icon\">\n\n    \n            <div class=\"bde-icon-icon breakdance-icon-atom\" >\n    \n                    <svg xmlns=\"http:\/\/www.w3.org\/2000\/svg\" id=\"icon-clock\" viewbox=\"0 0 32 32\">\n<path d=\"M20.586 23.414l-6.586-6.586v-8.828h4v7.172l5.414 5.414zM16 0c-8.837 0-16 7.163-16 16s7.163 16 16 16 16-7.163 16-16-7.163-16-16-16zM16 28c-6.627 0-12-5.373-12-12s5.373-12 12-12c6.627 0 12 5.373 12 12s-5.373 12-12 12z\"\/>\n<\/svg>\n        \n        \n        \n            <\/div>\n    \n\n\n<\/div><div class=\"bde-text-2742-113 bde-text\">\nspeed\n<\/div>\n<\/div><div class=\"bde-div-2742-114 bde-div\">\n  \n  \n\t\n\n\n\n<div class=\"bde-icon-2742-115 bde-icon\">\n\n    \n            <div class=\"bde-icon-icon breakdance-icon-atom\" >\n    \n                    <svg xmlns=\"http:\/\/www.w3.org\/2000\/svg\" id=\"icon-search\" viewbox=\"0 0 32 32\">\n<path d=\"M31.008 27.231l-7.58-6.447c-0.784-0.705-1.622-1.029-2.299-0.998 1.789-2.096 2.87-4.815 2.87-7.787 0-6.627-5.373-12-12-12s-12 5.373-12 12 5.373 12 12 12c2.972 0 5.691-1.081 7.787-2.87-0.031 0.677 0.293 1.515 0.998 2.299l6.447 7.58c1.104 1.226 2.907 1.33 4.007 0.23s0.997-2.903-0.23-4.007zM12 20c-4.418 0-8-3.582-8-8s3.582-8 8-8 8 3.582 8 8-3.582 8-8 8z\"\/>\n<\/svg>\n        \n        \n        \n            <\/div>\n    \n\n\n<\/div><div class=\"bde-text-2742-116 bde-text\">\nTransparency\n<\/div>\n<\/div>\n<\/div>\n<\/div><div class=\"bde-gallery-2742-164 bde-gallery\">\n\n\n  \n\n\n\n\n\n\n\n\n\n\n<div class=\"ee-gallery ee-gallery--default ee-gallery--grid ee-gallery--single ee-gallery--lightbox ee-gallery--zoom-in ee-gallery--caption- ee-gallery--caption-none ee-gallery--ratio\">\n                  \n      <a class=\"ee-gallery-item ee-gallery-item--image ee-gallery-item--single\" href=\"https:\/\/wm-group.heinmedia.dev\/wp-content\/uploads\/2025\/09\/Imageaufnahmen_WM-Group_Greven-85.jpg\"  data-sub-html=\"<span><\/span>\" data-category=\"1\"                  data-lg-size=\"2500-1667\"\n\n      >\n        <figure class=\"ee-gallery-item-figure\">\n                        <img loading=\"lazy\" decoding=\"async\" class=\"breakdance-image-object\" src=\"https:\/\/wm-group.heinmedia.dev\/wp-content\/uploads\/2025\/09\/Imageaufnahmen_WM-Group_Greven-85-768x512.jpg\" width=\"768\" height=\"512\" srcset=\"https:\/\/wm-group.heinmedia.dev\/wp-content\/uploads\/2025\/09\/Imageaufnahmen_WM-Group_Greven-85.jpg 2500w, https:\/\/wm-group.heinmedia.dev\/wp-content\/uploads\/2025\/09\/Imageaufnahmen_WM-Group_Greven-85-300x200.jpg 300w, https:\/\/wm-group.heinmedia.dev\/wp-content\/uploads\/2025\/09\/Imageaufnahmen_WM-Group_Greven-85-1024x683.jpg 1024w, https:\/\/wm-group.heinmedia.dev\/wp-content\/uploads\/2025\/09\/Imageaufnahmen_WM-Group_Greven-85-768x512.jpg 768w, https:\/\/wm-group.heinmedia.dev\/wp-content\/uploads\/2025\/09\/Imageaufnahmen_WM-Group_Greven-85-1536x1024.jpg 1536w, https:\/\/wm-group.heinmedia.dev\/wp-content\/uploads\/2025\/09\/Imageaufnahmen_WM-Group_Greven-85-2048x1366.jpg 2048w\" sizes=\"auto, (max-width: 2500px) 100vw, 2500px\">\n          \n                  <\/figure>\n      <\/a>\n\n                \n      <a class=\"ee-gallery-item ee-gallery-item--image ee-gallery-item--single\" href=\"https:\/\/wm-group.heinmedia.dev\/wp-content\/uploads\/2025\/09\/WM-Group-reshots-58.jpg\"  data-sub-html=\"<span><\/span>\" data-category=\"1\"                  data-lg-size=\"2500-1667\"\n\n      >\n        <figure class=\"ee-gallery-item-figure\">\n                        <img loading=\"lazy\" decoding=\"async\" class=\"breakdance-image-object\" src=\"https:\/\/wm-group.heinmedia.dev\/wp-content\/uploads\/2025\/09\/WM-Group-reshots-58-768x512.jpg\" width=\"768\" height=\"512\" srcset=\"https:\/\/wm-group.heinmedia.dev\/wp-content\/uploads\/2025\/09\/WM-Group-reshots-58.jpg 2500w, https:\/\/wm-group.heinmedia.dev\/wp-content\/uploads\/2025\/09\/WM-Group-reshots-58-300x200.jpg 300w, https:\/\/wm-group.heinmedia.dev\/wp-content\/uploads\/2025\/09\/WM-Group-reshots-58-1024x683.jpg 1024w, https:\/\/wm-group.heinmedia.dev\/wp-content\/uploads\/2025\/09\/WM-Group-reshots-58-768x512.jpg 768w, https:\/\/wm-group.heinmedia.dev\/wp-content\/uploads\/2025\/09\/WM-Group-reshots-58-1536x1024.jpg 1536w, https:\/\/wm-group.heinmedia.dev\/wp-content\/uploads\/2025\/09\/WM-Group-reshots-58-2048x1366.jpg 2048w\" sizes=\"auto, (max-width: 2500px) 100vw, 2500px\">\n          \n                  <\/figure>\n      <\/a>\n\n                \n      <a class=\"ee-gallery-item ee-gallery-item--image ee-gallery-item--single\" href=\"https:\/\/wm-group.heinmedia.dev\/wp-content\/uploads\/2025\/09\/WM-Group-Greven-Imageaufnahmen-43.jpg\"  data-sub-html=\"<span><\/span>\" data-category=\"1\"                  data-lg-size=\"2500-1667\"\n\n      >\n        <figure class=\"ee-gallery-item-figure\">\n                        <img loading=\"lazy\" decoding=\"async\" class=\"breakdance-image-object\" src=\"https:\/\/wm-group.heinmedia.dev\/wp-content\/uploads\/2025\/09\/WM-Group-Greven-Imageaufnahmen-43-768x512.jpg\" width=\"768\" height=\"512\" srcset=\"https:\/\/wm-group.heinmedia.dev\/wp-content\/uploads\/2025\/09\/WM-Group-Greven-Imageaufnahmen-43.jpg 2500w, https:\/\/wm-group.heinmedia.dev\/wp-content\/uploads\/2025\/09\/WM-Group-Greven-Imageaufnahmen-43-300x200.jpg 300w, https:\/\/wm-group.heinmedia.dev\/wp-content\/uploads\/2025\/09\/WM-Group-Greven-Imageaufnahmen-43-1024x683.jpg 1024w, https:\/\/wm-group.heinmedia.dev\/wp-content\/uploads\/2025\/09\/WM-Group-Greven-Imageaufnahmen-43-768x512.jpg 768w, https:\/\/wm-group.heinmedia.dev\/wp-content\/uploads\/2025\/09\/WM-Group-Greven-Imageaufnahmen-43-1536x1024.jpg 1536w, https:\/\/wm-group.heinmedia.dev\/wp-content\/uploads\/2025\/09\/WM-Group-Greven-Imageaufnahmen-43-2048x1366.jpg 2048w\" sizes=\"auto, (max-width: 2500px) 100vw, 2500px\">\n          \n                  <\/figure>\n      <\/a>\n\n      \n  <\/div>\n\n\n\n<\/div><\/div>\n<\/section><section class=\"bde-section-2742-117 bde-section\">\n  \n  \n\t\n\n\n\n<div class=\"section-container\"><h2 class=\"bde-heading-2742-118 bde-heading\">\nLogistics solutions for sensitive flows of goods\n<\/h2><div class=\"bde-grid-2742-119 bde-grid\">\n  \n  \n\t\n\n\n\n<a class=\"bde-container-link-2742-120 bde-container-link breakdance-link\" href=\"#\" target=\"_self\">\n  \n  \n\t\n\n\n\n<div class=\"bde-icon-2742-121 bde-icon\">\n\n    \n            <div class=\"bde-icon-icon breakdance-icon-atom\" >\n    \n                    <svg xmlns=\"http:\/\/www.w3.org\/2000\/svg\" id=\"icon-checkmark\" viewbox=\"0 0 32 32\">\n<path d=\"M27 4l-15 15-7-7-5 5 12 12 20-20z\"\/>\n<\/svg>\n        \n        \n        \n            <\/div>\n    \n\n\n<\/div><h4 class=\"bde-heading-2742-122 bde-heading\">\nTemperature &amp; humidity-controlled storage\n<\/h4>\n\n<\/a><a class=\"bde-container-link-2742-123 bde-container-link breakdance-link\" href=\"#\" target=\"_self\">\n  \n  \n\t\n\n\n\n<div class=\"bde-icon-2742-124 bde-icon\">\n\n    \n            <div class=\"bde-icon-icon breakdance-icon-atom\" >\n    \n                    <svg xmlns=\"http:\/\/www.w3.org\/2000\/svg\" id=\"icon-checkmark\" viewbox=\"0 0 32 32\">\n<path d=\"M27 4l-15 15-7-7-5 5 12 12 20-20z\"\/>\n<\/svg>\n        \n        \n        \n            <\/div>\n    \n\n\n<\/div><h4 class=\"bde-heading-2742-125 bde-heading\">\nHazardous goods logistics (WGK 2 &amp; 3)\n<\/h4>\n\n<\/a><a class=\"bde-container-link-2742-126 bde-container-link breakdance-link\" href=\"#\" target=\"_self\">\n  \n  \n\t\n\n\n\n<div class=\"bde-icon-2742-127 bde-icon\">\n\n    \n            <div class=\"bde-icon-icon breakdance-icon-atom\" >\n    \n                    <svg xmlns=\"http:\/\/www.w3.org\/2000\/svg\" id=\"icon-checkmark\" viewbox=\"0 0 32 32\">\n<path d=\"M27 4l-15 15-7-7-5 5 12 12 20-20z\"\/>\n<\/svg>\n        \n        \n        \n            <\/div>\n    \n\n\n<\/div><h4 class=\"bde-heading-2742-128 bde-heading\">\nGermany's largest humidor for tobacco products\n<\/h4>\n\n<\/a><a class=\"bde-container-link-2742-129 bde-container-link breakdance-link\" href=\"#\" target=\"_self\">\n  \n  \n\t\n\n\n\n<div class=\"bde-icon-2742-130 bde-icon\">\n\n    \n            <div class=\"bde-icon-icon breakdance-icon-atom\" >\n    \n                    <svg xmlns=\"http:\/\/www.w3.org\/2000\/svg\" id=\"icon-checkmark\" viewbox=\"0 0 32 32\">\n<path d=\"M27 4l-15 15-7-7-5 5 12 12 20-20z\"\/>\n<\/svg>\n        \n        \n        \n            <\/div>\n    \n\n\n<\/div><h4 class=\"bde-heading-2742-131 bde-heading\">\nTrack &amp; Trace connection in accordance with EU directive\n<\/h4>\n\n<\/a><a class=\"bde-container-link-2742-132 bde-container-link breakdance-link\" href=\"#\" target=\"_self\">\n  \n  \n\t\n\n\n\n<div class=\"bde-icon-2742-133 bde-icon\">\n\n    \n            <div class=\"bde-icon-icon breakdance-icon-atom\" >\n    \n                    <svg xmlns=\"http:\/\/www.w3.org\/2000\/svg\" id=\"icon-checkmark\" viewbox=\"0 0 32 32\">\n<path d=\"M27 4l-15 15-7-7-5 5 12 12 20-20z\"\/>\n<\/svg>\n        \n        \n        \n            <\/div>\n    \n\n\n<\/div><h4 class=\"bde-heading-2742-134 bde-heading\">\nValue Added Services\n<\/h4>\n\n<\/a><a class=\"bde-container-link-2742-135 bde-container-link breakdance-link\" href=\"#\" target=\"_self\">\n  \n  \n\t\n\n\n\n<div class=\"bde-icon-2742-136 bde-icon\">\n\n    \n            <div class=\"bde-icon-icon breakdance-icon-atom\" >\n    \n                    <svg xmlns=\"http:\/\/www.w3.org\/2000\/svg\" id=\"icon-checkmark\" viewbox=\"0 0 32 32\">\n<path d=\"M27 4l-15 15-7-7-5 5 12 12 20-20z\"\/>\n<\/svg>\n        \n        \n        \n            <\/div>\n    \n\n\n<\/div><h4 class=\"bde-heading-2742-137 bde-heading\">\nPackaging &amp; hygiene concepts\n<\/h4>\n\n<\/a><a class=\"bde-container-link-2742-138 bde-container-link breakdance-link\" href=\"#\" target=\"_self\">\n  \n  \n\t\n\n\n\n<div class=\"bde-icon-2742-139 bde-icon\">\n\n    \n            <div class=\"bde-icon-icon breakdance-icon-atom\" >\n    \n                    <svg xmlns=\"http:\/\/www.w3.org\/2000\/svg\" id=\"icon-checkmark\" viewbox=\"0 0 32 32\">\n<path d=\"M27 4l-15 15-7-7-5 5 12 12 20-20z\"\/>\n<\/svg>\n        \n        \n        \n            <\/div>\n    \n\n\n<\/div><h4 class=\"bde-heading-2742-140 bde-heading\">\nInternational distribution\n<\/h4>\n\n<\/a><a class=\"bde-container-link-2742-141 bde-container-link breakdance-link\" href=\"#\" target=\"_self\">\n  \n  \n\t\n\n\n\n<div class=\"bde-icon-2742-142 bde-icon\">\n\n    \n            <div class=\"bde-icon-icon breakdance-icon-atom\" >\n    \n                    <svg xmlns=\"http:\/\/www.w3.org\/2000\/svg\" id=\"icon-checkmark\" viewbox=\"0 0 32 32\">\n<path d=\"M27 4l-15 15-7-7-5 5 12 12 20-20z\"\/>\n<\/svg>\n        \n        \n        \n            <\/div>\n    \n\n\n<\/div><h4 class=\"bde-heading-2742-143 bde-heading\">\nAutomated processes\n<\/h4>\n\n<\/a><a class=\"bde-container-link-2742-144 bde-container-link breakdance-link\" href=\"#\" target=\"_self\">\n  \n  \n\t\n\n\n\n<div class=\"bde-icon-2742-145 bde-icon\">\n\n    \n            <div class=\"bde-icon-icon breakdance-icon-atom\" >\n    \n                    <svg xmlns=\"http:\/\/www.w3.org\/2000\/svg\" id=\"icon-checkmark\" viewbox=\"0 0 32 32\">\n<path d=\"M27 4l-15 15-7-7-5 5 12 12 20-20z\"\/>\n<\/svg>\n        \n        \n        \n            <\/div>\n    \n\n\n<\/div><h4 class=\"bde-heading-2742-146 bde-heading\">\nSustainable logistics\n<\/h4>\n\n<\/a>\n<\/div><p class=\"bde-text-2742-147 bde-text\">\nTalk to us and find out how we can make your fulfilment future-proof.\n<\/p><div class=\"bde-button-2742-148 bde-button\">\n        \n    \n    \n    \n    \n            \n                    \n            \n            \n\n    \n    \n    \n    \n    \n    <a class=\"breakdance-link button-atom button-atom--primary bde-button__button\" href=\"https:\/\/wm-group.heinmedia.dev\/en\/contact\/\" target=\"_self\" data-type=\"url\"  >\n\n    \n        <span class=\"button-atom__text\">Get non-binding advice<\/span>\n\n        \n        \n                <\/a>\n\n    \n\n\n<\/div><\/div>\n<\/section><section class=\"bde-section-2742-149 bde-section\">\n  \n  \n\t\n\n\n\n<div class=\"section-container\"><h2 class=\"bde-heading-2742-150 bde-heading\">\nSuccessful projects in the food &amp; beverage industry\n<\/h2><div class=\"bde-rich-text-2742-151 bde-rich-text breakdance-rich-text-styles\">\n<p class=\"p1\">From international tobacco companies to food &amp; beverage brands - numerous companies rely on our expertise in sensitive logistics. Here is an excerpt of our industry solutions:<\/p>\n<\/div><div class=\"bde-code-block-2742-152 bde-code-block\">\n\n\n\n<\/div><div class=\"bde-div-2742-153 bde-div\" data-select=\"gsap-stack\">\n  \n  \n\t\n\n\n\n<div class=\"bde-div-2742-154 bde-div\" data-select=\"item\">\n  \n  \n\t\n\n\n\n<h3 class=\"bde-heading-2742-155 bde-heading\">\nTobacco group - Safe handling &amp; storage in the humidor\n<\/h3>\n<\/div><div class=\"bde-div-2742-156 bde-div\" data-select=\"item\">\n  \n  \n\t\n\n\n\n<h3 class=\"bde-heading-2742-157 bde-heading\">\nFood manufacturers - Temperature-controlled supply chain\n<\/h3>\n<\/div><div class=\"bde-div-2742-158 bde-div\" data-select=\"item\">\n  \n  \n\t\n\n\n\n<h3 class=\"bde-heading-2742-159 bde-heading\">\nBeverage Brand - Returns Management &amp; Distribution\n<\/h3>\n<\/div><div class=\"bde-div-2742-160 bde-div\" data-select=\"item\">\n  \n  \n\t\n\n\n\n<h3 class=\"bde-heading-2742-161 bde-heading\">\nLuxury food suppliers - Value added services &amp; packaging concepts\n<\/h3>\n<\/div><div class=\"bde-div-2742-162 bde-div\" data-select=\"item\">\n  \n  \n\t\n\n\n\n<h3 class=\"bde-heading-2742-163 bde-heading\">\nInternational producer - Track &amp; Trace connection &amp; compliance logistics\n<\/h3>\n<\/div>\n<\/div><\/div>\n<\/section>","protected":false},"excerpt":{"rendered":"<p>Deutschlands gr\u00f6\u00dfter Humidor Logistikkompetenz f\u00fcr die Genuss- &#038; Lebensmittelindustrie Wir wissen, wie wichtig Qualit\u00e4t, Sicherheit und Effizienz in der Genuss- und Lebensmittelindustrie sind \u2013 und bieten Ihnen die Strukturen, Prozesse und Systeme, um diese Anforderungen zuverl\u00e4ssig zu erf\u00fcllen. Ob Tabak, Feinkost oder sensible Lebensmittel: Mit modernster Klimatechnik, speziell gesicherten Lagerfl\u00e4chen und innovativen IT-L\u00f6sungen sorgt die [&hellip;]<\/p>\n","protected":false},"author":248570550,"featured_media":0,"parent":0,"menu_order":0,"comment_status":"closed","ping_status":"closed","template":"","meta":{"inline_featured_image":false,"_breakdance_hide_in_design_set":false,"_breakdance_tags":"","footnotes":""},"class_list":["post-2742","page","type-page","status-publish","hentry"],"meta_box":[],"_links":{"self":[{"href":"https:\/\/wm-group.heinmedia.dev\/en\/wp-json\/wp\/v2\/pages\/2742","targetHints":{"allow":["GET"]}}],"collection":[{"href":"https:\/\/wm-group.heinmedia.dev\/en\/wp-json\/wp\/v2\/pages"}],"about":[{"href":"https:\/\/wm-group.heinmedia.dev\/en\/wp-json\/wp\/v2\/types\/page"}],"author":[{"embeddable":true,"href":"https:\/\/wm-group.heinmedia.dev\/en\/wp-json\/wp\/v2\/users\/248570550"}],"replies":[{"embeddable":true,"href":"https:\/\/wm-group.heinmedia.dev\/en\/wp-json\/wp\/v2\/comments?post=2742"}],"version-history":[{"count":8,"href":"https:\/\/wm-group.heinmedia.dev\/en\/wp-json\/wp\/v2\/pages\/2742\/revisions"}],"predecessor-version":[{"id":2997,"href":"https:\/\/wm-group.heinmedia.dev\/en\/wp-json\/wp\/v2\/pages\/2742\/revisions\/2997"}],"wp:attachment":[{"href":"https:\/\/wm-group.heinmedia.dev\/en\/wp-json\/wp\/v2\/media?parent=2742"}],"curies":[{"name":"wp","href":"https:\/\/api.w.org\/{rel}","templated":true}]}}