{"id":2736,"date":"2025-09-23T06:11:39","date_gmt":"2025-09-23T04:11:39","guid":{"rendered":"https:\/\/wm-group.heinmedia.dev\/?page_id=2736"},"modified":"2025-09-26T10:48:27","modified_gmt":"2025-09-26T08:48:27","slug":"consumer-goods-and-lifestyle-products","status":"publish","type":"page","link":"https:\/\/wm-group.heinmedia.dev\/en\/konsumgueter-und-lifestyleprodukte\/","title":{"rendered":"Consumer goods and lifestyle products\u00a0"},"content":{"rendered":"<section class=\"bde-section-2736-100 bde-section\">\n              \n  \n  \n\t\n\n  <div class=\"section-background-overlay\"><\/div>\n\n\n<div class=\"section-container\"><div class=\"bde-text-2736-101 bde-text\">\nLogistics for brand diversity and lifestyle trends\n<\/div><h1 class=\"bde-heading-2736-102 bde-heading\">\nConsumer goods &amp; lifestyle products - supply chain solutions for dynamic markets\n<\/h1><\/div>\n<\/section><section class=\"bde-section-2736-103 bde-section\">\n  \n  \n\t\n\n\n\n<div class=\"section-container\"><div class=\"bde-text-2736-104 bde-text\">\nWe know how diverse and demanding the consumer goods and lifestyle industry is - and we have the <span>Structures, processes and experience,<\/span> to move your products efficiently and in line with your brand.\n<\/div><div class=\"bde-grid-2736-105 bde-grid\">\n  \n  \n\t\n\n\n\n<div class=\"bde-rich-text-2736-106 bde-rich-text breakdance-rich-text-styles\">\n<p>From incoming goods to packing, shipping and returns management through to packaging optimisation and production supply and disposal: Our NRW-wide logistics centres offer the perfect infrastructure for brands and retailers. With the WM GROUP, you benefit from flexibility, industry-specific expertise and efficient processes - for fast, secure and customer-orientated supply chains.<\/p>\n<\/div><div class=\"bde-div-2736-107 bde-div\">\n  \n  \n\t\n\n\n\n<div class=\"bde-div-2736-108 bde-div\">\n  \n  \n\t\n\n\n\n<div class=\"bde-icon-2736-109 bde-icon\">\n\n    \n            <div class=\"bde-icon-icon breakdance-icon-atom\" >\n    \n                    <svg xmlns=\"http:\/\/www.w3.org\/2000\/svg\" viewbox=\"0 0 576 512\"><!--! Font Awesome Free 6.5.1 by @fontawesome - https:\/\/fontawesome.com License - https:\/\/fontawesome.com\/license\/free (Icons: CC BY 4.0, Fonts: SIL OFL 1.1, Code: MIT License) Copyright 2023 Fonticons, Inc. --><path d=\"M151.6 42.4C145.5 35.8 137 32 128 32s-17.5 3.8-23.6 10.4l-88 96c-11.9 13-11.1 33.3 2 45.2s33.3 11.1 45.2-2L96 146.3V448c0 17.7 14.3 32 32 32s32-14.3 32-32V146.3l32.4 35.4c11.9 13 32.2 13.9 45.2 2s13.9-32.2 2-45.2l-88-96zM320 480h32c17.7 0 32-14.3 32-32s-14.3-32-32-32H320c-17.7 0-32 14.3-32 32s14.3 32 32 32zm0-128h96c17.7 0 32-14.3 32-32s-14.3-32-32-32H320c-17.7 0-32 14.3-32 32s14.3 32 32 32zm0-128H480c17.7 0 32-14.3 32-32s-14.3-32-32-32H320c-17.7 0-32 14.3-32 32s14.3 32 32 32zm0-128H544c17.7 0 32-14.3 32-32s-14.3-32-32-32H320c-17.7 0-32 14.3-32 32s14.3 32 32 32z\"\/><\/svg>\n        \n        \n        \n            <\/div>\n    \n\n\n<\/div><div class=\"bde-text-2736-110 bde-text\">\nFlexibility\n<\/div>\n<\/div><div class=\"bde-div-2736-111 bde-div\">\n  \n  \n\t\n\n\n\n<div class=\"bde-icon-2736-112 bde-icon\">\n\n    \n            <div class=\"bde-icon-icon breakdance-icon-atom\" >\n    \n                    <svg xmlns=\"http:\/\/www.w3.org\/2000\/svg\" id=\"icon-clock\" viewbox=\"0 0 32 32\">\n<path d=\"M20.586 23.414l-6.586-6.586v-8.828h4v7.172l5.414 5.414zM16 0c-8.837 0-16 7.163-16 16s7.163 16 16 16 16-7.163 16-16-7.163-16-16-16zM16 28c-6.627 0-12-5.373-12-12s5.373-12 12-12c6.627 0 12 5.373 12 12s-5.373 12-12 12z\"\/>\n<\/svg>\n        \n        \n        \n            <\/div>\n    \n\n\n<\/div><div class=\"bde-text-2736-113 bde-text\">\nspeed\n<\/div>\n<\/div><div class=\"bde-div-2736-114 bde-div\">\n  \n  \n\t\n\n\n\n<div class=\"bde-icon-2736-115 bde-icon\">\n\n    \n            <div class=\"bde-icon-icon breakdance-icon-atom\" >\n    \n                    <svg xmlns=\"http:\/\/www.w3.org\/2000\/svg\" id=\"icon-search\" viewbox=\"0 0 32 32\">\n<path d=\"M31.008 27.231l-7.58-6.447c-0.784-0.705-1.622-1.029-2.299-0.998 1.789-2.096 2.87-4.815 2.87-7.787 0-6.627-5.373-12-12-12s-12 5.373-12 12 5.373 12 12 12c2.972 0 5.691-1.081 7.787-2.87-0.031 0.677 0.293 1.515 0.998 2.299l6.447 7.58c1.104 1.226 2.907 1.33 4.007 0.23s0.997-2.903-0.23-4.007zM12 20c-4.418 0-8-3.582-8-8s3.582-8 8-8 8 3.582 8 8-3.582 8-8 8z\"\/>\n<\/svg>\n        \n        \n        \n            <\/div>\n    \n\n\n<\/div><div class=\"bde-text-2736-116 bde-text\">\nTransparency\n<\/div>\n<\/div>\n<\/div>\n<\/div><div class=\"bde-gallery-2736-164 bde-gallery\">\n\n\n  \n\n\n\n\n\n\n\n\n\n\n<div class=\"ee-gallery ee-gallery--default ee-gallery--grid ee-gallery--single ee-gallery--lightbox ee-gallery--zoom-in ee-gallery--caption- ee-gallery--caption-none ee-gallery--ratio\">\n                  \n      <a class=\"ee-gallery-item ee-gallery-item--image ee-gallery-item--single\" href=\"https:\/\/wm-group.heinmedia.dev\/wp-content\/uploads\/2025\/09\/WM-Group-Greven-Imageaufnahmen-79.jpg\"  data-sub-html=\"<span><\/span>\" data-category=\"1\"                  data-lg-size=\"2500-1667\"\n\n      >\n        <figure class=\"ee-gallery-item-figure\">\n                        <img loading=\"lazy\" decoding=\"async\" class=\"breakdance-image-object\" src=\"https:\/\/wm-group.heinmedia.dev\/wp-content\/uploads\/2025\/09\/WM-Group-Greven-Imageaufnahmen-79-768x512.jpg\" width=\"768\" height=\"512\" srcset=\"https:\/\/wm-group.heinmedia.dev\/wp-content\/uploads\/2025\/09\/WM-Group-Greven-Imageaufnahmen-79.jpg 2500w, https:\/\/wm-group.heinmedia.dev\/wp-content\/uploads\/2025\/09\/WM-Group-Greven-Imageaufnahmen-79-300x200.jpg 300w, https:\/\/wm-group.heinmedia.dev\/wp-content\/uploads\/2025\/09\/WM-Group-Greven-Imageaufnahmen-79-1024x683.jpg 1024w, https:\/\/wm-group.heinmedia.dev\/wp-content\/uploads\/2025\/09\/WM-Group-Greven-Imageaufnahmen-79-768x512.jpg 768w, https:\/\/wm-group.heinmedia.dev\/wp-content\/uploads\/2025\/09\/WM-Group-Greven-Imageaufnahmen-79-1536x1024.jpg 1536w, https:\/\/wm-group.heinmedia.dev\/wp-content\/uploads\/2025\/09\/WM-Group-Greven-Imageaufnahmen-79-2048x1366.jpg 2048w\" sizes=\"auto, (max-width: 2500px) 100vw, 2500px\">\n          \n                  <\/figure>\n      <\/a>\n\n                \n      <a class=\"ee-gallery-item ee-gallery-item--image ee-gallery-item--single\" href=\"https:\/\/wm-group.heinmedia.dev\/wp-content\/uploads\/2025\/09\/Wm-Group-Imageaufnahmen-Hamminkeln-21.jpg\"  data-sub-html=\"<span><\/span>\" data-category=\"1\"                  data-lg-size=\"2500-1667\"\n\n      >\n        <figure class=\"ee-gallery-item-figure\">\n                        <img loading=\"lazy\" decoding=\"async\" class=\"breakdance-image-object\" src=\"https:\/\/wm-group.heinmedia.dev\/wp-content\/uploads\/2025\/09\/Wm-Group-Imageaufnahmen-Hamminkeln-21-768x512.jpg\" width=\"768\" height=\"512\" srcset=\"https:\/\/wm-group.heinmedia.dev\/wp-content\/uploads\/2025\/09\/Wm-Group-Imageaufnahmen-Hamminkeln-21.jpg 2500w, https:\/\/wm-group.heinmedia.dev\/wp-content\/uploads\/2025\/09\/Wm-Group-Imageaufnahmen-Hamminkeln-21-300x200.jpg 300w, https:\/\/wm-group.heinmedia.dev\/wp-content\/uploads\/2025\/09\/Wm-Group-Imageaufnahmen-Hamminkeln-21-1024x683.jpg 1024w, https:\/\/wm-group.heinmedia.dev\/wp-content\/uploads\/2025\/09\/Wm-Group-Imageaufnahmen-Hamminkeln-21-768x512.jpg 768w, https:\/\/wm-group.heinmedia.dev\/wp-content\/uploads\/2025\/09\/Wm-Group-Imageaufnahmen-Hamminkeln-21-1536x1024.jpg 1536w, https:\/\/wm-group.heinmedia.dev\/wp-content\/uploads\/2025\/09\/Wm-Group-Imageaufnahmen-Hamminkeln-21-2048x1366.jpg 2048w\" sizes=\"auto, (max-width: 2500px) 100vw, 2500px\">\n          \n                  <\/figure>\n      <\/a>\n\n                \n      <a class=\"ee-gallery-item ee-gallery-item--image ee-gallery-item--single\" href=\"https:\/\/wm-group.heinmedia.dev\/wp-content\/uploads\/2025\/09\/IMG_0031.jpeg\"  data-sub-html=\"<span><\/span>\" data-category=\"1\"                  data-lg-size=\"2048-1536\"\n\n      >\n        <figure class=\"ee-gallery-item-figure\">\n                        <img loading=\"lazy\" decoding=\"async\" class=\"breakdance-image-object\" src=\"https:\/\/wm-group.heinmedia.dev\/wp-content\/uploads\/2025\/09\/IMG_0031-768x576.jpeg\" width=\"768\" height=\"576\" srcset=\"https:\/\/wm-group.heinmedia.dev\/wp-content\/uploads\/2025\/09\/IMG_0031.jpeg 2048w, https:\/\/wm-group.heinmedia.dev\/wp-content\/uploads\/2025\/09\/IMG_0031-300x225.jpeg 300w, https:\/\/wm-group.heinmedia.dev\/wp-content\/uploads\/2025\/09\/IMG_0031-1024x768.jpeg 1024w, https:\/\/wm-group.heinmedia.dev\/wp-content\/uploads\/2025\/09\/IMG_0031-768x576.jpeg 768w, https:\/\/wm-group.heinmedia.dev\/wp-content\/uploads\/2025\/09\/IMG_0031-1536x1152.jpeg 1536w\" sizes=\"auto, (max-width: 2048px) 100vw, 2048px\">\n          \n                  <\/figure>\n      <\/a>\n\n      \n  <\/div>\n\n\n\n<\/div><\/div>\n<\/section><section class=\"bde-section-2736-117 bde-section\">\n  \n  \n\t\n\n\n\n<div class=\"section-container\"><h2 class=\"bde-heading-2736-118 bde-heading\">\nLogistics that move your goods\n<\/h2><div class=\"bde-grid-2736-119 bde-grid\">\n  \n  \n\t\n\n\n\n<a class=\"bde-container-link-2736-120 bde-container-link breakdance-link\" href=\"#\" target=\"_self\">\n  \n  \n\t\n\n\n\n<div class=\"bde-icon-2736-121 bde-icon\">\n\n    \n            <div class=\"bde-icon-icon breakdance-icon-atom\" >\n    \n                    <svg xmlns=\"http:\/\/www.w3.org\/2000\/svg\" id=\"icon-checkmark\" viewbox=\"0 0 32 32\">\n<path d=\"M27 4l-15 15-7-7-5 5 12 12 20-20z\"\/>\n<\/svg>\n        \n        \n        \n            <\/div>\n    \n\n\n<\/div><h4 class=\"bde-heading-2736-122 bde-heading\">\nWarehouse &amp; Fulfilment\n<\/h4>\n\n<\/a><a class=\"bde-container-link-2736-123 bde-container-link breakdance-link\" href=\"#\" target=\"_self\">\n  \n  \n\t\n\n\n\n<div class=\"bde-icon-2736-124 bde-icon\">\n\n    \n            <div class=\"bde-icon-icon breakdance-icon-atom\" >\n    \n                    <svg xmlns=\"http:\/\/www.w3.org\/2000\/svg\" id=\"icon-checkmark\" viewbox=\"0 0 32 32\">\n<path d=\"M27 4l-15 15-7-7-5 5 12 12 20-20z\"\/>\n<\/svg>\n        \n        \n        \n            <\/div>\n    \n\n\n<\/div><h4 class=\"bde-heading-2736-125 bde-heading\">\nPacking &amp; packaging concepts\n<\/h4>\n\n<\/a><a class=\"bde-container-link-2736-126 bde-container-link breakdance-link\" href=\"#\" target=\"_self\">\n  \n  \n\t\n\n\n\n<div class=\"bde-icon-2736-127 bde-icon\">\n\n    \n            <div class=\"bde-icon-icon breakdance-icon-atom\" >\n    \n                    <svg xmlns=\"http:\/\/www.w3.org\/2000\/svg\" id=\"icon-checkmark\" viewbox=\"0 0 32 32\">\n<path d=\"M27 4l-15 15-7-7-5 5 12 12 20-20z\"\/>\n<\/svg>\n        \n        \n        \n            <\/div>\n    \n\n\n<\/div><h4 class=\"bde-heading-2736-128 bde-heading\">\nReturns management\n<\/h4>\n\n<\/a><a class=\"bde-container-link-2736-129 bde-container-link breakdance-link\" href=\"#\" target=\"_self\">\n  \n  \n\t\n\n\n\n<div class=\"bde-icon-2736-130 bde-icon\">\n\n    \n            <div class=\"bde-icon-icon breakdance-icon-atom\" >\n    \n                    <svg xmlns=\"http:\/\/www.w3.org\/2000\/svg\" id=\"icon-checkmark\" viewbox=\"0 0 32 32\">\n<path d=\"M27 4l-15 15-7-7-5 5 12 12 20-20z\"\/>\n<\/svg>\n        \n        \n        \n            <\/div>\n    \n\n\n<\/div><h4 class=\"bde-heading-2736-131 bde-heading\">\nProduction supply &amp; disposal\n<\/h4>\n\n<\/a><a class=\"bde-container-link-2736-132 bde-container-link breakdance-link\" href=\"#\" target=\"_self\">\n  \n  \n\t\n\n\n\n<div class=\"bde-icon-2736-133 bde-icon\">\n\n    \n            <div class=\"bde-icon-icon breakdance-icon-atom\" >\n    \n                    <svg xmlns=\"http:\/\/www.w3.org\/2000\/svg\" id=\"icon-checkmark\" viewbox=\"0 0 32 32\">\n<path d=\"M27 4l-15 15-7-7-5 5 12 12 20-20z\"\/>\n<\/svg>\n        \n        \n        \n            <\/div>\n    \n\n\n<\/div><h4 class=\"bde-heading-2736-134 bde-heading\">\nValue Added Services\n<\/h4>\n\n<\/a><a class=\"bde-container-link-2736-135 bde-container-link breakdance-link\" href=\"#\" target=\"_self\">\n  \n  \n\t\n\n\n\n<div class=\"bde-icon-2736-136 bde-icon\">\n\n    \n            <div class=\"bde-icon-icon breakdance-icon-atom\" >\n    \n                    <svg xmlns=\"http:\/\/www.w3.org\/2000\/svg\" id=\"icon-checkmark\" viewbox=\"0 0 32 32\">\n<path d=\"M27 4l-15 15-7-7-5 5 12 12 20-20z\"\/>\n<\/svg>\n        \n        \n        \n            <\/div>\n    \n\n\n<\/div><h4 class=\"bde-heading-2736-137 bde-heading\">\nTrack &amp; Trace solutions\n<\/h4>\n\n<\/a><a class=\"bde-container-link-2736-138 bde-container-link breakdance-link\" href=\"#\" target=\"_self\">\n  \n  \n\t\n\n\n\n<div class=\"bde-icon-2736-139 bde-icon\">\n\n    \n            <div class=\"bde-icon-icon breakdance-icon-atom\" >\n    \n                    <svg xmlns=\"http:\/\/www.w3.org\/2000\/svg\" id=\"icon-checkmark\" viewbox=\"0 0 32 32\">\n<path d=\"M27 4l-15 15-7-7-5 5 12 12 20-20z\"\/>\n<\/svg>\n        \n        \n        \n            <\/div>\n    \n\n\n<\/div><h4 class=\"bde-heading-2736-140 bde-heading\">\nInternational distribution\n<\/h4>\n\n<\/a><a class=\"bde-container-link-2736-141 bde-container-link breakdance-link\" href=\"#\" target=\"_self\">\n  \n  \n\t\n\n\n\n<div class=\"bde-icon-2736-142 bde-icon\">\n\n    \n            <div class=\"bde-icon-icon breakdance-icon-atom\" >\n    \n                    <svg xmlns=\"http:\/\/www.w3.org\/2000\/svg\" id=\"icon-checkmark\" viewbox=\"0 0 32 32\">\n<path d=\"M27 4l-15 15-7-7-5 5 12 12 20-20z\"\/>\n<\/svg>\n        \n        \n        \n            <\/div>\n    \n\n\n<\/div><h4 class=\"bde-heading-2736-143 bde-heading\">\nAutomated processes\n<\/h4>\n\n<\/a><a class=\"bde-container-link-2736-144 bde-container-link breakdance-link\" href=\"#\" target=\"_self\">\n  \n  \n\t\n\n\n\n<div class=\"bde-icon-2736-145 bde-icon\">\n\n    \n            <div class=\"bde-icon-icon breakdance-icon-atom\" >\n    \n                    <svg xmlns=\"http:\/\/www.w3.org\/2000\/svg\" id=\"icon-checkmark\" viewbox=\"0 0 32 32\">\n<path d=\"M27 4l-15 15-7-7-5 5 12 12 20-20z\"\/>\n<\/svg>\n        \n        \n        \n            <\/div>\n    \n\n\n<\/div><h4 class=\"bde-heading-2736-146 bde-heading\">\nSustainable logistics\n<\/h4>\n\n<\/a>\n<\/div><p class=\"bde-text-2736-147 bde-text\">\nTalk to us and find out how we can make your fulfilment future-proof.\n<\/p><div class=\"bde-button-2736-148 bde-button\">\n        \n    \n    \n    \n    \n            \n                    \n            \n            \n\n    \n    \n    \n    \n    \n    <a class=\"breakdance-link button-atom button-atom--primary bde-button__button\" href=\"https:\/\/wm-group.heinmedia.dev\/en\/contact\/\" target=\"_self\" data-type=\"url\"  >\n\n    \n        <span class=\"button-atom__text\">Get non-binding advice<\/span>\n\n        \n        \n                <\/a>\n\n    \n\n\n<\/div><\/div>\n<\/section><section class=\"bde-section-2736-149 bde-section\">\n  \n  \n\t\n\n\n\n<div class=\"section-container\"><h2 class=\"bde-heading-2736-150 bde-heading\">\nSuccessful customer projects in the consumer goods &amp; lifestyle sector\n<\/h2><div class=\"bde-rich-text-2736-151 bde-rich-text breakdance-rich-text-styles\">\n<p class=\"p1\">Many well-known brands from the consumer goods and lifestyle sector already rely on WM GROUP's logistics solutions. With customised processes and flexible services, we ensure that products reach the market safely, efficiently and in line with the brand.<\/p>\n<\/div><div class=\"bde-code-block-2736-152 bde-code-block\">\n\n\n\n<\/div><div class=\"bde-div-2736-153 bde-div\" data-select=\"gsap-stack\">\n  \n  \n\t\n\n\n\n<div class=\"bde-div-2736-154 bde-div\" data-select=\"item\">\n  \n  \n\t\n\n\n\n<h3 class=\"bde-heading-2736-155 bde-heading\">\nFashion label - omnichannel fulfilment for stationary &amp; online retail\n<\/h3>\n<\/div><div class=\"bde-div-2736-156 bde-div\" data-select=\"item\">\n  \n  \n\t\n\n\n\n<h3 class=\"bde-heading-2736-157 bde-heading\">\nFurniture manufacturer - Packaging &amp; Distribution Europe-wide\n<\/h3>\n<\/div><div class=\"bde-div-2736-158 bde-div\" data-select=\"item\">\n  \n  \n\t\n\n\n\n<h3 class=\"bde-heading-2736-159 bde-heading\">\nLifestyle brand - growth through multi-user location\n<\/h3>\n<\/div><div class=\"bde-div-2736-160 bde-div\" data-select=\"item\">\n  \n  \n\t\n\n\n\n<h3 class=\"bde-heading-2736-161 bde-heading\">\nSporting goods suppliers - same-day &amp; next-day delivery\n<\/h3>\n<\/div><div class=\"bde-div-2736-162 bde-div\" data-select=\"item\">\n  \n  \n\t\n\n\n\n<h3 class=\"bde-heading-2736-163 bde-heading\">\nPremium brand - value-added services &amp; customised packaging\n<\/h3>\n<\/div>\n<\/div><\/div>\n<\/section>","protected":false},"excerpt":{"rendered":"<p>Logistik f\u00fcr Markenvielfalt und Lifestyle-Trends Konsumg\u00fcter- &#038; Lifestyleprodukte \u2013 Supply-Chain-L\u00f6sungen f\u00fcr dynamische M\u00e4rkte Wir wissen, wie vielf\u00e4ltig und anspruchsvoll die Konsumg\u00fcter- und Lifestylebranche ist \u2013 und wir haben die Strukturen, Prozesse und Erfahrung, um Ihre Produkte effizient und markengerecht zu bewegen. Von Wareneingang \u00fcber Konfektionierung, Versand und Retourenmanagement bis hin zu Verpackungsoptimierung sowie Produktionsver- und [&hellip;]<\/p>\n","protected":false},"author":248570550,"featured_media":0,"parent":0,"menu_order":0,"comment_status":"closed","ping_status":"closed","template":"","meta":{"inline_featured_image":false,"_breakdance_hide_in_design_set":false,"_breakdance_tags":"","footnotes":""},"class_list":["post-2736","page","type-page","status-publish","hentry"],"meta_box":[],"_links":{"self":[{"href":"https:\/\/wm-group.heinmedia.dev\/en\/wp-json\/wp\/v2\/pages\/2736","targetHints":{"allow":["GET"]}}],"collection":[{"href":"https:\/\/wm-group.heinmedia.dev\/en\/wp-json\/wp\/v2\/pages"}],"about":[{"href":"https:\/\/wm-group.heinmedia.dev\/en\/wp-json\/wp\/v2\/types\/page"}],"author":[{"embeddable":true,"href":"https:\/\/wm-group.heinmedia.dev\/en\/wp-json\/wp\/v2\/users\/248570550"}],"replies":[{"embeddable":true,"href":"https:\/\/wm-group.heinmedia.dev\/en\/wp-json\/wp\/v2\/comments?post=2736"}],"version-history":[{"count":7,"href":"https:\/\/wm-group.heinmedia.dev\/en\/wp-json\/wp\/v2\/pages\/2736\/revisions"}],"predecessor-version":[{"id":2797,"href":"https:\/\/wm-group.heinmedia.dev\/en\/wp-json\/wp\/v2\/pages\/2736\/revisions\/2797"}],"wp:attachment":[{"href":"https:\/\/wm-group.heinmedia.dev\/en\/wp-json\/wp\/v2\/media?parent=2736"}],"curies":[{"name":"wp","href":"https:\/\/api.w.org\/{rel}","templated":true}]}}