{"id":2244,"date":"2025-08-18T07:09:13","date_gmt":"2025-08-18T05:09:13","guid":{"rendered":"https:\/\/wm-group.heinmedia.dev\/?page_id=2244"},"modified":"2025-12-23T17:37:39","modified_gmt":"2025-12-23T16:37:39","slug":"bocholt-2","status":"publish","type":"page","link":"https:\/\/wm-group.heinmedia.dev\/en\/logistikstandorte\/bocholt-2\/","title":{"rendered":"Bocholt 2"},"content":{"rendered":"<section class=\"bde-section-2244-100 bde-section\">\n              \n  \n  \n\t\n\n  <div class=\"section-background-overlay\"><\/div>\n\n\n<div class=\"section-container\"><div class=\"bde-text-2244-101 bde-text\">\nBocholt 2\n<\/div><h1 class=\"bde-heading-2244-102 bde-heading\">\nPowerful for long items and large-format items\n<\/h1><\/div>\n<\/section><section class=\"bde-section-2244-103 bde-section\">\n  \n  \n\t\n\n\n\n<div class=\"section-container\"><div class=\"bde-grid-2244-104 bde-grid\">\n  \n  \n\t\n\n\n\n<div class=\"bde-div-2244-105 bde-div\">\n  \n  \n\t\n\n\n\n<div class=\"bde-text-2244-106 bde-text\">\nArea in m\u00b2\n<\/div><div class=\"bde-text-2244-107 bde-text\">\n10.000\n<\/div><div class=\"bde-fancy-divider-2244-108 bde-fancy-divider\">\n\n\n<div class=\"bde-fancy-divider__wrapper\">\n  <div class=\"bde-fancy-divider__separator\">\n  \t  <\/div>\n<\/div>\n\n<\/div>\n<\/div><div class=\"bde-div-2244-109 bde-div\">\n  \n  \n\t\n\n\n\n<div class=\"bde-text-2244-110 bde-text\">\nFloor load in tonnes\/m\u00b2\n<\/div><div class=\"bde-text-2244-111 bde-text\">\n5\n<\/div><div class=\"bde-fancy-divider-2244-112 bde-fancy-divider\">\n\n\n<div class=\"bde-fancy-divider__wrapper\">\n  <div class=\"bde-fancy-divider__separator\">\n  \t  <\/div>\n<\/div>\n\n<\/div>\n<\/div><div class=\"bde-div-2244-113 bde-div\">\n  \n  \n\t\n\n\n\n<div class=\"bde-text-2244-114 bde-text\">\nDock levellers\n<\/div><div class=\"bde-text-2244-115 bde-text\">\n19\n<\/div><div class=\"bde-fancy-divider-2244-116 bde-fancy-divider\">\n\n\n<div class=\"bde-fancy-divider__wrapper\">\n  <div class=\"bde-fancy-divider__separator\">\n  \t  <\/div>\n<\/div>\n\n<\/div>\n<\/div>\n<\/div><div class=\"bde-columns-2244-117 bde-columns\"><div class=\"bde-column-2244-118 bde-column\">\n  \n  \n\t\n\n\n\n<div class=\"bde-video-2244-119 bde-video\">\n<div class=\"ee-video-container\">\n            <video class=\"ee-video\" src=\"https:\/\/wm-group.heinmedia.dev\/wp-content\/uploads\/2025\/08\/wmgroup_dohne_bocholt_2025-04-17.mp4\"\n               autoplay='true'                controls='true'                                loop='true'                muted='true'                controlslist=\"nodownload\"                playsinline\n>\n        <\/video>\n    \n    <\/div>\n\n<\/div>\n<\/div><div class=\"bde-column-2244-120 bde-column\">\n  \n  \n\t\n\n\n\n<p class=\"bde-text-2244-121 bde-text\">\nWith 10,000 m\u00b2 of hall space and a flexible hall height of 4 to 8 metres, Bocholt 2 is ideally suited for the storage and handling of large-format goods. Modern infrastructure, spacious social and office areas and specialised doors for long goods make this location a high-performance solution for special requirements.\n<\/p><div class=\"bde-grid-2244-122 bde-grid\">\n  \n  \n\t\n\n\n\n<div class=\"bde-div-2244-127 bde-div\">\n  \n  \n\t\n\n\n\n<div class=\"bde-text-2244-128 bde-text\">\nHall height in m\/UKB\n<\/div><div class=\"bde-text-2244-129 bde-text\">\n4 - 8\n<\/div><div class=\"bde-fancy-divider-2244-130 bde-fancy-divider\">\n\n\n<div class=\"bde-fancy-divider__wrapper\">\n  <div class=\"bde-fancy-divider__separator\">\n  \t  <\/div>\n<\/div>\n\n<\/div>\n<\/div><div class=\"bde-div-2244-131 bde-div\">\n  \n  \n\t\n\n\n\n<div class=\"bde-text-2244-132 bde-text\">\nOffice\/social rooms in m\u00b2\n<\/div><div class=\"bde-text-2244-133 bde-text\">\n1.700\n<\/div><div class=\"bde-fancy-divider-2244-134 bde-fancy-divider\">\n\n\n<div class=\"bde-fancy-divider__wrapper\">\n  <div class=\"bde-fancy-divider__separator\">\n  \t  <\/div>\n<\/div>\n\n<\/div>\n<\/div><div class=\"bde-div-2244-135 bde-div\">\n  \n  \n\t\n\n\n\n<div class=\"bde-text-2244-136 bde-text\">\nSectional doors\n<\/div><div class=\"bde-text-2244-137 bde-text\">\n2\n<\/div><div class=\"bde-fancy-divider-2244-138 bde-fancy-divider\">\n\n\n<div class=\"bde-fancy-divider__wrapper\">\n  <div class=\"bde-fancy-divider__separator\">\n  \t  <\/div>\n<\/div>\n\n<\/div>\n<\/div><div class=\"bde-div-2244-167 bde-div\">\n  \n  \n\t\n\n\n\n<div class=\"bde-text-2244-168 bde-text\">\nLong gate (4 m):\n<\/div><div class=\"bde-text-2244-169 bde-text\">\n1\n<\/div><div class=\"bde-fancy-divider-2244-170 bde-fancy-divider\">\n\n\n<div class=\"bde-fancy-divider__wrapper\">\n  <div class=\"bde-fancy-divider__separator\">\n  \t  <\/div>\n<\/div>\n\n<\/div>\n<\/div>\n<\/div>\n<\/div><\/div><\/div>\n<\/section><section class=\"bde-section-2244-147 bde-section\">\n  \n  \n\t\n\n\n\n<div class=\"section-container\"><h2 class=\"bde-heading-2244-148 bde-heading\">\nBocholt - Your location with perspective\n<\/h2><div class=\"bde-grid-2244-149 bde-grid\">\n  \n  \n\t\n\n\n\n<div class=\"bde-icon-box-2244-150 bde-icon-box\">\n\n    \n            <div class=\"ee-iconbox-icon breakdance-icon-atom\" >\n    \n                    <svg xmlns=\"http:\/\/www.w3.org\/2000\/svg\" id=\"icon-checkmark\" viewbox=\"0 0 32 32\">\n<path d=\"M27 4l-15 15-7-7-5 5 12 12 20-20z\"\/>\n<\/svg>\n        \n        \n        \n            <\/div>\n    \n\n<div class=\"ee-iconbox-content\">\n      <h4 class=\"ee-iconbox-title bde-h3\" >Efficient for long goods<\/h4>\n        <div class=\"ee-iconbox-text\" >Special hall heights, a 4-metre-long long goods door and flexible floor loads create ideal conditions for large-format goods.<\/div>\n    <\/div>\n\n<\/div><div class=\"bde-icon-box-2244-151 bde-icon-box\">\n\n    \n            <div class=\"ee-iconbox-icon breakdance-icon-atom\" >\n    \n                    <svg xmlns=\"http:\/\/www.w3.org\/2000\/svg\" id=\"icon-checkmark\" viewbox=\"0 0 32 32\">\n<path d=\"M27 4l-15 15-7-7-5 5 12 12 20-20z\"\/>\n<\/svg>\n        \n        \n        \n            <\/div>\n    \n\n<div class=\"ee-iconbox-content\">\n      <h4 class=\"ee-iconbox-title bde-h3\" >Optimum equipment<\/h4>\n        <div class=\"ee-iconbox-text\" >Two sectional doors and 19 dock levellers ensure short throughput times and smooth processes for incoming and outgoing goods.<\/div>\n    <\/div>\n\n<\/div><div class=\"bde-icon-box-2244-152 bde-icon-box\">\n\n    \n            <div class=\"ee-iconbox-icon breakdance-icon-atom\" >\n    \n                    <svg xmlns=\"http:\/\/www.w3.org\/2000\/svg\" id=\"icon-checkmark\" viewbox=\"0 0 32 32\">\n<path d=\"M27 4l-15 15-7-7-5 5 12 12 20-20z\"\/>\n<\/svg>\n        \n        \n        \n            <\/div>\n    \n\n<div class=\"ee-iconbox-content\">\n      <h4 class=\"ee-iconbox-title bde-h3\" >Comfort &amp; functionality<\/h4>\n        <div class=\"ee-iconbox-text\" >1,700 m\u00b2 of office and social space offer a modern working environment and optimally complement the logistics processes.<\/div>\n    <\/div>\n\n<\/div>\n<\/div><\/div>\n<\/section><section class=\"bde-section-2244-153 bde-section\">\n  \n  \n\t\n\n\n\n<div class=\"section-container\"><div class=\"bde-grid-2244-154 bde-grid\">\n  \n  \n\t\n\n\n\n<h2 class=\"bde-heading-2244-155 bde-heading\">\nSpecialised logistics for special requirements<br>\n<\/h2><p class=\"bde-text-2244-156 bde-text\">\nBocholt 2 is the ideal solution for companies with bulky or large-format goods. With modern infrastructure and flexible hall utilisation, the site enables efficient storage, handling and distribution - reliably and safely.\n<\/p>\n<\/div><div class=\"bde-grid-2244-157 bde-grid\">\n  \n  \n\t\n\n\n\n<div class=\"bde-image-2244-158 bde-image\">\n<figure class=\"breakdance-image breakdance-image---1\">\n\t<div class=\"breakdance-image-container\">\n\t\t<div class=\"breakdance-image-clip\"><img decoding=\"async\" class=\"breakdance-image-object\" src=\"https:\/\/wm-group.heinmedia.dev\/wp-content\/uploads\/2024\/06\/5-1.png\"><\/div>\n\t<\/div><\/figure>\n\n<\/div><div class=\"bde-image-2244-159 bde-image\">\n<figure class=\"breakdance-image breakdance-image--451\">\n\t<div class=\"breakdance-image-container\">\n\t\t<div class=\"breakdance-image-clip\"><img loading=\"lazy\" decoding=\"async\" class=\"breakdance-image-object\" src=\"https:\/\/wm-group.heinmedia.dev\/wp-content\/uploads\/2024\/05\/IMG_0331-rotated.jpg\" width=\"1440\" height=\"1920\" srcset=\"https:\/\/wm-group.heinmedia.dev\/wp-content\/uploads\/2024\/05\/IMG_0331-rotated.jpg 1440w, https:\/\/wm-group.heinmedia.dev\/wp-content\/uploads\/2024\/05\/IMG_0331-225x300.jpg 225w, https:\/\/wm-group.heinmedia.dev\/wp-content\/uploads\/2024\/05\/IMG_0331-768x1024.jpg 768w, https:\/\/wm-group.heinmedia.dev\/wp-content\/uploads\/2024\/05\/IMG_0331-1152x1536.jpg 1152w, https:\/\/wm-group.heinmedia.dev\/wp-content\/uploads\/2024\/05\/IMG_0331-1536x2048.jpg 1536w, https:\/\/wm-group.heinmedia.dev\/wp-content\/uploads\/2024\/05\/IMG_0331-900x1200.jpg 900w, https:\/\/wm-group.heinmedia.dev\/wp-content\/uploads\/2024\/05\/IMG_0331-600x800.jpg 600w, https:\/\/wm-group.heinmedia.dev\/wp-content\/uploads\/2024\/05\/IMG_0331-450x600.jpg 450w, https:\/\/wm-group.heinmedia.dev\/wp-content\/uploads\/2024\/05\/IMG_0331-300x400.jpg 300w, https:\/\/wm-group.heinmedia.dev\/wp-content\/uploads\/2024\/05\/IMG_0331-150x200.jpg 150w, https:\/\/wm-group.heinmedia.dev\/wp-content\/uploads\/2024\/05\/IMG_0331-1200x1600.jpg 1200w\" sizes=\"auto, (max-width: 1440px) 100vw, 1440px\" alt=\"WM GROUP location in Hamminkeln | WM GROUP GmbH\"><\/div>\n\t<\/div><\/figure>\n\n<\/div><div class=\"bde-div-2244-160 bde-div\">\n  \n  \n\t\n\n\n\n<h4 class=\"bde-heading-2244-161 bde-heading\">\nComfortable office space\n<\/h4><p class=\"bde-text-2244-162 bde-text\">\n1,700 m\u00b2 of modern office and social rooms complement the logistics hall and create a professional working environment.\n<\/p>\n<\/div><div class=\"bde-div-2244-163 bde-div\">\n  \n  \n\t\n\n\n\n<h4 class=\"bde-heading-2244-164 bde-heading\">\nOptimum infrastructure\n<\/h4><p class=\"bde-text-2244-165 bde-text\">\n19 dock levellers, 2 sectional doors and a long goods door enable smooth processes - even with bulky goods.\n<\/p>\n<\/div><div class=\"bde-image-2244-166 bde-image\">\n<figure class=\"breakdance-image breakdance-image--3018\">\n\t<div class=\"breakdance-image-container\">\n\t\t<div class=\"breakdance-image-clip\"><img loading=\"lazy\" decoding=\"async\" class=\"breakdance-image-object\" src=\"https:\/\/wm-group.heinmedia.dev\/wp-content\/uploads\/2025\/12\/WM-Group-Imageaufnahmen-Bocholt-30.jpg\" width=\"2500\" height=\"1667\" srcset=\"https:\/\/wm-group.heinmedia.dev\/wp-content\/uploads\/2025\/12\/WM-Group-Imageaufnahmen-Bocholt-30.jpg 2500w, https:\/\/wm-group.heinmedia.dev\/wp-content\/uploads\/2025\/12\/WM-Group-Imageaufnahmen-Bocholt-30-300x200.jpg 300w, https:\/\/wm-group.heinmedia.dev\/wp-content\/uploads\/2025\/12\/WM-Group-Imageaufnahmen-Bocholt-30-1024x683.jpg 1024w, https:\/\/wm-group.heinmedia.dev\/wp-content\/uploads\/2025\/12\/WM-Group-Imageaufnahmen-Bocholt-30-768x512.jpg 768w, https:\/\/wm-group.heinmedia.dev\/wp-content\/uploads\/2025\/12\/WM-Group-Imageaufnahmen-Bocholt-30-1536x1024.jpg 1536w, https:\/\/wm-group.heinmedia.dev\/wp-content\/uploads\/2025\/12\/WM-Group-Imageaufnahmen-Bocholt-30-2048x1366.jpg 2048w\" sizes=\"auto, (max-width: 2500px) 100vw, 2500px\"><\/div>\n\t<\/div><\/figure>\n\n<\/div>\n<\/div><\/div>\n<\/section>","protected":false},"excerpt":{"rendered":"<p>Bocholt 2 Leistungsstark f\u00fcr Langgut und gro\u00dfformatige Artikel Fl\u00e4che in m\u00b2 10.000 Bodenlast in t\/m\u00b2 5 \u00dcberladebr\u00fccken 19 Mit 10.000 m\u00b2 Hallenfl\u00e4che und einer flexiblen Hallenh\u00f6he von 4 bis 8 Metern ist Bocholt 2 optimal f\u00fcr die Lagerung und den Umschlag gro\u00dfformatiger G\u00fcter geeignet. Moderne Infrastruktur, gro\u00dfz\u00fcgige Sozial- und B\u00fcror\u00e4ume sowie spezialisierte Tore f\u00fcr Langgut [&hellip;]<\/p>\n","protected":false},"author":248570550,"featured_media":0,"parent":2086,"menu_order":0,"comment_status":"closed","ping_status":"closed","template":"","meta":{"inline_featured_image":false,"_breakdance_hide_in_design_set":false,"_breakdance_tags":"","footnotes":""},"class_list":["post-2244","page","type-page","status-publish","hentry"],"meta_box":[],"_links":{"self":[{"href":"https:\/\/wm-group.heinmedia.dev\/en\/wp-json\/wp\/v2\/pages\/2244","targetHints":{"allow":["GET"]}}],"collection":[{"href":"https:\/\/wm-group.heinmedia.dev\/en\/wp-json\/wp\/v2\/pages"}],"about":[{"href":"https:\/\/wm-group.heinmedia.dev\/en\/wp-json\/wp\/v2\/types\/page"}],"author":[{"embeddable":true,"href":"https:\/\/wm-group.heinmedia.dev\/en\/wp-json\/wp\/v2\/users\/248570550"}],"replies":[{"embeddable":true,"href":"https:\/\/wm-group.heinmedia.dev\/en\/wp-json\/wp\/v2\/comments?post=2244"}],"version-history":[{"count":7,"href":"https:\/\/wm-group.heinmedia.dev\/en\/wp-json\/wp\/v2\/pages\/2244\/revisions"}],"predecessor-version":[{"id":3019,"href":"https:\/\/wm-group.heinmedia.dev\/en\/wp-json\/wp\/v2\/pages\/2244\/revisions\/3019"}],"up":[{"embeddable":true,"href":"https:\/\/wm-group.heinmedia.dev\/en\/wp-json\/wp\/v2\/pages\/2086"}],"wp:attachment":[{"href":"https:\/\/wm-group.heinmedia.dev\/en\/wp-json\/wp\/v2\/media?parent=2244"}],"curies":[{"name":"wp","href":"https:\/\/api.w.org\/{rel}","templated":true}]}}