{"id":2201,"date":"2025-08-14T09:54:23","date_gmt":"2025-08-14T07:54:23","guid":{"rendered":"https:\/\/wm-group.heinmedia.dev\/?page_id=2201"},"modified":"2025-11-25T07:53:19","modified_gmt":"2025-11-25T06:53:19","slug":"packaging-concepts","status":"publish","type":"page","link":"https:\/\/wm-group.heinmedia.dev\/en\/verpackungskonzepte\/","title":{"rendered":"Packaging concepts"},"content":{"rendered":"<section class=\"bde-section-2201-100 bde-section\">\n              \n  \n  \n\t\n\n  <div class=\"section-background-overlay\"><\/div>\n\n\n<div class=\"section-container\"><div class=\"bde-text-2201-101 bde-text\">\nValue Added Services\n<\/div><h1 class=\"bde-heading-2201-102 bde-heading\">\nPackaging concepts - protection, efficiency and precision for your products\n<\/h1><\/div>\n<\/section><section class=\"bde-section-2201-115 bde-section\">\n  \n  \n\t\n\n\n\n<div class=\"section-container\"><div class=\"bde-text-2201-116 bde-text\">\nWe develop <span>Customised packaging solutions<\/span>, that perfectly match your products, processes and transport routes.\n<\/div><div class=\"bde-columns-2201-117 bde-columns\"><div class=\"bde-column-2201-118 bde-column\">\n  \n  \n\t\n\n\n\n<div class=\"bde-gallery-2201-129 bde-gallery\">\n\n\n  \n\n\n\n\n\n\n\n\n\n\n<div class=\"ee-gallery ee-gallery--default ee-gallery--grid ee-gallery--single ee-gallery--lightbox ee-gallery--zoom-in ee-gallery--caption- ee-gallery--caption-none ee-gallery--ratio\">\n                  \n      <a class=\"ee-gallery-item ee-gallery-item--image ee-gallery-item--single\" href=\"https:\/\/wm-group.heinmedia.dev\/wp-content\/uploads\/2025\/10\/verpackungskonzepte_01.jpg\"  data-sub-html=\"<span><\/span>\" data-category=\"1\"                  data-lg-size=\"439-687\"\n\n      >\n        <figure class=\"ee-gallery-item-figure\">\n                        <img loading=\"lazy\" decoding=\"async\" class=\"breakdance-image-object\" src=\"https:\/\/wm-group.heinmedia.dev\/wp-content\/uploads\/2025\/10\/verpackungskonzepte_01.jpg\" width=\"439\" height=\"687\" srcset=\"https:\/\/wm-group.heinmedia.dev\/wp-content\/uploads\/2025\/10\/verpackungskonzepte_01.jpg 439w, https:\/\/wm-group.heinmedia.dev\/wp-content\/uploads\/2025\/10\/verpackungskonzepte_01-192x300.jpg 192w\" sizes=\"auto, (max-width: 439px) 100vw, 439px\">\n          \n                  <\/figure>\n      <\/a>\n\n                \n      <a class=\"ee-gallery-item ee-gallery-item--image ee-gallery-item--single\" href=\"https:\/\/wm-group.heinmedia.dev\/wp-content\/uploads\/2025\/10\/verpackungskonzepte_02.jpg\"  data-sub-html=\"<span><\/span>\" data-category=\"1\"                  data-lg-size=\"408-331\"\n\n      >\n        <figure class=\"ee-gallery-item-figure\">\n                        <img loading=\"lazy\" decoding=\"async\" class=\"breakdance-image-object\" src=\"https:\/\/wm-group.heinmedia.dev\/wp-content\/uploads\/2025\/10\/verpackungskonzepte_02.jpg\" width=\"408\" height=\"331\" srcset=\"https:\/\/wm-group.heinmedia.dev\/wp-content\/uploads\/2025\/10\/verpackungskonzepte_02.jpg 408w, https:\/\/wm-group.heinmedia.dev\/wp-content\/uploads\/2025\/10\/verpackungskonzepte_02-300x243.jpg 300w\" sizes=\"auto, (max-width: 408px) 100vw, 408px\">\n          \n                  <\/figure>\n      <\/a>\n\n                \n      <a class=\"ee-gallery-item ee-gallery-item--image ee-gallery-item--single\" href=\"https:\/\/wm-group.heinmedia.dev\/wp-content\/uploads\/2025\/10\/verpackungskonzepte_03.jpg\"  data-sub-html=\"<span><\/span>\" data-category=\"1\"                  data-lg-size=\"408-331\"\n\n      >\n        <figure class=\"ee-gallery-item-figure\">\n                        <img loading=\"lazy\" decoding=\"async\" class=\"breakdance-image-object\" src=\"https:\/\/wm-group.heinmedia.dev\/wp-content\/uploads\/2025\/10\/verpackungskonzepte_03.jpg\" width=\"408\" height=\"331\" srcset=\"https:\/\/wm-group.heinmedia.dev\/wp-content\/uploads\/2025\/10\/verpackungskonzepte_03.jpg 408w, https:\/\/wm-group.heinmedia.dev\/wp-content\/uploads\/2025\/10\/verpackungskonzepte_03-300x243.jpg 300w\" sizes=\"auto, (max-width: 408px) 100vw, 408px\">\n          \n                  <\/figure>\n      <\/a>\n\n      \n  <\/div>\n\n\n\n<\/div>\n<\/div><div class=\"bde-column-2201-120 bde-column\">\n  \n  \n\t\n\n\n\n<div class=\"bde-rich-text-2201-121 bde-rich-text breakdance-rich-text-styles\">\n<p data-start=\"880\" data-end=\"1414\">For us, packaging is much more than just protective material. It is a central part of your entire supply chain - with a direct impact on handling, transport costs, damage rates and customer satisfaction.<br data-start=\"1086\" data-end=\"1089\" \/>With our technical expertise, modern production processes and decades of experience, we develop packaging concepts that conserve materials, simplify processes and sustainably reduce costs. From foam packaging and shipping racks to optimised formats - we design solutions that work.<\/p>\n<\/div><div class=\"bde-grid-2201-122 bde-grid\">\n  \n  \n\t\n\n\n\n<div class=\"bde-div-2201-123 bde-div\">\n  \n  \n\t\n\n\n\n<h2 class=\"bde-heading-2201-124 bde-heading\">\nCustomised design\n<\/h2><p class=\"bde-text-2201-125 bde-text\">\nPackaging precisely matched to the product, weight and transport requirements.\n<\/p>\n<\/div><div class=\"bde-div-2201-126 bde-div\">\n  \n  \n\t\n\n\n\n<h2 class=\"bde-heading-2201-127 bde-heading\">\nEfficient in the process\n<\/h2><p class=\"bde-text-2201-128 bde-text\">\nOptimised formats save time, material and costs throughout the logistics chain.\n<\/p>\n<\/div>\n<\/div>\n<\/div><\/div><\/div>\n<\/section><section class=\"bde-section-2201-130 bde-section\">\n  \n  \n\t\n\n\n\n<div class=\"section-container\"><div class=\"bde-columns-2201-131 bde-columns\"><div class=\"bde-column-2201-132 bde-column\">\n  \n  \n\t\n\n\n\n<div class=\"bde-div-2201-133 bde-div\">\n  \n  \n\t\n\n\n\n<h2 class=\"bde-heading-2201-134 bde-heading\">\nOur services relating to packaging concepts\n<\/h2><p class=\"bde-text-2201-135 bde-text\">\nWe develop packaging that not only protects, but also simplifies processes and convinces economically. From analysis to series production, you receive everything from a single source.\n<\/p>\n<\/div>\n<\/div><\/div><div class=\"bde-grid-2201-136 bde-grid\">\n  \n  \n\t\n\n\n\n<div class=\"bde-icon-box-2201-137 bde-icon-box\">\n\n    \n            <div class=\"ee-iconbox-icon breakdance-icon-atom\" >\n    \n                    <svg xmlns=\"http:\/\/www.w3.org\/2000\/svg\" viewbox=\"0 0 512 512\"><!--! Font Awesome Free 6.5.1 by @fontawesome - https:\/\/fontawesome.com License - https:\/\/fontawesome.com\/license\/free (Icons: CC BY 4.0, Fonts: SIL OFL 1.1, Code: MIT License) Copyright 2023 Fonticons, Inc. --><path d=\"M256 512A256 256 0 1 0 256 0a256 256 0 1 0 0 512zM369 209L241 337c-9.4 9.4-24.6 9.4-33.9 0l-64-64c-9.4-9.4-9.4-24.6 0-33.9s24.6-9.4 33.9 0l47 47L335 175c9.4-9.4 24.6-9.4 33.9 0s9.4 24.6 0 33.9z\"\/><\/svg>\n        \n        \n        \n            <\/div>\n    \n\n<div class=\"ee-iconbox-content\">\n      <h4 class=\"ee-iconbox-title bde-h3\" >Product analysis &amp; consulting<\/h4>\n        <div class=\"ee-iconbox-text\" >We check dimensions, material requirements and transport routes - for customised packaging concepts.<\/div>\n    <\/div>\n\n<\/div><div class=\"bde-icon-box-2201-138 bde-icon-box\">\n\n    \n            <div class=\"ee-iconbox-icon breakdance-icon-atom\" >\n    \n                    <svg xmlns=\"http:\/\/www.w3.org\/2000\/svg\" viewbox=\"0 0 512 512\"><!--! Font Awesome Free 6.5.1 by @fontawesome - https:\/\/fontawesome.com License - https:\/\/fontawesome.com\/license\/free (Icons: CC BY 4.0, Fonts: SIL OFL 1.1, Code: MIT License) Copyright 2023 Fonticons, Inc. --><path d=\"M256 512A256 256 0 1 0 256 0a256 256 0 1 0 0 512zM369 209L241 337c-9.4 9.4-24.6 9.4-33.9 0l-64-64c-9.4-9.4-9.4-24.6 0-33.9s24.6-9.4 33.9 0l47 47L335 175c9.4-9.4 24.6-9.4 33.9 0s9.4 24.6 0 33.9z\"\/><\/svg>\n        \n        \n        \n            <\/div>\n    \n\n<div class=\"ee-iconbox-content\">\n      <h4 class=\"ee-iconbox-title bde-h3\" >Design &amp; Prototyping<\/h4>\n        <div class=\"ee-iconbox-text\" >3D models, test samples and functional checks ensure that your product is optimally protected.<\/div>\n    <\/div>\n\n<\/div><div class=\"bde-icon-box-2201-139 bde-icon-box\">\n\n    \n            <div class=\"ee-iconbox-icon breakdance-icon-atom\" >\n    \n                    <svg xmlns=\"http:\/\/www.w3.org\/2000\/svg\" viewbox=\"0 0 512 512\"><!--! Font Awesome Free 6.5.1 by @fontawesome - https:\/\/fontawesome.com License - https:\/\/fontawesome.com\/license\/free (Icons: CC BY 4.0, Fonts: SIL OFL 1.1, Code: MIT License) Copyright 2023 Fonticons, Inc. --><path d=\"M256 512A256 256 0 1 0 256 0a256 256 0 1 0 0 512zM369 209L241 337c-9.4 9.4-24.6 9.4-33.9 0l-64-64c-9.4-9.4-9.4-24.6 0-33.9s24.6-9.4 33.9 0l47 47L335 175c9.4-9.4 24.6-9.4 33.9 0s9.4 24.6 0 33.9z\"\/><\/svg>\n        \n        \n        \n            <\/div>\n    \n\n<div class=\"ee-iconbox-content\">\n      <h4 class=\"ee-iconbox-title bde-h3\" >Foam &amp; upholstery solutions<\/h4>\n        <div class=\"ee-iconbox-text\" >High-quality foam inserts protect sensitive goods from shocks, pressure and transport loads.<\/div>\n    <\/div>\n\n<\/div><div class=\"bde-icon-box-2201-140 bde-icon-box\">\n\n    \n            <div class=\"ee-iconbox-icon breakdance-icon-atom\" >\n    \n                    <svg xmlns=\"http:\/\/www.w3.org\/2000\/svg\" viewbox=\"0 0 512 512\"><!--! Font Awesome Free 6.5.1 by @fontawesome - https:\/\/fontawesome.com License - https:\/\/fontawesome.com\/license\/free (Icons: CC BY 4.0, Fonts: SIL OFL 1.1, Code: MIT License) Copyright 2023 Fonticons, Inc. --><path d=\"M256 512A256 256 0 1 0 256 0a256 256 0 1 0 0 512zM369 209L241 337c-9.4 9.4-24.6 9.4-33.9 0l-64-64c-9.4-9.4-9.4-24.6 0-33.9s24.6-9.4 33.9 0l47 47L335 175c9.4-9.4 24.6-9.4 33.9 0s9.4 24.6 0 33.9z\"\/><\/svg>\n        \n        \n        \n            <\/div>\n    \n\n<div class=\"ee-iconbox-content\">\n      <h4 class=\"ee-iconbox-title bde-h3\" >Shipping formats &amp; racks<\/h4>\n        <div class=\"ee-iconbox-text\" >Efficient formats reduce transport costs and enable safe, space-saving logistics.<\/div>\n    <\/div>\n\n<\/div><div class=\"bde-icon-box-2201-141 bde-icon-box\">\n\n    \n            <div class=\"ee-iconbox-icon breakdance-icon-atom\" >\n    \n                    <svg xmlns=\"http:\/\/www.w3.org\/2000\/svg\" viewbox=\"0 0 512 512\"><!--! Font Awesome Free 6.5.1 by @fontawesome - https:\/\/fontawesome.com License - https:\/\/fontawesome.com\/license\/free (Icons: CC BY 4.0, Fonts: SIL OFL 1.1, Code: MIT License) Copyright 2023 Fonticons, Inc. --><path d=\"M256 512A256 256 0 1 0 256 0a256 256 0 1 0 0 512zM369 209L241 337c-9.4 9.4-24.6 9.4-33.9 0l-64-64c-9.4-9.4-9.4-24.6 0-33.9s24.6-9.4 33.9 0l47 47L335 175c9.4-9.4 24.6-9.4 33.9 0s9.4 24.6 0 33.9z\"\/><\/svg>\n        \n        \n        \n            <\/div>\n    \n\n<div class=\"ee-iconbox-content\">\n      <h4 class=\"ee-iconbox-title bde-h3\" >Just-in-time supply<\/h4>\n        <div class=\"ee-iconbox-text\" >Thanks to our consignment warehouse, you receive packaging punctually and as required at every location.<\/div>\n    <\/div>\n\n<\/div><div class=\"bde-icon-box-2201-142 bde-icon-box\">\n\n    \n            <div class=\"ee-iconbox-icon breakdance-icon-atom\" >\n    \n                    <svg xmlns=\"http:\/\/www.w3.org\/2000\/svg\" viewbox=\"0 0 512 512\"><!--! Font Awesome Free 6.5.1 by @fontawesome - https:\/\/fontawesome.com License - https:\/\/fontawesome.com\/license\/free (Icons: CC BY 4.0, Fonts: SIL OFL 1.1, Code: MIT License) Copyright 2023 Fonticons, Inc. --><path d=\"M256 512A256 256 0 1 0 256 0a256 256 0 1 0 0 512zM369 209L241 337c-9.4 9.4-24.6 9.4-33.9 0l-64-64c-9.4-9.4-9.4-24.6 0-33.9s24.6-9.4 33.9 0l47 47L335 175c9.4-9.4 24.6-9.4 33.9 0s9.4 24.6 0 33.9z\"\/><\/svg>\n        \n        \n        \n            <\/div>\n    \n\n<div class=\"ee-iconbox-content\">\n      <h4 class=\"ee-iconbox-title bde-h3\" >Series production &amp; quality assurance<\/h4>\n        <div class=\"ee-iconbox-text\" >State-of-the-art production processes and QA standards ensure consistent quality - from individual items to large series.<\/div>\n    <\/div>\n\n<\/div>\n<\/div><\/div>\n<\/section><section class=\"bde-section-2201-143 bde-section\">\n  \n  \n\t\n\n\n\n<div class=\"section-container\"><div class=\"bde-div-2201-144 bde-div\">\n  \n  \n\t\n\n\n\n<div class=\"bde-div-2201-145 bde-div\">\n  \n  \n\t\n\n\n\n<h2 class=\"bde-heading-2201-146 bde-heading\">\nYour product deserves the right packaging\n<\/h2><p class=\"bde-text-2201-147 bde-text\">\nWhether individual parts, series products or sensitive high-tech items - we develop the packaging concept that makes your logistics easier, safer and more efficient.<br>\n<\/p><div class=\"bde-button-2201-148 bde-button\">\n        \n    \n    \n    \n    \n            \n                    \n            \n            \n\n    \n    \n    \n    \n    \n    <a class=\"breakdance-link button-atom button-atom--primary bde-button__button\" href=\"https:\/\/wm-group.heinmedia.dev\/en\/contact\/\" target=\"_self\" data-type=\"url\"  >\n\n    \n        <span class=\"button-atom__text\">Request a consultation<\/span>\n\n        \n        \n                <\/a>\n\n    \n\n\n<\/div>\n<\/div>\n<\/div><\/div>\n<\/section>","protected":false},"excerpt":{"rendered":"<p>Value Added Services Verpackungskonzepte \u2013 Schutz, Effizienz und Pr\u00e4zision f\u00fcr Ihre Produkte Wir entwickeln individuelle Verpackungsl\u00f6sungen, die perfekt zu Ihren Produkten, Prozessen und Transportwegen passen. Verpackung ist f\u00fcr uns weit mehr als Schutzmaterial. Sie ist ein zentraler Teil Ihrer gesamten Supply Chain \u2013 mit direkten Auswirkungen auf Handling, Transportkosten, Schadensquoten und Kundenzufriedenheit.Mit unserem technischen Know-how, [&hellip;]<\/p>\n","protected":false},"author":248570550,"featured_media":0,"parent":0,"menu_order":0,"comment_status":"closed","ping_status":"closed","template":"","meta":{"inline_featured_image":false,"_breakdance_hide_in_design_set":false,"_breakdance_tags":"","footnotes":""},"class_list":["post-2201","page","type-page","status-publish","hentry"],"meta_box":[],"_links":{"self":[{"href":"https:\/\/wm-group.heinmedia.dev\/en\/wp-json\/wp\/v2\/pages\/2201","targetHints":{"allow":["GET"]}}],"collection":[{"href":"https:\/\/wm-group.heinmedia.dev\/en\/wp-json\/wp\/v2\/pages"}],"about":[{"href":"https:\/\/wm-group.heinmedia.dev\/en\/wp-json\/wp\/v2\/types\/page"}],"author":[{"embeddable":true,"href":"https:\/\/wm-group.heinmedia.dev\/en\/wp-json\/wp\/v2\/users\/248570550"}],"replies":[{"embeddable":true,"href":"https:\/\/wm-group.heinmedia.dev\/en\/wp-json\/wp\/v2\/comments?post=2201"}],"version-history":[{"count":6,"href":"https:\/\/wm-group.heinmedia.dev\/en\/wp-json\/wp\/v2\/pages\/2201\/revisions"}],"predecessor-version":[{"id":2924,"href":"https:\/\/wm-group.heinmedia.dev\/en\/wp-json\/wp\/v2\/pages\/2201\/revisions\/2924"}],"wp:attachment":[{"href":"https:\/\/wm-group.heinmedia.dev\/en\/wp-json\/wp\/v2\/media?parent=2201"}],"curies":[{"name":"wp","href":"https:\/\/api.w.org\/{rel}","templated":true}]}}