{"id":2193,"date":"2025-08-14T09:44:54","date_gmt":"2025-08-14T07:44:54","guid":{"rendered":"https:\/\/wm-group.heinmedia.dev\/?page_id=2193"},"modified":"2025-11-25T07:37:31","modified_gmt":"2025-11-25T06:37:31","slug":"codes-reading-and-processing","status":"publish","type":"page","link":"https:\/\/wm-group.heinmedia.dev\/en\/codes-reading-and-processing\/","title":{"rendered":"Codes: Reading and Processing"},"content":{"rendered":"<section class=\"bde-section-2193-100 bde-section\">\n              \n  \n  \n\t\n\n  <div class=\"section-background-overlay\"><\/div>\n\n\n<div class=\"section-container\"><div class=\"bde-text-2193-101 bde-text\">\nValue Added Services\n<\/div><h1 class=\"bde-heading-2193-102 bde-heading\">\nHighest precision in code recognition &amp; processing\n<\/h1><\/div>\n<\/section><section class=\"bde-section-2193-130 bde-section\">\n  \n  \n\t\n\n\n\n<div class=\"section-container\"><div class=\"bde-text-2193-131 bde-text\">\nIn-house developed high-end system that <span>reads all code formats<\/span>, documents every step and makes it visible in real time.\n<\/div><div class=\"bde-columns-2193-132 bde-columns\"><div class=\"bde-column-2193-133 bde-column\">\n  \n  \n\t\n\n\n\n<div class=\"bde-gallery-2193-144 bde-gallery\">\n\n\n  \n\n\n\n\n\n\n\n\n\n\n<div class=\"ee-gallery ee-gallery--default ee-gallery--grid ee-gallery--single ee-gallery--lightbox ee-gallery--zoom-in ee-gallery--caption- ee-gallery--caption-none ee-gallery--ratio\">\n                  \n      <a class=\"ee-gallery-item ee-gallery-item--image ee-gallery-item--single\" href=\"https:\/\/wm-group.heinmedia.dev\/wp-content\/uploads\/2025\/09\/WM-Group-Greven-Imageaufnahmen-43.jpg\"  data-sub-html=\"<span><\/span>\" data-category=\"1\"                  data-lg-size=\"2500-1667\"\n\n      >\n        <figure class=\"ee-gallery-item-figure\">\n                        <img loading=\"lazy\" decoding=\"async\" class=\"breakdance-image-object\" src=\"https:\/\/wm-group.heinmedia.dev\/wp-content\/uploads\/2025\/09\/WM-Group-Greven-Imageaufnahmen-43-768x512.jpg\" width=\"768\" height=\"512\" srcset=\"https:\/\/wm-group.heinmedia.dev\/wp-content\/uploads\/2025\/09\/WM-Group-Greven-Imageaufnahmen-43.jpg 2500w, https:\/\/wm-group.heinmedia.dev\/wp-content\/uploads\/2025\/09\/WM-Group-Greven-Imageaufnahmen-43-300x200.jpg 300w, https:\/\/wm-group.heinmedia.dev\/wp-content\/uploads\/2025\/09\/WM-Group-Greven-Imageaufnahmen-43-1024x683.jpg 1024w, https:\/\/wm-group.heinmedia.dev\/wp-content\/uploads\/2025\/09\/WM-Group-Greven-Imageaufnahmen-43-768x512.jpg 768w, https:\/\/wm-group.heinmedia.dev\/wp-content\/uploads\/2025\/09\/WM-Group-Greven-Imageaufnahmen-43-1536x1024.jpg 1536w, https:\/\/wm-group.heinmedia.dev\/wp-content\/uploads\/2025\/09\/WM-Group-Greven-Imageaufnahmen-43-2048x1366.jpg 2048w\" sizes=\"auto, (max-width: 2500px) 100vw, 2500px\">\n          \n                  <\/figure>\n      <\/a>\n\n                \n      <a class=\"ee-gallery-item ee-gallery-item--image ee-gallery-item--single\" href=\"https:\/\/wm-group.heinmedia.dev\/wp-content\/uploads\/2025\/10\/Imageaufnahmen_WM-Group_Muelheim-28.jpg\"  data-sub-html=\"<span><\/span>\" data-category=\"1\"                  data-lg-size=\"2500-1667\"\n\n      >\n        <figure class=\"ee-gallery-item-figure\">\n                        <img loading=\"lazy\" decoding=\"async\" class=\"breakdance-image-object\" src=\"https:\/\/wm-group.heinmedia.dev\/wp-content\/uploads\/2025\/10\/Imageaufnahmen_WM-Group_Muelheim-28-768x512.jpg\" width=\"768\" height=\"512\" srcset=\"https:\/\/wm-group.heinmedia.dev\/wp-content\/uploads\/2025\/10\/Imageaufnahmen_WM-Group_Muelheim-28.jpg 2500w, https:\/\/wm-group.heinmedia.dev\/wp-content\/uploads\/2025\/10\/Imageaufnahmen_WM-Group_Muelheim-28-300x200.jpg 300w, https:\/\/wm-group.heinmedia.dev\/wp-content\/uploads\/2025\/10\/Imageaufnahmen_WM-Group_Muelheim-28-1024x683.jpg 1024w, https:\/\/wm-group.heinmedia.dev\/wp-content\/uploads\/2025\/10\/Imageaufnahmen_WM-Group_Muelheim-28-768x512.jpg 768w, https:\/\/wm-group.heinmedia.dev\/wp-content\/uploads\/2025\/10\/Imageaufnahmen_WM-Group_Muelheim-28-1536x1024.jpg 1536w, https:\/\/wm-group.heinmedia.dev\/wp-content\/uploads\/2025\/10\/Imageaufnahmen_WM-Group_Muelheim-28-2048x1366.jpg 2048w\" sizes=\"auto, (max-width: 2500px) 100vw, 2500px\">\n          \n                  <\/figure>\n      <\/a>\n\n                \n      <a class=\"ee-gallery-item ee-gallery-item--image ee-gallery-item--single\" href=\"https:\/\/wm-group.heinmedia.dev\/wp-content\/uploads\/2025\/10\/WM-Group-reshots-53.jpg\"  data-sub-html=\"<span><\/span>\" data-category=\"1\"                  data-lg-size=\"2500-1667\"\n\n      >\n        <figure class=\"ee-gallery-item-figure\">\n                        <img loading=\"lazy\" decoding=\"async\" class=\"breakdance-image-object\" src=\"https:\/\/wm-group.heinmedia.dev\/wp-content\/uploads\/2025\/10\/WM-Group-reshots-53-768x512.jpg\" width=\"768\" height=\"512\" srcset=\"https:\/\/wm-group.heinmedia.dev\/wp-content\/uploads\/2025\/10\/WM-Group-reshots-53.jpg 2500w, https:\/\/wm-group.heinmedia.dev\/wp-content\/uploads\/2025\/10\/WM-Group-reshots-53-300x200.jpg 300w, https:\/\/wm-group.heinmedia.dev\/wp-content\/uploads\/2025\/10\/WM-Group-reshots-53-1024x683.jpg 1024w, https:\/\/wm-group.heinmedia.dev\/wp-content\/uploads\/2025\/10\/WM-Group-reshots-53-768x512.jpg 768w, https:\/\/wm-group.heinmedia.dev\/wp-content\/uploads\/2025\/10\/WM-Group-reshots-53-1536x1024.jpg 1536w, https:\/\/wm-group.heinmedia.dev\/wp-content\/uploads\/2025\/10\/WM-Group-reshots-53-2048x1366.jpg 2048w\" sizes=\"auto, (max-width: 2500px) 100vw, 2500px\">\n          \n                  <\/figure>\n      <\/a>\n\n      \n  <\/div>\n\n\n\n<\/div>\n<\/div><div class=\"bde-column-2193-135 bde-column\">\n  \n  \n\t\n\n\n\n<div class=\"bde-rich-text-2193-136 bde-rich-text breakdance-rich-text-styles\">\n<p>Our in-house system enables the fast, secure and complete capture and processing of all common code formats - from classic 1D\/2D barcodes to complex DataMatrix and UPID special formats.<br \/>Every single code, every unit and every serial number is seamlessly identified, reliably processed and documented. Thanks to seamless system integration, we ensure maximum traceability, data consistency and compliance - even with the highest regulatory requirements.<\/p>\n<\/div><div class=\"bde-grid-2193-137 bde-grid\">\n  \n  \n\t\n\n\n\n<div class=\"bde-div-2193-138 bde-div\">\n  \n  \n\t\n\n\n\n<h2 class=\"bde-heading-2193-139 bde-heading\">\nAutomatic quality inspection\n<\/h2><p class=\"bde-text-2193-140 bde-text\">\nRecognises incorrect or duplicate codes immediately and prevents incorrect assignments in the process.\n<\/p>\n<\/div><div class=\"bde-div-2193-141 bde-div\">\n  \n  \n\t\n\n\n\n<h2 class=\"bde-heading-2193-142 bde-heading\">\nSupport for complex formats\n<\/h2><p class=\"bde-text-2193-143 bde-text\">\nReliably processes even demanding DataMatrix, UPID and aggregation codes.\n<\/p>\n<\/div>\n<\/div>\n<\/div><\/div><\/div>\n<\/section><section class=\"bde-section-2193-145 bde-section\">\n  \n  \n\t\n\n\n\n<div class=\"section-container\"><div class=\"bde-columns-2193-146 bde-columns\"><div class=\"bde-column-2193-147 bde-column\">\n  \n  \n\t\n\n\n\n<div class=\"bde-div-2193-148 bde-div\">\n  \n  \n\t\n\n\n\n<h2 class=\"bde-heading-2193-149 bde-heading\">\nYour process. Our precision.\n<\/h2><p class=\"bde-text-2193-150 bde-text\">\nOur solution creates clarity in complex logistics processes: automated, data-driven and traceable at all times. This gives you control without additional effort - and increases efficiency, quality and speed at the same time.\n<\/p>\n<\/div>\n<\/div><\/div><div class=\"bde-grid-2193-151 bde-grid\">\n  \n  \n\t\n\n\n\n<div class=\"bde-icon-box-2193-152 bde-icon-box\">\n\n    \n            <div class=\"ee-iconbox-icon breakdance-icon-atom\" >\n    \n                    <svg xmlns=\"http:\/\/www.w3.org\/2000\/svg\" viewbox=\"0 0 512 512\"><!--! Font Awesome Free 6.5.1 by @fontawesome - https:\/\/fontawesome.com License - https:\/\/fontawesome.com\/license\/free (Icons: CC BY 4.0, Fonts: SIL OFL 1.1, Code: MIT License) Copyright 2023 Fonticons, Inc. --><path d=\"M256 512A256 256 0 1 0 256 0a256 256 0 1 0 0 512zM369 209L241 337c-9.4 9.4-24.6 9.4-33.9 0l-64-64c-9.4-9.4-9.4-24.6 0-33.9s24.6-9.4 33.9 0l47 47L335 175c9.4-9.4 24.6-9.4 33.9 0s9.4 24.6 0 33.9z\"\/><\/svg>\n        \n        \n        \n            <\/div>\n    \n\n<div class=\"ee-iconbox-content\">\n      <h4 class=\"ee-iconbox-title bde-h3\" >Data-based decisions<\/h4>\n        <div class=\"ee-iconbox-text\" >Clean, structured and complete information enables precise control instead of gut feeling.<\/div>\n    <\/div>\n\n<\/div><div class=\"bde-icon-box-2193-153 bde-icon-box\">\n\n    \n            <div class=\"ee-iconbox-icon breakdance-icon-atom\" >\n    \n                    <svg xmlns=\"http:\/\/www.w3.org\/2000\/svg\" viewbox=\"0 0 512 512\"><!--! Font Awesome Free 6.5.1 by @fontawesome - https:\/\/fontawesome.com License - https:\/\/fontawesome.com\/license\/free (Icons: CC BY 4.0, Fonts: SIL OFL 1.1, Code: MIT License) Copyright 2023 Fonticons, Inc. --><path d=\"M256 512A256 256 0 1 0 256 0a256 256 0 1 0 0 512zM369 209L241 337c-9.4 9.4-24.6 9.4-33.9 0l-64-64c-9.4-9.4-9.4-24.6 0-33.9s24.6-9.4 33.9 0l47 47L335 175c9.4-9.4 24.6-9.4 33.9 0s9.4 24.6 0 33.9z\"\/><\/svg>\n        \n        \n        \n            <\/div>\n    \n\n<div class=\"ee-iconbox-content\">\n      <h4 class=\"ee-iconbox-title bde-h3\" >Less clarification effort<\/h4>\n        <div class=\"ee-iconbox-text\" >All information is available centrally - queries, ambiguities and manual coordination are noticeably reduced.<\/div>\n    <\/div>\n\n<\/div><div class=\"bde-icon-box-2193-154 bde-icon-box\">\n\n    \n            <div class=\"ee-iconbox-icon breakdance-icon-atom\" >\n    \n                    <svg xmlns=\"http:\/\/www.w3.org\/2000\/svg\" viewbox=\"0 0 512 512\"><!--! Font Awesome Free 6.5.1 by @fontawesome - https:\/\/fontawesome.com License - https:\/\/fontawesome.com\/license\/free (Icons: CC BY 4.0, Fonts: SIL OFL 1.1, Code: MIT License) Copyright 2023 Fonticons, Inc. --><path d=\"M256 512A256 256 0 1 0 256 0a256 256 0 1 0 0 512zM369 209L241 337c-9.4 9.4-24.6 9.4-33.9 0l-64-64c-9.4-9.4-9.4-24.6 0-33.9s24.6-9.4 33.9 0l47 47L335 175c9.4-9.4 24.6-9.4 33.9 0s9.4 24.6 0 33.9z\"\/><\/svg>\n        \n        \n        \n            <\/div>\n    \n\n<div class=\"ee-iconbox-content\">\n      <h4 class=\"ee-iconbox-title bde-h3\" >Standardised processes<\/h4>\n        <div class=\"ee-iconbox-text\" >Standardised processes ensure stability, minimise sources of error and increase process reliability.<\/div>\n    <\/div>\n\n<\/div><div class=\"bde-icon-box-2193-155 bde-icon-box\">\n\n    \n            <div class=\"ee-iconbox-icon breakdance-icon-atom\" >\n    \n                    <svg xmlns=\"http:\/\/www.w3.org\/2000\/svg\" viewbox=\"0 0 512 512\"><!--! Font Awesome Free 6.5.1 by @fontawesome - https:\/\/fontawesome.com License - https:\/\/fontawesome.com\/license\/free (Icons: CC BY 4.0, Fonts: SIL OFL 1.1, Code: MIT License) Copyright 2023 Fonticons, Inc. --><path d=\"M256 512A256 256 0 1 0 256 0a256 256 0 1 0 0 512zM369 209L241 337c-9.4 9.4-24.6 9.4-33.9 0l-64-64c-9.4-9.4-9.4-24.6 0-33.9s24.6-9.4 33.9 0l47 47L335 175c9.4-9.4 24.6-9.4 33.9 0s9.4 24.6 0 33.9z\"\/><\/svg>\n        \n        \n        \n            <\/div>\n    \n\n<div class=\"ee-iconbox-content\">\n      <h4 class=\"ee-iconbox-title bde-h3\" >Operational relief<\/h4>\n        <div class=\"ee-iconbox-text\" >Automated testing and documentation steps reduce manual activities and create freedom in day-to-day business.<\/div>\n    <\/div>\n\n<\/div><div class=\"bde-icon-box-2193-156 bde-icon-box\">\n\n    \n            <div class=\"ee-iconbox-icon breakdance-icon-atom\" >\n    \n                    <svg xmlns=\"http:\/\/www.w3.org\/2000\/svg\" viewbox=\"0 0 512 512\"><!--! Font Awesome Free 6.5.1 by @fontawesome - https:\/\/fontawesome.com License - https:\/\/fontawesome.com\/license\/free (Icons: CC BY 4.0, Fonts: SIL OFL 1.1, Code: MIT License) Copyright 2023 Fonticons, Inc. --><path d=\"M256 512A256 256 0 1 0 256 0a256 256 0 1 0 0 512zM369 209L241 337c-9.4 9.4-24.6 9.4-33.9 0l-64-64c-9.4-9.4-9.4-24.6 0-33.9s24.6-9.4 33.9 0l47 47L335 175c9.4-9.4 24.6-9.4 33.9 0s9.4 24.6 0 33.9z\"\/><\/svg>\n        \n        \n        \n            <\/div>\n    \n\n<div class=\"ee-iconbox-content\">\n      <h4 class=\"ee-iconbox-title bde-h3\" >Clear responsibilities<\/h4>\n        <div class=\"ee-iconbox-text\" >Transparent process steps make responsibilities visible - ideal for quality, audit and compliance.<\/div>\n    <\/div>\n\n<\/div><div class=\"bde-icon-box-2193-157 bde-icon-box\">\n\n    \n            <div class=\"ee-iconbox-icon breakdance-icon-atom\" >\n    \n                    <svg xmlns=\"http:\/\/www.w3.org\/2000\/svg\" viewbox=\"0 0 512 512\"><!--! Font Awesome Free 6.5.1 by @fontawesome - https:\/\/fontawesome.com License - https:\/\/fontawesome.com\/license\/free (Icons: CC BY 4.0, Fonts: SIL OFL 1.1, Code: MIT License) Copyright 2023 Fonticons, Inc. --><path d=\"M256 512A256 256 0 1 0 256 0a256 256 0 1 0 0 512zM369 209L241 337c-9.4 9.4-24.6 9.4-33.9 0l-64-64c-9.4-9.4-9.4-24.6 0-33.9s24.6-9.4 33.9 0l47 47L335 175c9.4-9.4 24.6-9.4 33.9 0s9.4 24.6 0 33.9z\"\/><\/svg>\n        \n        \n        \n            <\/div>\n    \n\n<div class=\"ee-iconbox-content\">\n      <h4 class=\"ee-iconbox-title bde-h3\" >Better exception management<\/h4>\n        <div class=\"ee-iconbox-text\" >Irregularities are not only recognised, but also clearly assigned - so that problems can be solved more quickly.<\/div>\n    <\/div>\n\n<\/div>\n<\/div><\/div>\n<\/section><section class=\"bde-section-2193-158 bde-section\">\n  \n  \n\t\n\n\n\n<div class=\"section-container\"><div class=\"bde-div-2193-159 bde-div\">\n  \n  \n\t\n\n\n\n<div class=\"bde-div-2193-160 bde-div\">\n  \n  \n\t\n\n\n\n<h2 class=\"bde-heading-2193-161 bde-heading\">\nUse digital logistics solutions that really take the strain off you\n<\/h2><p class=\"bde-text-2193-162 bde-text\">\nOur solutions combine process intelligence, real-time transparency and automated quality checks. This allows you to ensure compliance, increase speed and create stable, reproducible processes across all locations.\n<\/p><div class=\"bde-button-2193-163 bde-button\">\n        \n    \n    \n    \n    \n            \n                    \n            \n            \n\n    \n    \n    \n    \n    \n    <a class=\"breakdance-link button-atom button-atom--primary bde-button__button\" href=\"https:\/\/wm-group.heinmedia.dev\/en\/contact\/\" target=\"_self\" data-type=\"url\"  >\n\n    \n        <span class=\"button-atom__text\">Request a consultation<\/span>\n\n        \n        \n                <\/a>\n\n    \n\n\n<\/div>\n<\/div>\n<\/div><\/div>\n<\/section>","protected":false},"excerpt":{"rendered":"<p>Value Added Services H\u00f6chste Pr\u00e4zision bei der Code-Erkennung &#038; -Verarbeitung Eigenentwickeltes High-End-System, das alle Codeformate liest, jeden Schritt dokumentiert und in Echtzeit sichtbar macht. Unser hauseigenes System erm\u00f6glicht die schnelle, sichere und vollst\u00e4ndige Erfassung sowie Verarbeitung s\u00e4mtlicher g\u00e4ngiger Code-Formate \u2013 von klassischen 1D-\/2D-Barcodes bis hin zu komplexen DataMatrix- und UPID-Sonderformaten.Jeder einzelne Code, jedes Aggregat und [&hellip;]<\/p>\n","protected":false},"author":248570550,"featured_media":0,"parent":0,"menu_order":0,"comment_status":"closed","ping_status":"closed","template":"","meta":{"inline_featured_image":false,"_breakdance_hide_in_design_set":false,"_breakdance_tags":"","footnotes":""},"class_list":["post-2193","page","type-page","status-publish","hentry"],"meta_box":[],"_links":{"self":[{"href":"https:\/\/wm-group.heinmedia.dev\/en\/wp-json\/wp\/v2\/pages\/2193","targetHints":{"allow":["GET"]}}],"collection":[{"href":"https:\/\/wm-group.heinmedia.dev\/en\/wp-json\/wp\/v2\/pages"}],"about":[{"href":"https:\/\/wm-group.heinmedia.dev\/en\/wp-json\/wp\/v2\/types\/page"}],"author":[{"embeddable":true,"href":"https:\/\/wm-group.heinmedia.dev\/en\/wp-json\/wp\/v2\/users\/248570550"}],"replies":[{"embeddable":true,"href":"https:\/\/wm-group.heinmedia.dev\/en\/wp-json\/wp\/v2\/comments?post=2193"}],"version-history":[{"count":5,"href":"https:\/\/wm-group.heinmedia.dev\/en\/wp-json\/wp\/v2\/pages\/2193\/revisions"}],"predecessor-version":[{"id":2922,"href":"https:\/\/wm-group.heinmedia.dev\/en\/wp-json\/wp\/v2\/pages\/2193\/revisions\/2922"}],"wp:attachment":[{"href":"https:\/\/wm-group.heinmedia.dev\/en\/wp-json\/wp\/v2\/media?parent=2193"}],"curies":[{"name":"wp","href":"https:\/\/api.w.org\/{rel}","templated":true}]}}