{"id":2188,"date":"2025-08-14T09:26:13","date_gmt":"2025-08-14T07:26:13","guid":{"rendered":"https:\/\/wm-group.heinmedia.dev\/?page_id=2188"},"modified":"2025-11-25T07:24:51","modified_gmt":"2025-11-25T06:24:51","slug":"track-and-trace","status":"publish","type":"page","link":"https:\/\/wm-group.heinmedia.dev\/en\/track-and-trace\/","title":{"rendered":"Track and Trace"},"content":{"rendered":"<section class=\"bde-section-2188-100 bde-section\">\n              \n  \n  \n\t\n\n  <div class=\"section-background-overlay\"><\/div>\n\n\n<div class=\"section-container\"><div class=\"bde-text-2188-101 bde-text\">\nValue Added Services\n<\/div><h1 class=\"bde-heading-2188-102 bde-heading\">\nTrack &amp; Trace redefined - maximum transparency for SMEs\n<\/h1><\/div>\n<\/section><section class=\"bde-section-2188-371 bde-section\">\n  \n  \n\t\n\n\n\n<div class=\"section-container\"><div class=\"bde-text-2188-196 bde-text\">\nSeamless <span>Real-time transparency<\/span> along your entire supply chain - for precise decisions and maximum process reliability.\n<\/div><div class=\"bde-columns-2188-372 bde-columns\"><div class=\"bde-column-2188-373 bde-column\">\n  \n  \n\t\n\n\n\n<div class=\"bde-gallery-2188-234 bde-gallery\">\n\n\n  \n\n\n\n\n\n\n\n\n\n\n<div class=\"ee-gallery ee-gallery--default ee-gallery--grid ee-gallery--single ee-gallery--lightbox ee-gallery--zoom-in ee-gallery--caption- ee-gallery--caption-none ee-gallery--ratio\">\n                  \n      <a class=\"ee-gallery-item ee-gallery-item--image ee-gallery-item--single\" href=\"https:\/\/wm-group.heinmedia.dev\/wp-content\/uploads\/2025\/10\/tracktrace_01.jpg\"  data-sub-html=\"<span><\/span>\" data-category=\"1\"                  data-lg-size=\"536-838\"\n\n      >\n        <figure class=\"ee-gallery-item-figure\">\n                        <img loading=\"lazy\" decoding=\"async\" class=\"breakdance-image-object\" src=\"https:\/\/wm-group.heinmedia.dev\/wp-content\/uploads\/2025\/10\/tracktrace_01.jpg\" width=\"536\" height=\"838\" srcset=\"https:\/\/wm-group.heinmedia.dev\/wp-content\/uploads\/2025\/10\/tracktrace_01.jpg 536w, https:\/\/wm-group.heinmedia.dev\/wp-content\/uploads\/2025\/10\/tracktrace_01-192x300.jpg 192w\" sizes=\"auto, (max-width: 536px) 100vw, 536px\">\n          \n                  <\/figure>\n      <\/a>\n\n                \n      <a class=\"ee-gallery-item ee-gallery-item--image ee-gallery-item--single\" href=\"https:\/\/wm-group.heinmedia.dev\/wp-content\/uploads\/2025\/10\/tracktrace_02.jpg\"  data-sub-html=\"<span><\/span>\" data-category=\"1\"                  data-lg-size=\"408-331\"\n\n      >\n        <figure class=\"ee-gallery-item-figure\">\n                        <img loading=\"lazy\" decoding=\"async\" class=\"breakdance-image-object\" src=\"https:\/\/wm-group.heinmedia.dev\/wp-content\/uploads\/2025\/10\/tracktrace_02.jpg\" width=\"408\" height=\"331\" srcset=\"https:\/\/wm-group.heinmedia.dev\/wp-content\/uploads\/2025\/10\/tracktrace_02.jpg 408w, https:\/\/wm-group.heinmedia.dev\/wp-content\/uploads\/2025\/10\/tracktrace_02-300x243.jpg 300w\" sizes=\"auto, (max-width: 408px) 100vw, 408px\">\n          \n                  <\/figure>\n      <\/a>\n\n                \n      <a class=\"ee-gallery-item ee-gallery-item--image ee-gallery-item--single\" href=\"https:\/\/wm-group.heinmedia.dev\/wp-content\/uploads\/2025\/10\/tracktrace_03.jpg\"  data-sub-html=\"<span><\/span>\" data-category=\"1\"                  data-lg-size=\"408-331\"\n\n      >\n        <figure class=\"ee-gallery-item-figure\">\n                        <img loading=\"lazy\" decoding=\"async\" class=\"breakdance-image-object\" src=\"https:\/\/wm-group.heinmedia.dev\/wp-content\/uploads\/2025\/10\/tracktrace_03.jpg\" width=\"408\" height=\"331\" srcset=\"https:\/\/wm-group.heinmedia.dev\/wp-content\/uploads\/2025\/10\/tracktrace_03.jpg 408w, https:\/\/wm-group.heinmedia.dev\/wp-content\/uploads\/2025\/10\/tracktrace_03-300x243.jpg 300w\" sizes=\"auto, (max-width: 408px) 100vw, 408px\">\n          \n                  <\/figure>\n      <\/a>\n\n      \n  <\/div>\n\n\n\n<\/div>\n<\/div><div class=\"bde-column-2188-375 bde-column\">\n  \n  \n\t\n\n\n\n<div class=\"bde-rich-text-2188-386 bde-rich-text breakdance-rich-text-styles\">\n<p data-start=\"1055\" data-end=\"1320\">Our Track &amp; Trace system makes all relevant logistics processes immediately visible - across locations, tours, batches and consignments. Deviations are recognised at an early stage, throughput times can be measured precisely and quality requirements can be demonstrably fulfilled.<\/p>\n<p data-start=\"1324\" data-end=\"1555\">Whether e-commerce, industry, food, pharmaceuticals or lifestyle products: Track &amp; Trace allows you to increase process reliability, efficiency and customer satisfaction - while reducing error rates, returns and rework.<\/p>\n<\/div><div class=\"bde-grid-2188-377 bde-grid\">\n  \n  \n\t\n\n\n\n<div class=\"bde-div-2188-378 bde-div\">\n  \n  \n\t\n\n\n\n<h2 class=\"bde-heading-2188-379 bde-heading\">\nEfficiently integrated<br>\n<\/h2><p class=\"bde-text-2188-380 bde-text\">\nSeamlessly connected to existing systems - without media disruptions.\n<\/p>\n<\/div><div class=\"bde-div-2188-381 bde-div\">\n  \n  \n\t\n\n\n\n<h2 class=\"bde-heading-2188-382 bde-heading\">\nHigh data quality<br>\n<\/h2><p class=\"bde-text-2188-383 bde-text\">\nValid, consistent codes as the basis for reliable decisions and stable processes.<br>\n<\/p>\n<\/div>\n<\/div>\n<\/div><\/div><\/div>\n<\/section><section class=\"bde-section-2188-238 bde-section\">\n  \n  \n\t\n\n\n\n<div class=\"section-container\"><div class=\"bde-columns-2188-239 bde-columns\"><div class=\"bde-column-2188-240 bde-column\">\n  \n  \n\t\n\n\n\n<div class=\"bde-div-2188-241 bde-div\">\n  \n  \n\t\n\n\n\n<h2 class=\"bde-heading-2188-243 bde-heading\">\nMore control, less effort\n<\/h2><p class=\"bde-text-2188-244 bde-text\">\nTrack &amp; Trace gives you full transparency over every step of your logistics chain - automated, centrally controlled and in real time. Less manual rework, fewer errors, more efficiency in all processes.\n<\/p>\n<\/div>\n<\/div><\/div><div class=\"bde-grid-2188-252 bde-grid\">\n  \n  \n\t\n\n\n\n<div class=\"bde-icon-box-2188-254 bde-icon-box\">\n\n    \n            <div class=\"ee-iconbox-icon breakdance-icon-atom\" >\n    \n                    <svg xmlns=\"http:\/\/www.w3.org\/2000\/svg\" viewbox=\"0 0 512 512\"><!--! Font Awesome Free 6.5.1 by @fontawesome - https:\/\/fontawesome.com License - https:\/\/fontawesome.com\/license\/free (Icons: CC BY 4.0, Fonts: SIL OFL 1.1, Code: MIT License) Copyright 2023 Fonticons, Inc. --><path d=\"M256 512A256 256 0 1 0 256 0a256 256 0 1 0 0 512zM369 209L241 337c-9.4 9.4-24.6 9.4-33.9 0l-64-64c-9.4-9.4-9.4-24.6 0-33.9s24.6-9.4 33.9 0l47 47L335 175c9.4-9.4 24.6-9.4 33.9 0s9.4 24.6 0 33.9z\"\/><\/svg>\n        \n        \n        \n            <\/div>\n    \n\n<div class=\"ee-iconbox-content\">\n      <h4 class=\"ee-iconbox-title bde-h3\" >Transparency in real time<\/h4>\n        <div class=\"ee-iconbox-text\" >Full visibility of stocks and consignments - for transparent decisions and clear processes.<\/div>\n    <\/div>\n\n<\/div><div class=\"bde-icon-box-2188-261 bde-icon-box\">\n\n    \n            <div class=\"ee-iconbox-icon breakdance-icon-atom\" >\n    \n                    <svg xmlns=\"http:\/\/www.w3.org\/2000\/svg\" viewbox=\"0 0 512 512\"><!--! Font Awesome Free 6.5.1 by @fontawesome - https:\/\/fontawesome.com License - https:\/\/fontawesome.com\/license\/free (Icons: CC BY 4.0, Fonts: SIL OFL 1.1, Code: MIT License) Copyright 2023 Fonticons, Inc. --><path d=\"M256 512A256 256 0 1 0 256 0a256 256 0 1 0 0 512zM369 209L241 337c-9.4 9.4-24.6 9.4-33.9 0l-64-64c-9.4-9.4-9.4-24.6 0-33.9s24.6-9.4 33.9 0l47 47L335 175c9.4-9.4 24.6-9.4 33.9 0s9.4 24.6 0 33.9z\"\/><\/svg>\n        \n        \n        \n            <\/div>\n    \n\n<div class=\"ee-iconbox-content\">\n      <h4 class=\"ee-iconbox-title bde-h3\" >Process reliability &amp; compliance<\/h4>\n        <div class=\"ee-iconbox-text\" >Automated checks and documentation reduce risks and ensure compliance with specifications.<\/div>\n    <\/div>\n\n<\/div><div class=\"bde-icon-box-2188-262 bde-icon-box\">\n\n    \n            <div class=\"ee-iconbox-icon breakdance-icon-atom\" >\n    \n                    <svg xmlns=\"http:\/\/www.w3.org\/2000\/svg\" viewbox=\"0 0 512 512\"><!--! Font Awesome Free 6.5.1 by @fontawesome - https:\/\/fontawesome.com License - https:\/\/fontawesome.com\/license\/free (Icons: CC BY 4.0, Fonts: SIL OFL 1.1, Code: MIT License) Copyright 2023 Fonticons, Inc. --><path d=\"M256 512A256 256 0 1 0 256 0a256 256 0 1 0 0 512zM369 209L241 337c-9.4 9.4-24.6 9.4-33.9 0l-64-64c-9.4-9.4-9.4-24.6 0-33.9s24.6-9.4 33.9 0l47 47L335 175c9.4-9.4 24.6-9.4 33.9 0s9.4 24.6 0 33.9z\"\/><\/svg>\n        \n        \n        \n            <\/div>\n    \n\n<div class=\"ee-iconbox-content\">\n      <h4 class=\"ee-iconbox-title bde-h3\" >More efficient processes<\/h4>\n        <div class=\"ee-iconbox-text\" >Seamlessly integrated into the WM-WMS - fewer manual steps, fewer errors, more speed in your processes.<\/div>\n    <\/div>\n\n<\/div><div class=\"bde-icon-box-2188-263 bde-icon-box\">\n\n    \n            <div class=\"ee-iconbox-icon breakdance-icon-atom\" >\n    \n                    <svg xmlns=\"http:\/\/www.w3.org\/2000\/svg\" viewbox=\"0 0 512 512\"><!--! Font Awesome Free 6.5.1 by @fontawesome - https:\/\/fontawesome.com License - https:\/\/fontawesome.com\/license\/free (Icons: CC BY 4.0, Fonts: SIL OFL 1.1, Code: MIT License) Copyright 2023 Fonticons, Inc. --><path d=\"M256 512A256 256 0 1 0 256 0a256 256 0 1 0 0 512zM369 209L241 337c-9.4 9.4-24.6 9.4-33.9 0l-64-64c-9.4-9.4-9.4-24.6 0-33.9s24.6-9.4 33.9 0l47 47L335 175c9.4-9.4 24.6-9.4 33.9 0s9.4 24.6 0 33.9z\"\/><\/svg>\n        \n        \n        \n            <\/div>\n    \n\n<div class=\"ee-iconbox-content\">\n      <h4 class=\"ee-iconbox-title bde-h3\" >Faster reactions<\/h4>\n        <div class=\"ee-iconbox-text\" >Deviations are recognised early - so you can take targeted action before things become critical.<\/div>\n    <\/div>\n\n<\/div><div class=\"bde-icon-box-2188-264 bde-icon-box\">\n\n    \n            <div class=\"ee-iconbox-icon breakdance-icon-atom\" >\n    \n                    <svg xmlns=\"http:\/\/www.w3.org\/2000\/svg\" viewbox=\"0 0 512 512\"><!--! Font Awesome Free 6.5.1 by @fontawesome - https:\/\/fontawesome.com License - https:\/\/fontawesome.com\/license\/free (Icons: CC BY 4.0, Fonts: SIL OFL 1.1, Code: MIT License) Copyright 2023 Fonticons, Inc. --><path d=\"M256 512A256 256 0 1 0 256 0a256 256 0 1 0 0 512zM369 209L241 337c-9.4 9.4-24.6 9.4-33.9 0l-64-64c-9.4-9.4-9.4-24.6 0-33.9s24.6-9.4 33.9 0l47 47L335 175c9.4-9.4 24.6-9.4 33.9 0s9.4 24.6 0 33.9z\"\/><\/svg>\n        \n        \n        \n            <\/div>\n    \n\n<div class=\"ee-iconbox-content\">\n      <h4 class=\"ee-iconbox-title bde-h3\" >Better cooperation<\/h4>\n        <div class=\"ee-iconbox-text\" >Transparent status information facilitates coordination and strengthens cooperation with partners.<\/div>\n    <\/div>\n\n<\/div><div class=\"bde-icon-box-2188-265 bde-icon-box\">\n\n    \n            <div class=\"ee-iconbox-icon breakdance-icon-atom\" >\n    \n                    <svg xmlns=\"http:\/\/www.w3.org\/2000\/svg\" viewbox=\"0 0 512 512\"><!--! Font Awesome Free 6.5.1 by @fontawesome - https:\/\/fontawesome.com License - https:\/\/fontawesome.com\/license\/free (Icons: CC BY 4.0, Fonts: SIL OFL 1.1, Code: MIT License) Copyright 2023 Fonticons, Inc. --><path d=\"M256 512A256 256 0 1 0 256 0a256 256 0 1 0 0 512zM369 209L241 337c-9.4 9.4-24.6 9.4-33.9 0l-64-64c-9.4-9.4-9.4-24.6 0-33.9s24.6-9.4 33.9 0l47 47L335 175c9.4-9.4 24.6-9.4 33.9 0s9.4 24.6 0 33.9z\"\/><\/svg>\n        \n        \n        \n            <\/div>\n    \n\n<div class=\"ee-iconbox-content\">\n      <h4 class=\"ee-iconbox-title bde-h3\" >Scalable growth<\/h4>\n        <div class=\"ee-iconbox-text\" >From pilot project to rollout - Track &amp; Trace grows flexibly with your structures and volumes.<\/div>\n    <\/div>\n\n<\/div>\n<\/div><\/div>\n<\/section><section class=\"bde-section-2188-397 bde-section\">\n  \n  \n\t\n\n\n\n<div class=\"section-container\"><div class=\"bde-div-2188-398 bde-div\">\n  \n  \n\t\n\n\n\n<div class=\"bde-div-2188-399 bde-div\">\n  \n  \n\t\n\n\n\n<h2 class=\"bde-heading-2188-400 bde-heading\">\nReady to make your logistics smarter?\n<\/h2><p class=\"bde-text-2188-401 bde-text\">\nOptimise transparency, speed and process reliability in your supply chain - with solutions that integrate seamlessly into your business and keep pace with your growth.\n<\/p><div class=\"bde-button-2188-402 bde-button\">\n        \n    \n    \n    \n    \n            \n                    \n            \n            \n\n    \n    \n    \n    \n    \n    <a class=\"breakdance-link button-atom button-atom--primary bde-button__button\" href=\"https:\/\/wm-group.heinmedia.dev\/en\/contact\/\" target=\"_self\" data-type=\"url\"  >\n\n    \n        <span class=\"button-atom__text\">Request a consultation<\/span>\n\n        \n        \n                <\/a>\n\n    \n\n\n<\/div>\n<\/div>\n<\/div><\/div>\n<\/section>","protected":false},"excerpt":{"rendered":"<p>Value Added Services Track &#038; Trace neu definiert \u2013 maximale Transparenz im Mittelstand L\u00fcckenlose Echtzeit-Transparenz entlang Ihrer gesamten Supply Chain \u2013 f\u00fcr pr\u00e4zise Entscheidungen und maximale Prozesssicherheit. Unser Track &amp; Trace-System macht alle relevanten Logistikprozesse sofort sichtbar \u2013 \u00fcber Standorte, Touren, Chargen und Sendungen hinweg. Abweichungen werden fr\u00fch erkannt, Durchlaufzeiten lassen sich pr\u00e4zise messen und [&hellip;]<\/p>\n","protected":false},"author":248570550,"featured_media":0,"parent":0,"menu_order":0,"comment_status":"closed","ping_status":"closed","template":"","meta":{"inline_featured_image":false,"_breakdance_hide_in_design_set":false,"_breakdance_tags":"","footnotes":""},"class_list":["post-2188","page","type-page","status-publish","hentry"],"meta_box":[],"_links":{"self":[{"href":"https:\/\/wm-group.heinmedia.dev\/en\/wp-json\/wp\/v2\/pages\/2188","targetHints":{"allow":["GET"]}}],"collection":[{"href":"https:\/\/wm-group.heinmedia.dev\/en\/wp-json\/wp\/v2\/pages"}],"about":[{"href":"https:\/\/wm-group.heinmedia.dev\/en\/wp-json\/wp\/v2\/types\/page"}],"author":[{"embeddable":true,"href":"https:\/\/wm-group.heinmedia.dev\/en\/wp-json\/wp\/v2\/users\/248570550"}],"replies":[{"embeddable":true,"href":"https:\/\/wm-group.heinmedia.dev\/en\/wp-json\/wp\/v2\/comments?post=2188"}],"version-history":[{"count":14,"href":"https:\/\/wm-group.heinmedia.dev\/en\/wp-json\/wp\/v2\/pages\/2188\/revisions"}],"predecessor-version":[{"id":2921,"href":"https:\/\/wm-group.heinmedia.dev\/en\/wp-json\/wp\/v2\/pages\/2188\/revisions\/2921"}],"wp:attachment":[{"href":"https:\/\/wm-group.heinmedia.dev\/en\/wp-json\/wp\/v2\/media?parent=2188"}],"curies":[{"name":"wp","href":"https:\/\/api.w.org\/{rel}","templated":true}]}}