{"id":2139,"date":"2025-08-12T08:01:46","date_gmt":"2025-08-12T06:01:46","guid":{"rendered":"https:\/\/wm-group.heinmedia.dev\/?page_id=2139"},"modified":"2026-02-17T09:07:42","modified_gmt":"2026-02-17T08:07:42","slug":"bocholt-1","status":"publish","type":"page","link":"https:\/\/wm-group.heinmedia.dev\/en\/logistikstandorte\/bocholt-1\/","title":{"rendered":"Bocholt 1"},"content":{"rendered":"<section class=\"bde-section-2139-100 bde-section\">\n              \n  \n  \n\t\n\n  <div class=\"section-background-overlay\"><\/div>\n\n\n<div class=\"section-container\"><div class=\"bde-text-2139-101 bde-text\">\nBocholt 1\n<\/div><h1 class=\"bde-heading-2139-102 bde-heading\">\nIhr Multiuser-Standort in Bocholt \u2013 flexibel, modern und leistungsstark<br>\n<\/h1><\/div>\n<\/section><section class=\"bde-section-2139-103 bde-section\">\n  \n  \n\t\n\n\n\n<div class=\"section-container\"><div class=\"bde-grid-2139-133 bde-grid\">\n  \n  \n\t\n\n\n\n<div class=\"bde-div-2139-106 bde-div\">\n  \n  \n\t\n\n\n\n<div class=\"bde-text-2139-107 bde-text\">\nFl\u00e4che in m\u00b2\n<\/div><div class=\"bde-text-2139-108 bde-text\">\n23.000\n<\/div><div class=\"bde-fancy-divider-2139-144 bde-fancy-divider\">\n\n\n<div class=\"bde-fancy-divider__wrapper\">\n  <div class=\"bde-fancy-divider__separator\">\n  \t  <\/div>\n<\/div>\n\n<\/div>\n<\/div><div class=\"bde-div-2139-115 bde-div\">\n  \n  \n\t\n\n\n\n<div class=\"bde-text-2139-116 bde-text\">\nBodenlast in t\/m\u00b2\n<\/div><div class=\"bde-text-2139-117 bde-text\">\n7,5\n<\/div><div class=\"bde-fancy-divider-2139-145 bde-fancy-divider\">\n\n\n<div class=\"bde-fancy-divider__wrapper\">\n  <div class=\"bde-fancy-divider__separator\">\n  \t  <\/div>\n<\/div>\n\n<\/div>\n<\/div><div class=\"bde-div-2139-124 bde-div\">\n  \n  \n\t\n\n\n\n<div class=\"bde-text-2139-125 bde-text\">\nLaderampen\n<\/div><div class=\"bde-text-2139-126 bde-text\">\n25\n<\/div><div class=\"bde-fancy-divider-2139-146 bde-fancy-divider\">\n\n\n<div class=\"bde-fancy-divider__wrapper\">\n  <div class=\"bde-fancy-divider__separator\">\n  \t  <\/div>\n<\/div>\n\n<\/div>\n<\/div>\n<\/div><div class=\"bde-columns-2139-140 bde-columns\"><div class=\"bde-column-2139-141 bde-column\">\n  \n  \n\t\n\n\n\n<div class=\"bde-video-2139-252 bde-video\">\n<div class=\"ee-video-container\">\n            <video class=\"ee-video\" src=\"https:\/\/wm-group.heinmedia.dev\/wp-content\/uploads\/2025\/08\/wm-group-standort-bocholt-intro-250819.mp4\"\n               autoplay='true'                controls='true'                poster='https:\/\/wm-group.heinmedia.dev\/wp-content\/uploads\/2025\/08\/wm-group-bocholt-01-standort.png'                loop='true'                muted='true'                controlslist=\"nodownload\"                playsinline\n>\n        <\/video>\n    \n    <\/div>\n\n<\/div><div class=\"bde-button-2139-254 bde-button\">\n        \n    \n    \n    \n    \n            \n                    \n            \n            \n\n    \n    \n    \n    \n    \n    <a class=\"breakdance-link button-atom button-atom--primary bde-button__button\" href=\"https:\/\/www.youtube.com\/watch?v=qx-NCspkYfs\" target=\"_blank\" data-type=\"url\" rel=\"noopener\">\n\n    \n        <span class=\"button-atom__text\">Vom Abbruch bis zum Betrieb auf YouTube<\/span>\n\n        \n        \n                <\/a>\n\n    \n\n\n<\/div>\n<\/div><div class=\"bde-column-2139-142 bde-column\">\n  \n  \n\t\n\n\n\n<p class=\"bde-text-2139-253 bde-text\">\nWillkommen im neuesten Mitglied der WM GROUP Familie! Mit unserem neuen Standort setzen wir ein klares Zeichen fu\u0308r nachhaltige, zukunftsorientierte Logistik. Direkt an der niederl\u00e4ndischen Grenze gelegen und optimal angebunden an die A3, schaffen wir Verbindungen \u2013 ins Rheinland, ins Ruhrgebiet und in die Niederlande.<br>Doch dieser Standort ist mehr als nur Logistik: Er ist ein Bekenntnis zur Verantwortung. Beim Ru\u0308ck- und Neubau haben wir auf konsequente Kreislaufwirtschaft gesetzt.<br>Ein starkes Signal fu\u0308r die Region, fu\u0308r die Umwelt und fu\u0308r die Zukunft.\n<\/p><div class=\"bde-grid-2139-105 bde-grid\">\n  \n  \n\t\n\n\n\n<div class=\"bde-div-2139-109 bde-div\">\n  \n  \n\t\n\n\n\n<div class=\"bde-text-2139-110 bde-text\">\nMezzanine in m\u00b2\n<\/div><div class=\"bde-text-2139-111 bde-text\">\n2.664\n<\/div><div class=\"bde-fancy-divider-2139-134 bde-fancy-divider\">\n\n\n<div class=\"bde-fancy-divider__wrapper\">\n  <div class=\"bde-fancy-divider__separator\">\n  \t  <\/div>\n<\/div>\n\n<\/div>\n<\/div><div class=\"bde-div-2139-112 bde-div\">\n  \n  \n\t\n\n\n\n<div class=\"bde-text-2139-113 bde-text\">\nHallenh\u00f6he in m\/UKB\n<\/div><div class=\"bde-text-2139-114 bde-text\">\n12,1\n<\/div><div class=\"bde-fancy-divider-2139-135 bde-fancy-divider\">\n\n\n<div class=\"bde-fancy-divider__wrapper\">\n  <div class=\"bde-fancy-divider__separator\">\n  \t  <\/div>\n<\/div>\n\n<\/div>\n<\/div><div class=\"bde-div-2139-118 bde-div\">\n  \n  \n\t\n\n\n\n<div class=\"bde-text-2139-119 bde-text\">\nB\u00fcro-\/Sozialr\u00e4ume in m\u00b2\n<\/div><div class=\"bde-text-2139-120 bde-text\">\n831\n<\/div><div class=\"bde-fancy-divider-2139-136 bde-fancy-divider\">\n\n\n<div class=\"bde-fancy-divider__wrapper\">\n  <div class=\"bde-fancy-divider__separator\">\n  \t  <\/div>\n<\/div>\n\n<\/div>\n<\/div><div class=\"bde-div-2139-121 bde-div\">\n  \n  \n\t\n\n\n\n<div class=\"bde-text-2139-122 bde-text\">\nSektionaltore\n<\/div><div class=\"bde-text-2139-123 bde-text\">\n5\n<\/div><div class=\"bde-fancy-divider-2139-137 bde-fancy-divider\">\n\n\n<div class=\"bde-fancy-divider__wrapper\">\n  <div class=\"bde-fancy-divider__separator\">\n  \t  <\/div>\n<\/div>\n\n<\/div>\n<\/div><div class=\"bde-div-2139-127 bde-div\">\n  \n  \n\t\n\n\n\n<div class=\"bde-text-2139-128 bde-text\">\nWGK 3\n<\/div><div class=\"bde-text-2139-129 bde-text\">\nja\n<\/div><div class=\"bde-fancy-divider-2139-139 bde-fancy-divider\">\n\n\n<div class=\"bde-fancy-divider__wrapper\">\n  <div class=\"bde-fancy-divider__separator\">\n  \t  <\/div>\n<\/div>\n\n<\/div>\n<\/div><div class=\"bde-div-2139-130 bde-div\">\n  \n  \n\t\n\n\n\n<div class=\"bde-text-2139-131 bde-text\">\nPV-Anlage\n<\/div><div class=\"bde-text-2139-132 bde-text\">\nvollfl\u00e4chig\n<\/div><div class=\"bde-fancy-divider-2139-138 bde-fancy-divider\">\n\n\n<div class=\"bde-fancy-divider__wrapper\">\n  <div class=\"bde-fancy-divider__separator\">\n  \t  <\/div>\n<\/div>\n\n<\/div>\n<\/div>\n<\/div>\n<\/div><\/div><\/div>\n<\/section><section class=\"bde-section-2139-215 bde-section\">\n  \n  \n\t\n\n\n\n<div class=\"section-container\"><h2 class=\"bde-heading-2139-219 bde-heading\">\nBocholt \u2013 Ihr Standort mit Perspektive\n<\/h2><div class=\"bde-grid-2139-226 bde-grid\">\n  \n  \n\t\n\n\n\n<div class=\"bde-icon-box-2139-227 bde-icon-box\">\n\n    \n            <div class=\"ee-iconbox-icon breakdance-icon-atom\" >\n    \n                    <svg xmlns=\"http:\/\/www.w3.org\/2000\/svg\" id=\"icon-checkmark\" viewbox=\"0 0 32 32\">\n<path d=\"M27 4l-15 15-7-7-5 5 12 12 20-20z\"\/>\n<\/svg>\n        \n        \n        \n            <\/div>\n    \n\n<div class=\"ee-iconbox-content\">\n      <h4 class=\"ee-iconbox-title bde-h3\" >Flexible Nutzung<\/h4>\n        <div class=\"ee-iconbox-text\" >Vom Palettenlager \u00fcber Mezzaninefl\u00e4chen bis hin zu individuellen Logistikl\u00f6sungen \u2013 Bocholt 1 bietet maximale Anpassungsf\u00e4higkeit f\u00fcr Ihre Supply Chain.<\/div>\n    <\/div>\n\n<\/div><div class=\"bde-icon-box-2139-231 bde-icon-box\">\n\n    \n            <div class=\"ee-iconbox-icon breakdance-icon-atom\" >\n    \n                    <svg xmlns=\"http:\/\/www.w3.org\/2000\/svg\" id=\"icon-checkmark\" viewbox=\"0 0 32 32\">\n<path d=\"M27 4l-15 15-7-7-5 5 12 12 20-20z\"\/>\n<\/svg>\n        \n        \n        \n            <\/div>\n    \n\n<div class=\"ee-iconbox-content\">\n      <h4 class=\"ee-iconbox-title bde-h3\" >Optimale Infrastruktur<\/h4>\n        <div class=\"ee-iconbox-text\" >25 Laderampen, WGK-3-Ausstattung und gro\u00dfz\u00fcgige Rangierfl\u00e4chen sichern schnelle Abl\u00e4ufe und zuverl\u00e4ssige Prozesse \u2013 auch bei sensiblen G\u00fctern.<\/div>\n    <\/div>\n\n<\/div><div class=\"bde-icon-box-2139-230 bde-icon-box\">\n\n    \n            <div class=\"ee-iconbox-icon breakdance-icon-atom\" >\n    \n                    <svg xmlns=\"http:\/\/www.w3.org\/2000\/svg\" id=\"icon-checkmark\" viewbox=\"0 0 32 32\">\n<path d=\"M27 4l-15 15-7-7-5 5 12 12 20-20z\"\/>\n<\/svg>\n        \n        \n        \n            <\/div>\n    \n\n<div class=\"ee-iconbox-content\">\n      <h4 class=\"ee-iconbox-title bde-h3\" >Zukunftssicher ausgestattet<\/h4>\n        <div class=\"ee-iconbox-text\" >Moderne Geb\u00e4udetechnik, nachhaltige Energieversorgung und die geplante PV-Anlage machen Bocholt 1 zu einem Standort mit klarer Zukunftsperspektive.<\/div>\n    <\/div>\n\n<\/div>\n<\/div><\/div>\n<\/section><section class=\"bde-section-2139-232 bde-section\">\n  \n  \n\t\n\n\n\n<div class=\"section-container\"><div class=\"bde-grid-2139-233 bde-grid\">\n  \n  \n\t\n\n\n\n<h2 class=\"bde-heading-2139-234 bde-heading\">\nIndividuelle Logistikl\u00f6sungen direkt am Standort\n<\/h2><p class=\"bde-text-2139-235 bde-text\">\nOb E-Commerce-Fulfillment, Gefahrgutlogistik oder ma\u00dfgeschneiderte Value Added Services \u2013 in Bocholt 1 realisieren wir kundenindividuelle L\u00f6sungen mit h\u00f6chster Effizienz. Durch die Integration unseres eigenen WMS gew\u00e4hrleisten wir volle Transparenz und Prozesssicherheit.\n<\/p>\n<\/div><div class=\"bde-grid-2139-236 bde-grid\">\n  \n  \n\t\n\n\n\n<div class=\"bde-image-2139-237 bde-image\">\n<figure class=\"breakdance-image breakdance-image--3015\">\n\t<div class=\"breakdance-image-container\">\n\t\t<div class=\"breakdance-image-clip\"><img loading=\"lazy\" decoding=\"async\" class=\"breakdance-image-object\" src=\"https:\/\/wm-group.heinmedia.dev\/wp-content\/uploads\/2025\/12\/Image-12-768x1024.jpg\" width=\"768\" height=\"1024\" srcset=\"https:\/\/wm-group.heinmedia.dev\/wp-content\/uploads\/2025\/12\/Image-12-768x1024.jpg 768w, https:\/\/wm-group.heinmedia.dev\/wp-content\/uploads\/2025\/12\/Image-12-225x300.jpg 225w, https:\/\/wm-group.heinmedia.dev\/wp-content\/uploads\/2025\/12\/Image-12-1152x1536.jpg 1152w, https:\/\/wm-group.heinmedia.dev\/wp-content\/uploads\/2025\/12\/Image-12-1536x2048.jpg 1536w\" sizes=\"auto, (max-width: 768px) 100vw, 768px\"><\/div>\n\t<\/div><\/figure>\n\n<\/div><div class=\"bde-image-2139-238 bde-image\">\n<figure class=\"breakdance-image breakdance-image--3002\">\n\t<div class=\"breakdance-image-container\">\n\t\t<div class=\"breakdance-image-clip\"><img loading=\"lazy\" decoding=\"async\" class=\"breakdance-image-object\" src=\"https:\/\/wm-group.heinmedia.dev\/wp-content\/uploads\/2025\/12\/B_2-1024x576.jpg\" width=\"1024\" height=\"576\" srcset=\"https:\/\/wm-group.heinmedia.dev\/wp-content\/uploads\/2025\/12\/B_2-1024x576.jpg 1024w, https:\/\/wm-group.heinmedia.dev\/wp-content\/uploads\/2025\/12\/B_2-300x169.jpg 300w, https:\/\/wm-group.heinmedia.dev\/wp-content\/uploads\/2025\/12\/B_2-768x432.jpg 768w, https:\/\/wm-group.heinmedia.dev\/wp-content\/uploads\/2025\/12\/B_2-1536x864.jpg 1536w, https:\/\/wm-group.heinmedia.dev\/wp-content\/uploads\/2025\/12\/B_2-2048x1152.jpg 2048w\" sizes=\"auto, (max-width: 1024px) 100vw, 1024px\"><\/div>\n\t<\/div><\/figure>\n\n<\/div><div class=\"bde-div-2139-239 bde-div\">\n  \n  \n\t\n\n\n\n<h4 class=\"bde-heading-2139-241 bde-heading\">\nFlexibles Mezzanine\n<\/h4><p class=\"bde-text-2139-242 bde-text\">\n2.664 m\u00b2 zus\u00e4tzliche Fl\u00e4che f\u00fcr Kleinteilelagerung oder individuelle Nutzungskonzepte.\n<\/p>\n<\/div><div class=\"bde-div-2139-243 bde-div\">\n  \n  \n\t\n\n\n\n<h4 class=\"bde-heading-2139-244 bde-heading\">\nModerne Hallenfl\u00e4chen<br>\n<\/h4><p class=\"bde-text-2139-245 bde-text\">\nGro\u00dfz\u00fcgige Lagerbereiche mit hoher Bodentraglast und klarer Struktur f\u00fcr maximale Effizienz.\n<\/p>\n<\/div><div class=\"bde-image-2139-247 bde-image\">\n<figure class=\"breakdance-image breakdance-image--3016\">\n\t<div class=\"breakdance-image-container\">\n\t\t<div class=\"breakdance-image-clip\"><img loading=\"lazy\" decoding=\"async\" class=\"breakdance-image-object\" src=\"https:\/\/wm-group.heinmedia.dev\/wp-content\/uploads\/2025\/12\/IMG_0419-1024x768.jpeg\" width=\"1024\" height=\"768\" srcset=\"https:\/\/wm-group.heinmedia.dev\/wp-content\/uploads\/2025\/12\/IMG_0419-1024x768.jpeg 1024w, https:\/\/wm-group.heinmedia.dev\/wp-content\/uploads\/2025\/12\/IMG_0419-300x225.jpeg 300w, https:\/\/wm-group.heinmedia.dev\/wp-content\/uploads\/2025\/12\/IMG_0419-768x576.jpeg 768w, https:\/\/wm-group.heinmedia.dev\/wp-content\/uploads\/2025\/12\/IMG_0419-1536x1152.jpeg 1536w, https:\/\/wm-group.heinmedia.dev\/wp-content\/uploads\/2025\/12\/IMG_0419-2048x1536.jpeg 2048w\" sizes=\"auto, (max-width: 1024px) 100vw, 1024px\"><\/div>\n\t<\/div><\/figure>\n\n<\/div>\n<\/div><\/div>\n<\/section>","protected":false},"excerpt":{"rendered":"<p>Bocholt 1 Ihr Multiuser-Standort in Bocholt \u2013 flexibel, modern und leistungsstark Fl\u00e4che in m\u00b2 23.000 Bodenlast in t\/m\u00b2 7,5 Laderampen 25 Vom Abbruch bis zum Betrieb auf YouTube Willkommen im neuesten Mitglied der WM GROUP Familie! Mit unserem neuen Standort setzen wir ein klares Zeichen fu\u0308r nachhaltige, zukunftsorientierte Logistik. Direkt an der niederl\u00e4ndischen Grenze gelegen [&hellip;]<\/p>\n","protected":false},"author":248570550,"featured_media":0,"parent":2086,"menu_order":0,"comment_status":"closed","ping_status":"closed","template":"","meta":{"inline_featured_image":false,"_breakdance_hide_in_design_set":false,"_breakdance_tags":"","footnotes":""},"class_list":["post-2139","page","type-page","status-publish","hentry"],"meta_box":[],"_links":{"self":[{"href":"https:\/\/wm-group.heinmedia.dev\/en\/wp-json\/wp\/v2\/pages\/2139","targetHints":{"allow":["GET"]}}],"collection":[{"href":"https:\/\/wm-group.heinmedia.dev\/en\/wp-json\/wp\/v2\/pages"}],"about":[{"href":"https:\/\/wm-group.heinmedia.dev\/en\/wp-json\/wp\/v2\/types\/page"}],"author":[{"embeddable":true,"href":"https:\/\/wm-group.heinmedia.dev\/en\/wp-json\/wp\/v2\/users\/248570550"}],"replies":[{"embeddable":true,"href":"https:\/\/wm-group.heinmedia.dev\/en\/wp-json\/wp\/v2\/comments?post=2139"}],"version-history":[{"count":20,"href":"https:\/\/wm-group.heinmedia.dev\/en\/wp-json\/wp\/v2\/pages\/2139\/revisions"}],"predecessor-version":[{"id":3076,"href":"https:\/\/wm-group.heinmedia.dev\/en\/wp-json\/wp\/v2\/pages\/2139\/revisions\/3076"}],"up":[{"embeddable":true,"href":"https:\/\/wm-group.heinmedia.dev\/en\/wp-json\/wp\/v2\/pages\/2086"}],"wp:attachment":[{"href":"https:\/\/wm-group.heinmedia.dev\/en\/wp-json\/wp\/v2\/media?parent=2139"}],"curies":[{"name":"wp","href":"https:\/\/api.w.org\/{rel}","templated":true}]}}