{"id":2086,"date":"2025-08-08T08:43:46","date_gmt":"2025-08-08T06:43:46","guid":{"rendered":"https:\/\/wm-group.heinmedia.dev\/?page_id=2086"},"modified":"2025-11-25T08:23:22","modified_gmt":"2025-11-25T07:23:22","slug":"logistics-locations","status":"publish","type":"page","link":"https:\/\/wm-group.heinmedia.dev\/en\/logistikstandorte\/","title":{"rendered":"Logistics locations"},"content":{"rendered":"<section class=\"bde-section-2086-100 bde-section\">\n              \n  \n  \n\t\n\n  <div class=\"section-background-overlay\"><\/div>\n\n\n<div class=\"section-container\"><div class=\"bde-text-2086-101 bde-text\">\nUnsere Logistikstandorte\n<\/div><h1 class=\"bde-heading-2086-102 bde-heading\">\nStrategisch verteilt f\u00fcr maximale Kundenn\u00e4he\n<\/h1><\/div>\n<\/section><section class=\"bde-section-2086-103 bde-section\">\n  \n  \n\t\n\n\n\n<div class=\"section-container\"><div class=\"bde-columns-2086-104 bde-columns\"><div class=\"bde-column-2086-105 bde-column\">\n  \n  \n\t\n\n\n\n<div class=\"bde-rich-text-2086-106 bde-rich-text breakdance-rich-text-styles\">\n<p>Unsere Logistikstandorte erstrecken sich strategisch entlang zentraler Verkehrsachsen \u2013 von Seeh\u00e4fen \u00fcber Autobahnkreuze bis zu Binnenh\u00e4fen und Flughafen\u2010N\u00e4he. So garantieren wir kurze Transportwege, schnelle Umschlagszeiten und hohe Verf\u00fcgbarkeit Ihrer Waren. Jeder Standort ist mit modernen Lager- und Kommissioniersystemen ausgestattet und bietet flexible Kapazit\u00e4ten f\u00fcr Lagerung, Cross\u2010Docking und Value-Added-Services. Unsere regionalen Teams kennen die lokalen Gegebenheiten und arbeiten eng mit Verkehrs\u00addienstleistern sowie kommunalen Beh\u00f6rden zusammen, um individuelle L\u00f6sungen zu realisieren. Ob Expresszustellung in Ballungsr\u00e4ume oder just-in-time\u2010Belieferung f\u00fcr die Produktion \u2013 dank unseres fl\u00e4chendeckenden Netzwerks sind Ihre G\u00fcter jederzeit dort, wo sie gebraucht werden.<\/p>\n<\/div>\n<\/div><div class=\"bde-column-2086-107 bde-column\">\n  \n  \n\t\n\n\n\n<img decoding=\"async\" class=\"bde-image2-2086-163 bde-image2\" src=\"https:\/\/wm-group.heinmedia.dev\/wp-content\/uploads\/2025\/08\/deutschlandkarte.svg\" loading=\"lazy\" sizes=\"(max-width: 1px) 100vw, 1px\">\n<\/div><\/div><\/div>\n<\/section><section class=\"bde-section-2086-127 bde-section\">\n  \n  \n\t\n\n\n\n<div class=\"section-container\"><div class=\"bde-grid-2086-131 bde-grid\">\n  \n  \n\t\n\n\n\n<a class=\"bde-container-link-2086-180 bde-container-link breakdance-link\" href=\"https:\/\/wm-group.heinmedia.dev\/en\/standorte\/bocholt-1\/\" target=\"_self\" data-type=\"url\">\n  \n  \n\t\n\n\n\n<div class=\"bde-div-2086-181 bde-div\">\n  \n  \n\t\n\n\n\n<div class=\"bde-text-2086-182 bde-text\">\nBocholt 1\n<\/div><div class=\"bde-icon-2086-183 bde-icon bde-preset-9516c9dc-ef1a-4793-97ba-c0db08b8b6d2\">\n\n    \n            <div class=\"bde-icon-icon breakdance-icon-atom\" >\n    \n                    <svg xmlns=\"http:\/\/www.w3.org\/2000\/svg\" id=\"Ebene_1\" data-name=\"Ebene 1\" viewbox=\"0 0 300 300\">\r\n  <defs>\r\n    <style>\r\n      .cls-1 {\r\n        fill: #ef7d00;\r\n      }\r\n\r\n      .cls-2 {\r\n        fill: #646464;\r\n      }\r\n    <\/style>\r\n  <\/defs>\r\n  <path class=\"cls-1\" d=\"M217.66,117.77c-42.76,0-85.53,43.87-1.72,131.62.47.49,1.05.74,1.72.74s1.26-.25,1.72-.74c83.8-87.74,41.04-131.62-1.72-131.62ZM217.66,191.57c-13.66,0-24.73-11.07-24.73-24.73s11.07-24.73,24.73-24.73,24.73,11.07,24.73,24.73-11.07,24.73-24.73,24.73Z\"\/>\r\n  <path class=\"cls-2\" d=\"M167.84,194.83c-6.19-14.32-9.81-30.59-5.89-46.03,6.43-25.38,30.78-38.65,55.71-38.65,7.07,0,14.09,1.07,20.68,3.18V43.57c0-6.17-5.05-11.23-11.23-11.23h-58.37v44.06c0,4.2-4.86,6.5-8.11,3.84l-22.01-18.05c-1.85-1.51-4.44-1.51-6.29,0l-22.01,18.05c-3.24,2.66-8.11.36-8.11-3.84v-44.06h-58.37c-6.17,0-11.23,5.05-11.23,11.23v155.43c0,6.18,5.05,11.23,11.23,11.23h131.87c-2.96-5.04-5.62-10.18-7.88-15.4ZM115.7,174.39c0,1.19-.97,2.16-2.16,2.16h-45.07c-1.19,0-2.16-.97-2.16-2.16v-23.62c0-1.19.97-2.16,2.16-2.16h45.07c1.19,0,2.16.97,2.16,2.16v23.62Z\"\/>\r\n  <path class=\"cls-1\" d=\"M262.86,251.19c0,9.09-20.23,16.47-45.2,16.47s-45.2-7.38-45.2-16.47c0-6.04,8.93-11.33,22.23-14.2,2.28,2.77,4.62,5.49,6.97,8.15-4.34,1.52-7.05,3.67-7.05,6.04,0,4.63,10.32,8.4,23.04,8.4s23.04-3.76,23.04-8.4c0-2.37-2.7-4.52-7.04-6.04,2.35-2.66,4.68-5.38,6.96-8.15,13.31,2.87,22.23,8.15,22.23,14.2Z\"\/>\r\n<\/svg>\n        \n        \n        \n            <\/div>\n    \n\n\n<\/div>\n<\/div><div class=\"bde-text-2086-184 bde-text\">\nMultiuser-Standort\n<\/div>\n\n<\/a><a class=\"bde-container-link-2086-185 bde-container-link breakdance-link\" href=\"https:\/\/wm-group.heinmedia.dev\/en\/standorte\/bocholt-2\/\" target=\"_self\" data-type=\"url\">\n  \n  \n\t\n\n\n\n<div class=\"bde-div-2086-186 bde-div\">\n  \n  \n\t\n\n\n\n<div class=\"bde-text-2086-187 bde-text\">\nBocholt 2\n<\/div><div class=\"bde-icon-2086-188 bde-icon bde-preset-9516c9dc-ef1a-4793-97ba-c0db08b8b6d2\">\n\n    \n            <div class=\"bde-icon-icon breakdance-icon-atom\" >\n    \n                    <svg xmlns=\"http:\/\/www.w3.org\/2000\/svg\" id=\"Ebene_1\" data-name=\"Ebene 1\" viewbox=\"0 0 300 300\">\r\n  <defs>\r\n    <style>\r\n      .cls-1 {\r\n        fill: #ef7d00;\r\n      }\r\n\r\n      .cls-2 {\r\n        fill: #646464;\r\n      }\r\n    <\/style>\r\n  <\/defs>\r\n  <path class=\"cls-1\" d=\"M217.66,117.77c-42.76,0-85.53,43.87-1.72,131.62.47.49,1.05.74,1.72.74s1.26-.25,1.72-.74c83.8-87.74,41.04-131.62-1.72-131.62ZM217.66,191.57c-13.66,0-24.73-11.07-24.73-24.73s11.07-24.73,24.73-24.73,24.73,11.07,24.73,24.73-11.07,24.73-24.73,24.73Z\"\/>\r\n  <path class=\"cls-2\" d=\"M167.84,194.83c-6.19-14.32-9.81-30.59-5.89-46.03,6.43-25.38,30.78-38.65,55.71-38.65,7.07,0,14.09,1.07,20.68,3.18V43.57c0-6.17-5.05-11.23-11.23-11.23h-58.37v44.06c0,4.2-4.86,6.5-8.11,3.84l-22.01-18.05c-1.85-1.51-4.44-1.51-6.29,0l-22.01,18.05c-3.24,2.66-8.11.36-8.11-3.84v-44.06h-58.37c-6.17,0-11.23,5.05-11.23,11.23v155.43c0,6.18,5.05,11.23,11.23,11.23h131.87c-2.96-5.04-5.62-10.18-7.88-15.4ZM115.7,174.39c0,1.19-.97,2.16-2.16,2.16h-45.07c-1.19,0-2.16-.97-2.16-2.16v-23.62c0-1.19.97-2.16,2.16-2.16h45.07c1.19,0,2.16.97,2.16,2.16v23.62Z\"\/>\r\n  <path class=\"cls-1\" d=\"M262.86,251.19c0,9.09-20.23,16.47-45.2,16.47s-45.2-7.38-45.2-16.47c0-6.04,8.93-11.33,22.23-14.2,2.28,2.77,4.62,5.49,6.97,8.15-4.34,1.52-7.05,3.67-7.05,6.04,0,4.63,10.32,8.4,23.04,8.4s23.04-3.76,23.04-8.4c0-2.37-2.7-4.52-7.04-6.04,2.35-2.66,4.68-5.38,6.96-8.15,13.31,2.87,22.23,8.15,22.23,14.2Z\"\/>\r\n<\/svg>\n        \n        \n        \n            <\/div>\n    \n\n\n<\/div>\n<\/div><div class=\"bde-text-2086-189 bde-text\">\nLanggut, gro\u00dfformatige Artikel\n<\/div>\n\n<\/a><a class=\"bde-container-link-2086-190 bde-container-link breakdance-link\" href=\"https:\/\/wm-group.heinmedia.dev\/en\/standorte\/greven\/\" target=\"_self\" data-type=\"url\">\n  \n  \n\t\n\n\n\n<div class=\"bde-div-2086-191 bde-div\">\n  \n  \n\t\n\n\n\n<div class=\"bde-text-2086-192 bde-text\">\nGreven\n<\/div><div class=\"bde-icon-2086-193 bde-icon bde-preset-9516c9dc-ef1a-4793-97ba-c0db08b8b6d2\">\n\n    \n            <div class=\"bde-icon-icon breakdance-icon-atom\" >\n    \n                    <svg xmlns=\"http:\/\/www.w3.org\/2000\/svg\" id=\"Ebene_1\" data-name=\"Ebene 1\" viewbox=\"0 0 300 300\">\r\n  <defs>\r\n    <style>\r\n      .cls-1 {\r\n        fill: #ef7d00;\r\n      }\r\n\r\n      .cls-2 {\r\n        fill: #646464;\r\n      }\r\n    <\/style>\r\n  <\/defs>\r\n  <path class=\"cls-1\" d=\"M217.66,117.77c-42.76,0-85.53,43.87-1.72,131.62.47.49,1.05.74,1.72.74s1.26-.25,1.72-.74c83.8-87.74,41.04-131.62-1.72-131.62ZM217.66,191.57c-13.66,0-24.73-11.07-24.73-24.73s11.07-24.73,24.73-24.73,24.73,11.07,24.73,24.73-11.07,24.73-24.73,24.73Z\"\/>\r\n  <path class=\"cls-2\" d=\"M167.84,194.83c-6.19-14.32-9.81-30.59-5.89-46.03,6.43-25.38,30.78-38.65,55.71-38.65,7.07,0,14.09,1.07,20.68,3.18V43.57c0-6.17-5.05-11.23-11.23-11.23h-58.37v44.06c0,4.2-4.86,6.5-8.11,3.84l-22.01-18.05c-1.85-1.51-4.44-1.51-6.29,0l-22.01,18.05c-3.24,2.66-8.11.36-8.11-3.84v-44.06h-58.37c-6.17,0-11.23,5.05-11.23,11.23v155.43c0,6.18,5.05,11.23,11.23,11.23h131.87c-2.96-5.04-5.62-10.18-7.88-15.4ZM115.7,174.39c0,1.19-.97,2.16-2.16,2.16h-45.07c-1.19,0-2.16-.97-2.16-2.16v-23.62c0-1.19.97-2.16,2.16-2.16h45.07c1.19,0,2.16.97,2.16,2.16v23.62Z\"\/>\r\n  <path class=\"cls-1\" d=\"M262.86,251.19c0,9.09-20.23,16.47-45.2,16.47s-45.2-7.38-45.2-16.47c0-6.04,8.93-11.33,22.23-14.2,2.28,2.77,4.62,5.49,6.97,8.15-4.34,1.52-7.05,3.67-7.05,6.04,0,4.63,10.32,8.4,23.04,8.4s23.04-3.76,23.04-8.4c0-2.37-2.7-4.52-7.04-6.04,2.35-2.66,4.68-5.38,6.96-8.15,13.31,2.87,22.23,8.15,22.23,14.2Z\"\/>\r\n<\/svg>\n        \n        \n        \n            <\/div>\n    \n\n\n<\/div>\n<\/div><div class=\"bde-text-2086-194 bde-text\">\nMultiuser-Standort: Gefahrgut, Tabak\n<\/div>\n\n<\/a><a class=\"bde-container-link-2086-200 bde-container-link breakdance-link\" href=\"https:\/\/wm-group.heinmedia.dev\/en\/standorte\/hamminkeln\/\" target=\"_self\" data-type=\"url\">\n  \n  \n\t\n\n\n\n<div class=\"bde-div-2086-201 bde-div\">\n  \n  \n\t\n\n\n\n<div class=\"bde-text-2086-202 bde-text\">\nHamminkeln\n<\/div><div class=\"bde-icon-2086-203 bde-icon bde-preset-9516c9dc-ef1a-4793-97ba-c0db08b8b6d2\">\n\n    \n            <div class=\"bde-icon-icon breakdance-icon-atom\" >\n    \n                    <svg xmlns=\"http:\/\/www.w3.org\/2000\/svg\" id=\"Ebene_1\" data-name=\"Ebene 1\" viewbox=\"0 0 300 300\">\r\n  <defs>\r\n    <style>\r\n      .cls-1 {\r\n        fill: #ef7d00;\r\n      }\r\n\r\n      .cls-2 {\r\n        fill: #646464;\r\n      }\r\n    <\/style>\r\n  <\/defs>\r\n  <path class=\"cls-1\" d=\"M217.66,117.77c-42.76,0-85.53,43.87-1.72,131.62.47.49,1.05.74,1.72.74s1.26-.25,1.72-.74c83.8-87.74,41.04-131.62-1.72-131.62ZM217.66,191.57c-13.66,0-24.73-11.07-24.73-24.73s11.07-24.73,24.73-24.73,24.73,11.07,24.73,24.73-11.07,24.73-24.73,24.73Z\"\/>\r\n  <path class=\"cls-2\" d=\"M167.84,194.83c-6.19-14.32-9.81-30.59-5.89-46.03,6.43-25.38,30.78-38.65,55.71-38.65,7.07,0,14.09,1.07,20.68,3.18V43.57c0-6.17-5.05-11.23-11.23-11.23h-58.37v44.06c0,4.2-4.86,6.5-8.11,3.84l-22.01-18.05c-1.85-1.51-4.44-1.51-6.29,0l-22.01,18.05c-3.24,2.66-8.11.36-8.11-3.84v-44.06h-58.37c-6.17,0-11.23,5.05-11.23,11.23v155.43c0,6.18,5.05,11.23,11.23,11.23h131.87c-2.96-5.04-5.62-10.18-7.88-15.4ZM115.7,174.39c0,1.19-.97,2.16-2.16,2.16h-45.07c-1.19,0-2.16-.97-2.16-2.16v-23.62c0-1.19.97-2.16,2.16-2.16h45.07c1.19,0,2.16.97,2.16,2.16v23.62Z\"\/>\r\n  <path class=\"cls-1\" d=\"M262.86,251.19c0,9.09-20.23,16.47-45.2,16.47s-45.2-7.38-45.2-16.47c0-6.04,8.93-11.33,22.23-14.2,2.28,2.77,4.62,5.49,6.97,8.15-4.34,1.52-7.05,3.67-7.05,6.04,0,4.63,10.32,8.4,23.04,8.4s23.04-3.76,23.04-8.4c0-2.37-2.7-4.52-7.04-6.04,2.35-2.66,4.68-5.38,6.96-8.15,13.31,2.87,22.23,8.15,22.23,14.2Z\"\/>\r\n<\/svg>\n        \n        \n        \n            <\/div>\n    \n\n\n<\/div>\n<\/div><div class=\"bde-text-2086-204 bde-text\">\nu. a. Tu\u0308renspezialist\n<\/div>\n\n<\/a><a class=\"bde-container-link-2086-205 bde-container-link breakdance-link\" href=\"https:\/\/wm-group.heinmedia.dev\/en\/standorte\/huenxe\/\" target=\"_self\" data-type=\"url\">\n  \n  \n\t\n\n\n\n<div class=\"bde-div-2086-206 bde-div\">\n  \n  \n\t\n\n\n\n<div class=\"bde-text-2086-207 bde-text\">\nHu\u0308nxe\n<\/div><div class=\"bde-icon-2086-208 bde-icon bde-preset-9516c9dc-ef1a-4793-97ba-c0db08b8b6d2\">\n\n    \n            <div class=\"bde-icon-icon breakdance-icon-atom\" >\n    \n                    <svg xmlns=\"http:\/\/www.w3.org\/2000\/svg\" id=\"Ebene_1\" data-name=\"Ebene 1\" viewbox=\"0 0 300 300\">\r\n  <defs>\r\n    <style>\r\n      .cls-1 {\r\n        fill: #ef7d00;\r\n      }\r\n\r\n      .cls-2 {\r\n        fill: #646464;\r\n      }\r\n    <\/style>\r\n  <\/defs>\r\n  <path class=\"cls-1\" d=\"M217.66,117.77c-42.76,0-85.53,43.87-1.72,131.62.47.49,1.05.74,1.72.74s1.26-.25,1.72-.74c83.8-87.74,41.04-131.62-1.72-131.62ZM217.66,191.57c-13.66,0-24.73-11.07-24.73-24.73s11.07-24.73,24.73-24.73,24.73,11.07,24.73,24.73-11.07,24.73-24.73,24.73Z\"\/>\r\n  <path class=\"cls-2\" d=\"M167.84,194.83c-6.19-14.32-9.81-30.59-5.89-46.03,6.43-25.38,30.78-38.65,55.71-38.65,7.07,0,14.09,1.07,20.68,3.18V43.57c0-6.17-5.05-11.23-11.23-11.23h-58.37v44.06c0,4.2-4.86,6.5-8.11,3.84l-22.01-18.05c-1.85-1.51-4.44-1.51-6.29,0l-22.01,18.05c-3.24,2.66-8.11.36-8.11-3.84v-44.06h-58.37c-6.17,0-11.23,5.05-11.23,11.23v155.43c0,6.18,5.05,11.23,11.23,11.23h131.87c-2.96-5.04-5.62-10.18-7.88-15.4ZM115.7,174.39c0,1.19-.97,2.16-2.16,2.16h-45.07c-1.19,0-2.16-.97-2.16-2.16v-23.62c0-1.19.97-2.16,2.16-2.16h45.07c1.19,0,2.16.97,2.16,2.16v23.62Z\"\/>\r\n  <path class=\"cls-1\" d=\"M262.86,251.19c0,9.09-20.23,16.47-45.2,16.47s-45.2-7.38-45.2-16.47c0-6.04,8.93-11.33,22.23-14.2,2.28,2.77,4.62,5.49,6.97,8.15-4.34,1.52-7.05,3.67-7.05,6.04,0,4.63,10.32,8.4,23.04,8.4s23.04-3.76,23.04-8.4c0-2.37-2.7-4.52-7.04-6.04,2.35-2.66,4.68-5.38,6.96-8.15,13.31,2.87,22.23,8.15,22.23,14.2Z\"\/>\r\n<\/svg>\n        \n        \n        \n            <\/div>\n    \n\n\n<\/div>\n<\/div><div class=\"bde-text-2086-209 bde-text\">\nLanggut, gro\u00dfformatige Artikel\n<\/div>\n\n<\/a><a class=\"bde-container-link-2086-210 bde-container-link breakdance-link\" href=\"https:\/\/wm-group.heinmedia.dev\/en\/standorte\/muelheim\/\" target=\"_self\" data-type=\"url\">\n  \n  \n\t\n\n\n\n<div class=\"bde-div-2086-211 bde-div\">\n  \n  \n\t\n\n\n\n<div class=\"bde-text-2086-212 bde-text\">\nMu\u0308lheim\n<\/div><div class=\"bde-icon-2086-213 bde-icon bde-preset-9516c9dc-ef1a-4793-97ba-c0db08b8b6d2\">\n\n    \n            <div class=\"bde-icon-icon breakdance-icon-atom\" >\n    \n                    <svg xmlns=\"http:\/\/www.w3.org\/2000\/svg\" id=\"Ebene_1\" data-name=\"Ebene 1\" viewbox=\"0 0 300 300\">\r\n  <defs>\r\n    <style>\r\n      .cls-1 {\r\n        fill: #ef7d00;\r\n      }\r\n\r\n      .cls-2 {\r\n        fill: #646464;\r\n      }\r\n    <\/style>\r\n  <\/defs>\r\n  <path class=\"cls-1\" d=\"M217.66,117.77c-42.76,0-85.53,43.87-1.72,131.62.47.49,1.05.74,1.72.74s1.26-.25,1.72-.74c83.8-87.74,41.04-131.62-1.72-131.62ZM217.66,191.57c-13.66,0-24.73-11.07-24.73-24.73s11.07-24.73,24.73-24.73,24.73,11.07,24.73,24.73-11.07,24.73-24.73,24.73Z\"\/>\r\n  <path class=\"cls-2\" d=\"M167.84,194.83c-6.19-14.32-9.81-30.59-5.89-46.03,6.43-25.38,30.78-38.65,55.71-38.65,7.07,0,14.09,1.07,20.68,3.18V43.57c0-6.17-5.05-11.23-11.23-11.23h-58.37v44.06c0,4.2-4.86,6.5-8.11,3.84l-22.01-18.05c-1.85-1.51-4.44-1.51-6.29,0l-22.01,18.05c-3.24,2.66-8.11.36-8.11-3.84v-44.06h-58.37c-6.17,0-11.23,5.05-11.23,11.23v155.43c0,6.18,5.05,11.23,11.23,11.23h131.87c-2.96-5.04-5.62-10.18-7.88-15.4ZM115.7,174.39c0,1.19-.97,2.16-2.16,2.16h-45.07c-1.19,0-2.16-.97-2.16-2.16v-23.62c0-1.19.97-2.16,2.16-2.16h45.07c1.19,0,2.16.97,2.16,2.16v23.62Z\"\/>\r\n  <path class=\"cls-1\" d=\"M262.86,251.19c0,9.09-20.23,16.47-45.2,16.47s-45.2-7.38-45.2-16.47c0-6.04,8.93-11.33,22.23-14.2,2.28,2.77,4.62,5.49,6.97,8.15-4.34,1.52-7.05,3.67-7.05,6.04,0,4.63,10.32,8.4,23.04,8.4s23.04-3.76,23.04-8.4c0-2.37-2.7-4.52-7.04-6.04,2.35-2.66,4.68-5.38,6.96-8.15,13.31,2.87,22.23,8.15,22.23,14.2Z\"\/>\r\n<\/svg>\n        \n        \n        \n            <\/div>\n    \n\n\n<\/div>\n<\/div><div class=\"bde-text-2086-214 bde-text\">\nE-Commerce\/Fashion\n<\/div>\n\n<\/a><a class=\"bde-container-link-2086-220 bde-container-link breakdance-link\" href=\"https:\/\/wm-group.heinmedia.dev\/en\/standorte\/voerde\/\" target=\"_self\" data-type=\"url\">\n  \n  \n\t\n\n\n\n<div class=\"bde-div-2086-221 bde-div\">\n  \n  \n\t\n\n\n\n<div class=\"bde-text-2086-222 bde-text\">\nMussum | Voerde | Wesel\n<\/div><div class=\"bde-icon-2086-223 bde-icon bde-preset-9516c9dc-ef1a-4793-97ba-c0db08b8b6d2\">\n\n    \n            <div class=\"bde-icon-icon breakdance-icon-atom\" >\n    \n                    <svg xmlns=\"http:\/\/www.w3.org\/2000\/svg\" id=\"Ebene_1\" data-name=\"Ebene 1\" viewbox=\"0 0 300 300\">\r\n  <defs>\r\n    <style>\r\n      .cls-1 {\r\n        fill: #ef7d00;\r\n      }\r\n\r\n      .cls-2 {\r\n        fill: #646464;\r\n      }\r\n    <\/style>\r\n  <\/defs>\r\n  <path class=\"cls-1\" d=\"M217.66,117.77c-42.76,0-85.53,43.87-1.72,131.62.47.49,1.05.74,1.72.74s1.26-.25,1.72-.74c83.8-87.74,41.04-131.62-1.72-131.62ZM217.66,191.57c-13.66,0-24.73-11.07-24.73-24.73s11.07-24.73,24.73-24.73,24.73,11.07,24.73,24.73-11.07,24.73-24.73,24.73Z\"\/>\r\n  <path class=\"cls-2\" d=\"M167.84,194.83c-6.19-14.32-9.81-30.59-5.89-46.03,6.43-25.38,30.78-38.65,55.71-38.65,7.07,0,14.09,1.07,20.68,3.18V43.57c0-6.17-5.05-11.23-11.23-11.23h-58.37v44.06c0,4.2-4.86,6.5-8.11,3.84l-22.01-18.05c-1.85-1.51-4.44-1.51-6.29,0l-22.01,18.05c-3.24,2.66-8.11.36-8.11-3.84v-44.06h-58.37c-6.17,0-11.23,5.05-11.23,11.23v155.43c0,6.18,5.05,11.23,11.23,11.23h131.87c-2.96-5.04-5.62-10.18-7.88-15.4ZM115.7,174.39c0,1.19-.97,2.16-2.16,2.16h-45.07c-1.19,0-2.16-.97-2.16-2.16v-23.62c0-1.19.97-2.16,2.16-2.16h45.07c1.19,0,2.16.97,2.16,2.16v23.62Z\"\/>\r\n  <path class=\"cls-1\" d=\"M262.86,251.19c0,9.09-20.23,16.47-45.2,16.47s-45.2-7.38-45.2-16.47c0-6.04,8.93-11.33,22.23-14.2,2.28,2.77,4.62,5.49,6.97,8.15-4.34,1.52-7.05,3.67-7.05,6.04,0,4.63,10.32,8.4,23.04,8.4s23.04-3.76,23.04-8.4c0-2.37-2.7-4.52-7.04-6.04,2.35-2.66,4.68-5.38,6.96-8.15,13.31,2.87,22.23,8.15,22.23,14.2Z\"\/>\r\n<\/svg>\n        \n        \n        \n            <\/div>\n    \n\n\n<\/div>\n<\/div><div class=\"bde-text-2086-224 bde-text\">\nInhouse Logistik\n<\/div>\n\n<\/a><a class=\"bde-container-link-2086-235 bde-container-link breakdance-link\" href=\"https:\/\/wm-group.heinmedia.dev\/en\/standorte\/ingolstadt\/\" target=\"_self\" data-type=\"url\">\n  \n  \n\t\n\n\n\n<div class=\"bde-div-2086-236 bde-div\">\n  \n  \n\t\n\n\n\n<div class=\"bde-text-2086-237 bde-text\">\nIngolstadt\n<\/div><div class=\"bde-icon-2086-238 bde-icon bde-preset-9516c9dc-ef1a-4793-97ba-c0db08b8b6d2\">\n\n    \n            <div class=\"bde-icon-icon breakdance-icon-atom\" >\n    \n                    <svg xmlns=\"http:\/\/www.w3.org\/2000\/svg\" id=\"Ebene_1\" data-name=\"Ebene 1\" viewbox=\"0 0 300 300\">\r\n  <defs>\r\n    <style>\r\n      .cls-1 {\r\n        fill: #ef7d00;\r\n      }\r\n\r\n      .cls-2 {\r\n        fill: #646464;\r\n      }\r\n    <\/style>\r\n  <\/defs>\r\n  <path class=\"cls-1\" d=\"M217.66,117.77c-42.76,0-85.53,43.87-1.72,131.62.47.49,1.05.74,1.72.74s1.26-.25,1.72-.74c83.8-87.74,41.04-131.62-1.72-131.62ZM217.66,191.57c-13.66,0-24.73-11.07-24.73-24.73s11.07-24.73,24.73-24.73,24.73,11.07,24.73,24.73-11.07,24.73-24.73,24.73Z\"\/>\r\n  <path class=\"cls-2\" d=\"M167.84,194.83c-6.19-14.32-9.81-30.59-5.89-46.03,6.43-25.38,30.78-38.65,55.71-38.65,7.07,0,14.09,1.07,20.68,3.18V43.57c0-6.17-5.05-11.23-11.23-11.23h-58.37v44.06c0,4.2-4.86,6.5-8.11,3.84l-22.01-18.05c-1.85-1.51-4.44-1.51-6.29,0l-22.01,18.05c-3.24,2.66-8.11.36-8.11-3.84v-44.06h-58.37c-6.17,0-11.23,5.05-11.23,11.23v155.43c0,6.18,5.05,11.23,11.23,11.23h131.87c-2.96-5.04-5.62-10.18-7.88-15.4ZM115.7,174.39c0,1.19-.97,2.16-2.16,2.16h-45.07c-1.19,0-2.16-.97-2.16-2.16v-23.62c0-1.19.97-2.16,2.16-2.16h45.07c1.19,0,2.16.97,2.16,2.16v23.62Z\"\/>\r\n  <path class=\"cls-1\" d=\"M262.86,251.19c0,9.09-20.23,16.47-45.2,16.47s-45.2-7.38-45.2-16.47c0-6.04,8.93-11.33,22.23-14.2,2.28,2.77,4.62,5.49,6.97,8.15-4.34,1.52-7.05,3.67-7.05,6.04,0,4.63,10.32,8.4,23.04,8.4s23.04-3.76,23.04-8.4c0-2.37-2.7-4.52-7.04-6.04,2.35-2.66,4.68-5.38,6.96-8.15,13.31,2.87,22.23,8.15,22.23,14.2Z\"\/>\r\n<\/svg>\n        \n        \n        \n            <\/div>\n    \n\n\n<\/div>\n<\/div><div class=\"bde-text-2086-239 bde-text\">\nFiliallogistik\n<\/div>\n\n<\/a>\n<\/div><\/div>\n<\/section>","protected":false},"excerpt":{"rendered":"<p>Unsere Logistikstandorte Strategisch verteilt f\u00fcr maximale Kundenn\u00e4he Unsere Logistikstandorte erstrecken sich strategisch entlang zentraler Verkehrsachsen \u2013 von Seeh\u00e4fen \u00fcber Autobahnkreuze bis zu Binnenh\u00e4fen und Flughafen\u2010N\u00e4he. So garantieren wir kurze Transportwege, schnelle Umschlagszeiten und hohe Verf\u00fcgbarkeit Ihrer Waren. Jeder Standort ist mit modernen Lager- und Kommissioniersystemen ausgestattet und bietet flexible Kapazit\u00e4ten f\u00fcr Lagerung, Cross\u2010Docking und Value-Added-Services. [&hellip;]<\/p>\n","protected":false},"author":248570550,"featured_media":0,"parent":0,"menu_order":0,"comment_status":"closed","ping_status":"closed","template":"","meta":{"inline_featured_image":false,"_breakdance_hide_in_design_set":false,"_breakdance_tags":"","footnotes":""},"class_list":["post-2086","page","type-page","status-publish","hentry"],"meta_box":[],"_links":{"self":[{"href":"https:\/\/wm-group.heinmedia.dev\/en\/wp-json\/wp\/v2\/pages\/2086","targetHints":{"allow":["GET"]}}],"collection":[{"href":"https:\/\/wm-group.heinmedia.dev\/en\/wp-json\/wp\/v2\/pages"}],"about":[{"href":"https:\/\/wm-group.heinmedia.dev\/en\/wp-json\/wp\/v2\/types\/page"}],"author":[{"embeddable":true,"href":"https:\/\/wm-group.heinmedia.dev\/en\/wp-json\/wp\/v2\/users\/248570550"}],"replies":[{"embeddable":true,"href":"https:\/\/wm-group.heinmedia.dev\/en\/wp-json\/wp\/v2\/comments?post=2086"}],"version-history":[{"count":15,"href":"https:\/\/wm-group.heinmedia.dev\/en\/wp-json\/wp\/v2\/pages\/2086\/revisions"}],"predecessor-version":[{"id":2938,"href":"https:\/\/wm-group.heinmedia.dev\/en\/wp-json\/wp\/v2\/pages\/2086\/revisions\/2938"}],"wp:attachment":[{"href":"https:\/\/wm-group.heinmedia.dev\/en\/wp-json\/wp\/v2\/media?parent=2086"}],"curies":[{"name":"wp","href":"https:\/\/api.w.org\/{rel}","templated":true}]}}