{"id":2063,"date":"2025-08-08T08:07:34","date_gmt":"2025-08-08T06:07:34","guid":{"rendered":"https:\/\/wm-group.heinmedia.dev\/?page_id=2063"},"modified":"2025-12-23T10:05:19","modified_gmt":"2025-12-23T09:05:19","slug":"e-commerce-fulfilment","status":"publish","type":"page","link":"https:\/\/wm-group.heinmedia.dev\/en\/e-commerce-fulfillment\/","title":{"rendered":"E-commerce fulfilment"},"content":{"rendered":"<section class=\"bde-section-2063-100 bde-section\">\n              \n  \n  \n\t\n\n  <div class=\"section-background-overlay\"><\/div>\n\n\n<div class=\"section-container\"><div class=\"bde-text-2063-101 bde-text\">\nFulfilment for e-commerce\n<\/div><h1 class=\"bde-heading-2063-102 bde-heading\">\nScalable logistics solutions for your online business\n<\/h1><\/div>\n<\/section><section class=\"bde-section-2063-103 bde-section\">\n  \n  \n\t\n\n\n\n<div class=\"section-container\"><div class=\"bde-columns-2063-104 bde-columns\"><div class=\"bde-column-2063-105 bde-column\">\n  \n  \n\t\n\n\n\n<div class=\"bde-rich-text-2063-106 bde-rich-text breakdance-rich-text-styles\">\n<p>In e-commerce, speed is the key to your success: from the click in the online shop to delivery to the end customer. With our specialised fulfilment offering, we deliver scalable warehouse and shipping processes that can be seamlessly integrated into your systems. Automated conveyor technology and computerised inventory management ensure seamless transparency - from goods receipt to individual packaging and on-time dispatch. Supplemented by value-added services and customised returns management, we guarantee you the highest performance and maximum customer satisfaction.<\/p>\n<\/div>\n<\/div><div class=\"bde-column-2063-107 bde-column\">\n  \n  \n\t\n\n\n\n<div class=\"bde-div-2063-108 bde-div\">\n  \n  \n\t\n\n\n\n<div class=\"bde-icon-2063-109 bde-icon\">\n\n    \n            <div class=\"bde-icon-icon breakdance-icon-atom\" >\n    \n                    <svg xmlns=\"http:\/\/www.w3.org\/2000\/svg\" id=\"icon-checkmark\" viewbox=\"0 0 32 32\">\n<path d=\"M27 4l-15 15-7-7-5 5 12 12 20-20z\"\/>\n<\/svg>\n        \n        \n        \n            <\/div>\n    \n\n\n<\/div><div class=\"bde-div-2063-110 bde-div\">\n  \n  \n\t\n\n\n\n<h2 class=\"bde-heading-2063-111 bde-heading\">\nScalability &amp; flexibility\n<\/h2><div class=\"bde-text-2063-112 bde-text\">\nAutomated processes adapt to peak loads as well as seasonal demand.\n<\/div>\n<\/div>\n<\/div><div class=\"bde-div-2063-113 bde-div\">\n  \n  \n\t\n\n\n\n<div class=\"bde-icon-2063-114 bde-icon\">\n\n    \n            <div class=\"bde-icon-icon breakdance-icon-atom\" >\n    \n                    <svg xmlns=\"http:\/\/www.w3.org\/2000\/svg\" id=\"icon-checkmark\" viewbox=\"0 0 32 32\">\n<path d=\"M27 4l-15 15-7-7-5 5 12 12 20-20z\"\/>\n<\/svg>\n        \n        \n        \n            <\/div>\n    \n\n\n<\/div><div class=\"bde-div-2063-115 bde-div\">\n  \n  \n\t\n\n\n\n<h2 class=\"bde-heading-2063-116 bde-heading\">\nEnd-to-end transparency\n<\/h2><div class=\"bde-text-2063-117 bde-text\">\nReal-time reporting on incoming goods, picking and despatch.\n<\/div>\n<\/div>\n<\/div><div class=\"bde-div-2063-118 bde-div\">\n  \n  \n\t\n\n\n\n<div class=\"bde-icon-2063-119 bde-icon\">\n\n    \n            <div class=\"bde-icon-icon breakdance-icon-atom\" >\n    \n                    <svg xmlns=\"http:\/\/www.w3.org\/2000\/svg\" id=\"icon-checkmark\" viewbox=\"0 0 32 32\">\n<path d=\"M27 4l-15 15-7-7-5 5 12 12 20-20z\"\/>\n<\/svg>\n        \n        \n        \n            <\/div>\n    \n\n\n<\/div><div class=\"bde-div-2063-120 bde-div\">\n  \n  \n\t\n\n\n\n<h2 class=\"bde-heading-2063-121 bde-heading\">\nAll-round service\n<\/h2><div class=\"bde-text-2063-122 bde-text\">\nFrom shop and marketplace connections to packaging and returns management.\n<\/div>\n<\/div>\n<\/div>\n<\/div><\/div><\/div>\n<\/section><section class=\"bde-section-2063-123 bde-section\">\n  \n  \n\t\n\n\n\n<div class=\"section-container\"><div class=\"bde-text-2063-124 bde-text\">\nEfficient goods receiving, precise order picking and customised shipping solutions - for <span>on-time deliveries and sustainable customer satisfaction.<\/span>\n<\/div><div class=\"bde-div-2063-125 bde-div\">\n  \n  \n\t\n\n\n\n<div class=\"bde-rich-text-2063-126 bde-rich-text breakdance-rich-text-styles\">\n<p>Our fulfilment is an integral part of your customer journey: orders, stock levels and shipping orders all come together in real time via a central platform. In this way, we minimise manual interfaces, reduce sources of error and shorten throughput times. Thanks to individual cut-off models and express options, you can delight your customers with same-day or next-day delivery - while controlling and optimising the entire process using meaningful KPIs.<\/p>\n<\/div>\n<\/div><\/div>\n<\/section><section class=\"bde-section-2063-162 bde-section\">\n  \n  \n\t\n\n\n\n<div class=\"section-container\"><div class=\"bde-div-2063-163 bde-div\">\n  \n  \n\t\n\n\n\n<h2 class=\"bde-heading-2063-164 bde-heading\">\nOur core fulfilment services at a glance\n<\/h2><p class=\"bde-text-2063-165 bde-text\">\nComplex logistics processes from incoming goods to returns efficiently and precisely implemented.\n<\/p>\n<\/div><div class=\"bde-grid-2063-166 bde-grid\">\n  \n  \n\t\n\n\n\n<div class=\"bde-div-2063-167 bde-div\">\n  \n  \n\t\n\n\n\n<div class=\"bde-icon-2063-168 bde-icon\">\n\n    \n            <div class=\"bde-icon-icon breakdance-icon-atom\" >\n    \n                    <svg xmlns=\"http:\/\/www.w3.org\/2000\/svg\" id=\"icon-checkmark\" viewbox=\"0 0 32 32\">\n<path d=\"M27 4l-15 15-7-7-5 5 12 12 20-20z\"\/>\n<\/svg>\n        \n        \n        \n            <\/div>\n    \n\n\n<\/div><div class=\"bde-div-2063-169 bde-div\">\n  \n  \n\t\n\n\n\n<h3 class=\"bde-heading-2063-170 bde-heading\">\nShop connection and <br>Development\n<\/h3><div class=\"bde-rich-text-2063-171 bde-rich-text breakdance-rich-text-styles\">\n<p>Seamless integration of standardised shop connection and individual development for efficient processes.<\/p>\n<\/div>\n<\/div>\n<\/div><div class=\"bde-div-2063-172 bde-div\">\n  \n  \n\t\n\n\n\n<div class=\"bde-icon-2063-173 bde-icon\">\n\n    \n            <div class=\"bde-icon-icon breakdance-icon-atom\" >\n    \n                    <svg xmlns=\"http:\/\/www.w3.org\/2000\/svg\" id=\"icon-checkmark\" viewbox=\"0 0 32 32\">\n<path d=\"M27 4l-15 15-7-7-5 5 12 12 20-20z\"\/>\n<\/svg>\n        \n        \n        \n            <\/div>\n    \n\n\n<\/div><div class=\"bde-div-2063-174 bde-div\">\n  \n  \n\t\n\n\n\n<h3 class=\"bde-heading-2063-175 bde-heading\">\nIncoming goods and<br> Reporting\n<\/h3><div class=\"bde-rich-text-2063-176 bde-rich-text breakdance-rich-text-styles\">\n<p>Efficient incoming goods inspection with quality assurance and digitally optimised reporting for full transparency.<\/p>\n<\/div>\n<\/div>\n<\/div><div class=\"bde-div-2063-177 bde-div\">\n  \n  \n\t\n\n\n\n<div class=\"bde-icon-2063-178 bde-icon\">\n\n    \n            <div class=\"bde-icon-icon breakdance-icon-atom\" >\n    \n                    <svg xmlns=\"http:\/\/www.w3.org\/2000\/svg\" id=\"icon-checkmark\" viewbox=\"0 0 32 32\">\n<path d=\"M27 4l-15 15-7-7-5 5 12 12 20-20z\"\/>\n<\/svg>\n        \n        \n        \n            <\/div>\n    \n\n\n<\/div><div class=\"bde-div-2063-179 bde-div\">\n  \n  \n\t\n\n\n\n<h3 class=\"bde-heading-2063-180 bde-heading\">\nPicking and<br>Customisation\n<\/h3><div class=\"bde-rich-text-2063-181 bde-rich-text breakdance-rich-text-styles\">\n<p>Precise picking and packing including handling of bulky goods in scalable processes.<\/p>\n<\/div>\n<\/div>\n<\/div><div class=\"bde-div-2063-182 bde-div\">\n  \n  \n\t\n\n\n\n<div class=\"bde-icon-2063-183 bde-icon\">\n\n    \n            <div class=\"bde-icon-icon breakdance-icon-atom\" >\n    \n                    <svg xmlns=\"http:\/\/www.w3.org\/2000\/svg\" id=\"icon-checkmark\" viewbox=\"0 0 32 32\">\n<path d=\"M27 4l-15 15-7-7-5 5 12 12 20-20z\"\/>\n<\/svg>\n        \n        \n        \n            <\/div>\n    \n\n\n<\/div><div class=\"bde-div-2063-184 bde-div\">\n  \n  \n\t\n\n\n\n<h3 class=\"bde-heading-2063-185 bde-heading\">\nStorage and <br>Packaging\n<\/h3><div class=\"bde-rich-text-2063-186 bde-rich-text breakdance-rich-text-styles\">\n<p>Customised storage strategies and individual packaging solutions for different types of goods.<\/p>\n<\/div>\n<\/div>\n<\/div><div class=\"bde-div-2063-187 bde-div\">\n  \n  \n\t\n\n\n\n<div class=\"bde-icon-2063-188 bde-icon\">\n\n    \n            <div class=\"bde-icon-icon breakdance-icon-atom\" >\n    \n                    <svg xmlns=\"http:\/\/www.w3.org\/2000\/svg\" id=\"icon-checkmark\" viewbox=\"0 0 32 32\">\n<path d=\"M27 4l-15 15-7-7-5 5 12 12 20-20z\"\/>\n<\/svg>\n        \n        \n        \n            <\/div>\n    \n\n\n<\/div><div class=\"bde-div-2063-189 bde-div\">\n  \n  \n\t\n\n\n\n<h3 class=\"bde-heading-2063-190 bde-heading\">\nShipping and<br>Delivery\n<\/h3><div class=\"bde-rich-text-2063-191 bde-rich-text breakdance-rich-text-styles\">\n<p>Late cut-off times with private customer delivery via CEP service providers and worldwide round-the-clock shipping.<\/p>\n<\/div>\n<\/div>\n<\/div><div class=\"bde-div-2063-192 bde-div\">\n  \n  \n\t\n\n\n\n<div class=\"bde-icon-2063-193 bde-icon\">\n\n    \n            <div class=\"bde-icon-icon breakdance-icon-atom\" >\n    \n                    <svg xmlns=\"http:\/\/www.w3.org\/2000\/svg\" id=\"icon-checkmark\" viewbox=\"0 0 32 32\">\n<path d=\"M27 4l-15 15-7-7-5 5 12 12 20-20z\"\/>\n<\/svg>\n        \n        \n        \n            <\/div>\n    \n\n\n<\/div><div class=\"bde-div-2063-194 bde-div\">\n  \n  \n\t\n\n\n\n<h3 class=\"bde-heading-2063-195 bde-heading\">\nReturns and<br>Services\n<\/h3><div class=\"bde-rich-text-2063-196 bde-rich-text breakdance-rich-text-styles\">\n<p>Returns management according to customer-specific requirements and value-added services including labelling and display construction.<\/p>\n<\/div>\n<\/div>\n<\/div>\n<\/div><\/div>\n<\/section>","protected":false},"excerpt":{"rendered":"<p>Fulfillment f\u00fcr E-Commerce Skalierbare Logistikl\u00f6sungen f\u00fcr Ihren Online-Handel Im E-Commerce entscheidet die Geschwindigkeit \u00fcber Ihren Erfolg: Vom Klick im Online-Shop bis zur Zustellung an den Endkunden. Mit unserem spezialisierten Fulfillment-Angebot liefern wir skalierbare Lager- und Versandprozesse, die sich nahtlos in Ihre Systeme einbinden. Automatisierte F\u00f6rdertechnik und EDV-gest\u00fctzte Bestandsf\u00fchrung sorgen f\u00fcr l\u00fcckenlose Transparenz \u2013 von der [&hellip;]<\/p>\n","protected":false},"author":248570550,"featured_media":0,"parent":0,"menu_order":0,"comment_status":"closed","ping_status":"closed","template":"","meta":{"inline_featured_image":false,"_breakdance_hide_in_design_set":false,"_breakdance_tags":"","footnotes":""},"class_list":["post-2063","page","type-page","status-publish","hentry"],"meta_box":[],"_links":{"self":[{"href":"https:\/\/wm-group.heinmedia.dev\/en\/wp-json\/wp\/v2\/pages\/2063","targetHints":{"allow":["GET"]}}],"collection":[{"href":"https:\/\/wm-group.heinmedia.dev\/en\/wp-json\/wp\/v2\/pages"}],"about":[{"href":"https:\/\/wm-group.heinmedia.dev\/en\/wp-json\/wp\/v2\/types\/page"}],"author":[{"embeddable":true,"href":"https:\/\/wm-group.heinmedia.dev\/en\/wp-json\/wp\/v2\/users\/248570550"}],"replies":[{"embeddable":true,"href":"https:\/\/wm-group.heinmedia.dev\/en\/wp-json\/wp\/v2\/comments?post=2063"}],"version-history":[{"count":7,"href":"https:\/\/wm-group.heinmedia.dev\/en\/wp-json\/wp\/v2\/pages\/2063\/revisions"}],"predecessor-version":[{"id":2995,"href":"https:\/\/wm-group.heinmedia.dev\/en\/wp-json\/wp\/v2\/pages\/2063\/revisions\/2995"}],"wp:attachment":[{"href":"https:\/\/wm-group.heinmedia.dev\/en\/wp-json\/wp\/v2\/media?parent=2063"}],"curies":[{"name":"wp","href":"https:\/\/api.w.org\/{rel}","templated":true}]}}