{"id":2057,"date":"2025-08-08T07:51:38","date_gmt":"2025-08-08T05:51:38","guid":{"rendered":"https:\/\/wm-group.heinmedia.dev\/?page_id=2057"},"modified":"2025-11-25T08:19:07","modified_gmt":"2025-11-25T07:19:07","slug":"in-house-logistics","status":"publish","type":"page","link":"https:\/\/wm-group.heinmedia.dev\/en\/inhouse-logistik\/","title":{"rendered":"In-house logistics"},"content":{"rendered":"<section class=\"bde-section-2057-100 bde-section\">\n              \n  \n  \n\t\n\n  <div class=\"section-background-overlay\"><\/div>\n\n\n<div class=\"section-container\"><div class=\"bde-text-2057-101 bde-text\">\nInhouse Logistik\n<\/div><h1 class=\"bde-heading-2057-102 bde-heading\">\nEffiziente L\u00f6sungen f\u00fcr Ihre internen Prozesse\n<\/h1><\/div>\n<\/section><section class=\"bde-section-2057-103 bde-section\">\n  \n  \n\t\n\n\n\n<div class=\"section-container\"><div class=\"bde-columns-2057-104 bde-columns\"><div class=\"bde-column-2057-105 bde-column\">\n  \n  \n\t\n\n\n\n<div class=\"bde-rich-text-2057-106 bde-rich-text breakdance-rich-text-styles\">\n<p>Als etablierter Inhouse-Dienstleister haben wir uns auf dem Werksgel\u00e4nde eines f\u00fchrenden Herstellers f\u00fcr Wind- und Antriebstechnik bew\u00e4hrt. Unsere Teams \u00fcbernehmen dabei nicht nur standardisierte Prozesse wie QS-gepr\u00fcften Wareneingang und Reporting, sondern konzipieren individuelle Abl\u00e4ufe f\u00fcr Kleinteile, lose Schwerg\u00fcter und ma\u00dfgeschneiderte Holzkonstruktionen. Dank flexibler Kapazit\u00e4ten und enger Abstimmung mit Ihrem Forecast sichern wir reibungslose Nachschubversorgung, minimieren Standzeiten und sorgen f\u00fcr l\u00fcckenlose Dokumentation jeder Sendung.<\/p>\n<\/div>\n<\/div><div class=\"bde-column-2057-107 bde-column\">\n  \n  \n\t\n\n\n\n<div class=\"bde-div-2057-108 bde-div\">\n  \n  \n\t\n\n\n\n<div class=\"bde-icon-2057-109 bde-icon\">\n\n    \n            <div class=\"bde-icon-icon breakdance-icon-atom\" >\n    \n                    <svg xmlns=\"http:\/\/www.w3.org\/2000\/svg\" id=\"icon-checkmark\" viewbox=\"0 0 32 32\">\n<path d=\"M27 4l-15 15-7-7-5 5 12 12 20-20z\"\/>\n<\/svg>\n        \n        \n        \n            <\/div>\n    \n\n\n<\/div><div class=\"bde-div-2057-110 bde-div\">\n  \n  \n\t\n\n\n\n<h2 class=\"bde-heading-2057-111 bde-heading\">\nGanzheitliche Prozessabdeckung\n<\/h2><div class=\"bde-text-2057-112 bde-text\">\nVon Wareneingang \u00fcber Kommissionierung bis zur transportsicheren Verladung \u2013 alles aus einer Hand.\n<\/div>\n<\/div>\n<\/div><div class=\"bde-div-2057-113 bde-div\">\n  \n  \n\t\n\n\n\n<div class=\"bde-icon-2057-114 bde-icon\">\n\n    \n            <div class=\"bde-icon-icon breakdance-icon-atom\" >\n    \n                    <svg xmlns=\"http:\/\/www.w3.org\/2000\/svg\" id=\"icon-checkmark\" viewbox=\"0 0 32 32\">\n<path d=\"M27 4l-15 15-7-7-5 5 12 12 20-20z\"\/>\n<\/svg>\n        \n        \n        \n            <\/div>\n    \n\n\n<\/div><div class=\"bde-div-2057-115 bde-div\">\n  \n  \n\t\n\n\n\n<h2 class=\"bde-heading-2057-116 bde-heading\">\nMaximale Flexibilit\u00e4t\n<\/h2><div class=\"bde-text-2057-117 bde-text\">\nHandling jeder G\u00fcterart, egal ob Kleinteil oder Schwergut, abgestimmt auf Ihre Produktionsspitzen.\n<\/div>\n<\/div>\n<\/div><div class=\"bde-div-2057-118 bde-div\">\n  \n  \n\t\n\n\n\n<div class=\"bde-icon-2057-119 bde-icon\">\n\n    \n            <div class=\"bde-icon-icon breakdance-icon-atom\" >\n    \n                    <svg xmlns=\"http:\/\/www.w3.org\/2000\/svg\" id=\"icon-checkmark\" viewbox=\"0 0 32 32\">\n<path d=\"M27 4l-15 15-7-7-5 5 12 12 20-20z\"\/>\n<\/svg>\n        \n        \n        \n            <\/div>\n    \n\n\n<\/div><div class=\"bde-div-2057-120 bde-div\">\n  \n  \n\t\n\n\n\n<h2 class=\"bde-heading-2057-121 bde-heading\">\nH\u00f6chste Qualit\u00e4ts- und Sicherheitsstandards\n<\/h2><div class=\"bde-text-2057-122 bde-text\">\nQS-Pr\u00fcfung, individuelle Verpackungsl\u00f6sungen und zertifiziertes Ladungssicherungskonzept.\n<\/div>\n<\/div>\n<\/div>\n<\/div><\/div><\/div>\n<\/section><section class=\"bde-section-2057-123 bde-section\">\n  \n  \n\t\n\n\n\n<div class=\"section-container\"><div class=\"bde-text-2057-124 bde-text\">\nDurch enge Zusammenarbeit mit Ihrem Produktionsteam und Nutzung Ihrer Forecast-Daten reagieren wir agil auf Ver\u00e4nderung, optimieren kontinuierlich Ihre Best\u00e4nde und <span>steigern so Ihre Gesamtanlageneffektivit\u00e4t.<\/span>\n<\/div><div class=\"bde-div-2057-125 bde-div\">\n  \n  \n\t\n\n\n\n<div class=\"bde-rich-text-2057-126 bde-rich-text breakdance-rich-text-styles\">\n<p>Unsere enge Kooperation mit Ihrem Produktionsteam beginnt bereits bei der Bedarfsplanung: Wir analysieren Ihre Forecast-Daten, um Materialengp\u00e4sse fr\u00fchzeitig zu erkennen und flexibel zu kompensieren. Dank automatisierter Bestandsf\u00fchrung und regelm\u00e4\u00dfiger Soll-Ist-Abgleiche passen wir Lagerst\u00e4nde in Echtzeit an, reduzieren \u00dcberbest\u00e4nde und vermeiden kostspielige Stillst\u00e4nde. Gleichzeitig integrieren wir kontinuierliche Verbesserungsprozesse (KVP), um Abl\u00e4ufe stets zu verfeinern und die Effizienz Ihrer Inhouse-Logistik nachhaltig zu steigern.<\/p>\n<\/div>\n<\/div><\/div>\n<\/section><section class=\"bde-section-2057-127 bde-section\">\n  \n  \n\t\n\n\n\n<div class=\"section-container\"><div class=\"bde-div-2057-128 bde-div\">\n  \n  \n\t\n\n\n\n<h2 class=\"bde-heading-2057-129 bde-heading\">\nUnsere Inhouse-Kernleistungen auf einen Blick\n<\/h2><p class=\"bde-text-2057-130 bde-text\">\nSechs zentrale Leistungsbereiche f\u00fcr reibungslose Materialfl\u00fcsse, maximale Effizienz und messbare Prozessoptimierung.\n<\/p>\n<\/div><div class=\"bde-grid-2057-131 bde-grid\">\n  \n  \n\t\n\n\n\n<div class=\"bde-div-2057-132 bde-div\">\n  \n  \n\t\n\n\n\n<div class=\"bde-icon-2057-133 bde-icon\">\n\n    \n            <div class=\"bde-icon-icon breakdance-icon-atom\" >\n    \n                    <svg xmlns=\"http:\/\/www.w3.org\/2000\/svg\" id=\"icon-checkmark\" viewbox=\"0 0 32 32\">\n<path d=\"M27 4l-15 15-7-7-5 5 12 12 20-20z\"\/>\n<\/svg>\n        \n        \n        \n            <\/div>\n    \n\n\n<\/div><div class=\"bde-div-2057-134 bde-div\">\n  \n  \n\t\n\n\n\n<h3 class=\"bde-heading-2057-135 bde-heading\">\nWareneingang und<br>QS-Pr\u00fcfung\n<\/h3><div class=\"bde-rich-text-2057-136 bde-rich-text breakdance-rich-text-styles\">\n<p>L\u00fcckenlose Annahmeprozesse mit automatischen Qualit\u00e4tskontrollen und nahtlosem Reporting f\u00fcr maximale Transparenz.<\/p>\n<\/div>\n<\/div>\n<\/div><div class=\"bde-div-2057-137 bde-div\">\n  \n  \n\t\n\n\n\n<div class=\"bde-icon-2057-138 bde-icon\">\n\n    \n            <div class=\"bde-icon-icon breakdance-icon-atom\" >\n    \n                    <svg xmlns=\"http:\/\/www.w3.org\/2000\/svg\" id=\"icon-checkmark\" viewbox=\"0 0 32 32\">\n<path d=\"M27 4l-15 15-7-7-5 5 12 12 20-20z\"\/>\n<\/svg>\n        \n        \n        \n            <\/div>\n    \n\n\n<\/div><div class=\"bde-div-2057-139 bde-div\">\n  \n  \n\t\n\n\n\n<h3 class=\"bde-heading-2057-140 bde-heading\">\nKommissionierung und<br>Konfektionierung\n<\/h3><div class=\"bde-rich-text-2057-141 bde-rich-text breakdance-rich-text-styles\">\n<p>Flexible Einzel- und Mehrst\u00fcck-Kommissionierung sowie passgenaue Zusammenstellung Ihrer Produktionsbedarfe.<\/p>\n<\/div>\n<\/div>\n<\/div><div class=\"bde-div-2057-142 bde-div\">\n  \n  \n\t\n\n\n\n<div class=\"bde-icon-2057-143 bde-icon\">\n\n    \n            <div class=\"bde-icon-icon breakdance-icon-atom\" >\n    \n                    <svg xmlns=\"http:\/\/www.w3.org\/2000\/svg\" id=\"icon-checkmark\" viewbox=\"0 0 32 32\">\n<path d=\"M27 4l-15 15-7-7-5 5 12 12 20-20z\"\/>\n<\/svg>\n        \n        \n        \n            <\/div>\n    \n\n\n<\/div><div class=\"bde-div-2057-144 bde-div\">\n  \n  \n\t\n\n\n\n<h3 class=\"bde-heading-2057-145 bde-heading\">\nVerpackung und<br>Ladungssicherung\n<\/h3><div class=\"bde-rich-text-2057-146 bde-rich-text breakdance-rich-text-styles\">\n<p>Transportsichere Verpackungsl\u00f6sungen und zertifizierte Ladungssicherung nach DIN- und ISO-Standards.<\/p>\n<\/div>\n<\/div>\n<\/div><div class=\"bde-div-2057-147 bde-div\">\n  \n  \n\t\n\n\n\n<div class=\"bde-icon-2057-148 bde-icon\">\n\n    \n            <div class=\"bde-icon-icon breakdance-icon-atom\" >\n    \n                    <svg xmlns=\"http:\/\/www.w3.org\/2000\/svg\" id=\"icon-checkmark\" viewbox=\"0 0 32 32\">\n<path d=\"M27 4l-15 15-7-7-5 5 12 12 20-20z\"\/>\n<\/svg>\n        \n        \n        \n            <\/div>\n    \n\n\n<\/div><div class=\"bde-div-2057-149 bde-div\">\n  \n  \n\t\n\n\n\n<h3 class=\"bde-heading-2057-150 bde-heading\">\nIndividuelle <br>Lagerstrategien\n<\/h3><div class=\"bde-rich-text-2057-151 bde-rich-text breakdance-rich-text-styles\">\n<p>Einlagerungskonzepte f\u00fcr Produktions\u2010, Endkunden\u2010 und Handelsware zur Bestandsoptimierung.<\/p>\n<\/div>\n<\/div>\n<\/div><div class=\"bde-div-2057-152 bde-div\">\n  \n  \n\t\n\n\n\n<div class=\"bde-icon-2057-153 bde-icon\">\n\n    \n            <div class=\"bde-icon-icon breakdance-icon-atom\" >\n    \n                    <svg xmlns=\"http:\/\/www.w3.org\/2000\/svg\" id=\"icon-checkmark\" viewbox=\"0 0 32 32\">\n<path d=\"M27 4l-15 15-7-7-5 5 12 12 20-20z\"\/>\n<\/svg>\n        \n        \n        \n            <\/div>\n    \n\n\n<\/div><div class=\"bde-div-2057-154 bde-div\">\n  \n  \n\t\n\n\n\n<h3 class=\"bde-heading-2057-155 bde-heading\">\nHandling von <br>Schwergut\n<\/h3><div class=\"bde-rich-text-2057-156 bde-rich-text breakdance-rich-text-styles\">\n<p>Sp\u00e4te Cut-off Zeiten mit Privatkundenbelieferung \u00fcber KEP-Dienstleister und weltweitem Versand rund um die Uhr.<\/p>\n<\/div>\n<\/div>\n<\/div><div class=\"bde-div-2057-157 bde-div\">\n  \n  \n\t\n\n\n\n<div class=\"bde-icon-2057-158 bde-icon\">\n\n    \n            <div class=\"bde-icon-icon breakdance-icon-atom\" >\n    \n                    <svg xmlns=\"http:\/\/www.w3.org\/2000\/svg\" id=\"icon-checkmark\" viewbox=\"0 0 32 32\">\n<path d=\"M27 4l-15 15-7-7-5 5 12 12 20-20z\"\/>\n<\/svg>\n        \n        \n        \n            <\/div>\n    \n\n\n<\/div><div class=\"bde-div-2057-159 bde-div\">\n  \n  \n\t\n\n\n\n<h3 class=\"bde-heading-2057-160 bde-heading\">\nReporting und<br>Prozessoptimierung\n<\/h3><div class=\"bde-rich-text-2057-161 bde-rich-text breakdance-rich-text-styles\">\n<p>Echtzeit-Kennzahlen, Soll-Ist-Abgleiche und Verbesserungs-prozesse zur Steigerung Ihrer Gesamtanlageneffektivit\u00e4t.<\/p>\n<\/div>\n<\/div>\n<\/div>\n<\/div><\/div>\n<\/section>","protected":false},"excerpt":{"rendered":"<p>Inhouse Logistik Effiziente L\u00f6sungen f\u00fcr Ihre internen Prozesse Als etablierter Inhouse-Dienstleister haben wir uns auf dem Werksgel\u00e4nde eines f\u00fchrenden Herstellers f\u00fcr Wind- und Antriebstechnik bew\u00e4hrt. Unsere Teams \u00fcbernehmen dabei nicht nur standardisierte Prozesse wie QS-gepr\u00fcften Wareneingang und Reporting, sondern konzipieren individuelle Abl\u00e4ufe f\u00fcr Kleinteile, lose Schwerg\u00fcter und ma\u00dfgeschneiderte Holzkonstruktionen. Dank flexibler Kapazit\u00e4ten und enger Abstimmung [&hellip;]<\/p>\n","protected":false},"author":248570550,"featured_media":0,"parent":0,"menu_order":0,"comment_status":"closed","ping_status":"closed","template":"","meta":{"inline_featured_image":false,"_breakdance_hide_in_design_set":false,"_breakdance_tags":"","footnotes":""},"class_list":["post-2057","page","type-page","status-publish","hentry"],"meta_box":[],"_links":{"self":[{"href":"https:\/\/wm-group.heinmedia.dev\/en\/wp-json\/wp\/v2\/pages\/2057","targetHints":{"allow":["GET"]}}],"collection":[{"href":"https:\/\/wm-group.heinmedia.dev\/en\/wp-json\/wp\/v2\/pages"}],"about":[{"href":"https:\/\/wm-group.heinmedia.dev\/en\/wp-json\/wp\/v2\/types\/page"}],"author":[{"embeddable":true,"href":"https:\/\/wm-group.heinmedia.dev\/en\/wp-json\/wp\/v2\/users\/248570550"}],"replies":[{"embeddable":true,"href":"https:\/\/wm-group.heinmedia.dev\/en\/wp-json\/wp\/v2\/comments?post=2057"}],"version-history":[{"count":6,"href":"https:\/\/wm-group.heinmedia.dev\/en\/wp-json\/wp\/v2\/pages\/2057\/revisions"}],"predecessor-version":[{"id":2928,"href":"https:\/\/wm-group.heinmedia.dev\/en\/wp-json\/wp\/v2\/pages\/2057\/revisions\/2928"}],"wp:attachment":[{"href":"https:\/\/wm-group.heinmedia.dev\/en\/wp-json\/wp\/v2\/media?parent=2057"}],"curies":[{"name":"wp","href":"https:\/\/api.w.org\/{rel}","templated":true}]}}