{"id":1328,"date":"2025-01-31T08:09:41","date_gmt":"2025-01-31T07:09:41","guid":{"rendered":"https:\/\/wm-group.heinmedia.dev\/?page_id=1328"},"modified":"2026-02-17T08:58:50","modified_gmt":"2026-02-17T07:58:50","slug":"portraits-of-management-circle-members","status":"publish","type":"page","link":"https:\/\/wm-group.heinmedia.dev\/en\/karriere\/portraits-fuehrungskreis-mitglieder\/","title":{"rendered":"Portraits of management circle members"},"content":{"rendered":"<section class=\"bde-section-1328-100 bde-section\">\n              \n  \n  \n\t\n\n  <div class=\"section-background-overlay\"><\/div>\n\n\n<div class=\"section-container\"><div class=\"bde-text-1328-101 bde-text\">\nLeading together, shaping together\n<\/div><h1 class=\"bde-heading-1328-102 bde-heading\">\nOur management team at the WM GROUP\n<\/h1><\/div>\n<\/section><section class=\"bde-section-1328-355 bde-section\">\n  \n  \n\t\n\n\n\n<div class=\"section-container\"><div class=\"bde-columns-1328-356 bde-columns\"><div class=\"bde-column-1328-362 bde-column\">\n  \n  \n\t\n\n\n\n<div class=\"bde-grid-1328-363 bde-grid\">\n  \n  \n\t\n\n\n\n<div class=\"bde-div-1328-364 bde-div\">\n  \n  \n\t\n\n\n\n<div class=\"bde-image-1328-365 bde-image\">\n<figure class=\"breakdance-image breakdance-image--3006\">\n\t<div class=\"breakdance-image-container\">\n\t\t<div class=\"breakdance-image-clip\"><img loading=\"lazy\" decoding=\"async\" class=\"breakdance-image-object\" src=\"https:\/\/wm-group.heinmedia.dev\/wp-content\/uploads\/2025\/12\/Ralf-Kahnert.jpg\" width=\"1667\" height=\"2500\" srcset=\"https:\/\/wm-group.heinmedia.dev\/wp-content\/uploads\/2025\/12\/Ralf-Kahnert.jpg 1667w, https:\/\/wm-group.heinmedia.dev\/wp-content\/uploads\/2025\/12\/Ralf-Kahnert-200x300.jpg 200w, https:\/\/wm-group.heinmedia.dev\/wp-content\/uploads\/2025\/12\/Ralf-Kahnert-683x1024.jpg 683w, https:\/\/wm-group.heinmedia.dev\/wp-content\/uploads\/2025\/12\/Ralf-Kahnert-768x1152.jpg 768w, https:\/\/wm-group.heinmedia.dev\/wp-content\/uploads\/2025\/12\/Ralf-Kahnert-1024x1536.jpg 1024w, https:\/\/wm-group.heinmedia.dev\/wp-content\/uploads\/2025\/12\/Ralf-Kahnert-1366x2048.jpg 1366w\" sizes=\"auto, (max-width: 1667px) 100vw, 1667px\"><\/div>\n\t<\/div><\/figure>\n\n<\/div><span class=\"bde-text-1328-367 bde-text\">\nRalf Kahnert\n<\/span>\n<\/div><div class=\"bde-div-1328-368 bde-div\">\n  \n  \n\t\n\n\n\n<div class=\"bde-image-1328-369 bde-image\">\n<figure class=\"breakdance-image breakdance-image--3007\">\n\t<div class=\"breakdance-image-container\">\n\t\t<div class=\"breakdance-image-clip\"><img loading=\"lazy\" decoding=\"async\" class=\"breakdance-image-object\" src=\"https:\/\/wm-group.heinmedia.dev\/wp-content\/uploads\/2025\/12\/Alexander-Weuthen.jpg\" width=\"1667\" height=\"2500\" srcset=\"https:\/\/wm-group.heinmedia.dev\/wp-content\/uploads\/2025\/12\/Alexander-Weuthen.jpg 1667w, https:\/\/wm-group.heinmedia.dev\/wp-content\/uploads\/2025\/12\/Alexander-Weuthen-200x300.jpg 200w, https:\/\/wm-group.heinmedia.dev\/wp-content\/uploads\/2025\/12\/Alexander-Weuthen-683x1024.jpg 683w, https:\/\/wm-group.heinmedia.dev\/wp-content\/uploads\/2025\/12\/Alexander-Weuthen-768x1152.jpg 768w, https:\/\/wm-group.heinmedia.dev\/wp-content\/uploads\/2025\/12\/Alexander-Weuthen-1024x1536.jpg 1024w, https:\/\/wm-group.heinmedia.dev\/wp-content\/uploads\/2025\/12\/Alexander-Weuthen-1366x2048.jpg 1366w\" sizes=\"auto, (max-width: 1667px) 100vw, 1667px\"><\/div>\n\t<\/div><\/figure>\n\n<\/div><span class=\"bde-text-1328-371 bde-text\">\nAlexander Weuthen\n<\/span>\n<\/div><div class=\"bde-div-1328-372 bde-div\">\n  \n  \n\t\n\n\n\n<div class=\"bde-image-1328-373 bde-image\">\n<figure class=\"breakdance-image breakdance-image--3008\">\n\t<div class=\"breakdance-image-container\">\n\t\t<div class=\"breakdance-image-clip\"><img loading=\"lazy\" decoding=\"async\" class=\"breakdance-image-object\" src=\"https:\/\/wm-group.heinmedia.dev\/wp-content\/uploads\/2025\/12\/Jens-Heimann.jpg\" width=\"1667\" height=\"2500\" srcset=\"https:\/\/wm-group.heinmedia.dev\/wp-content\/uploads\/2025\/12\/Jens-Heimann.jpg 1667w, https:\/\/wm-group.heinmedia.dev\/wp-content\/uploads\/2025\/12\/Jens-Heimann-200x300.jpg 200w, https:\/\/wm-group.heinmedia.dev\/wp-content\/uploads\/2025\/12\/Jens-Heimann-683x1024.jpg 683w, https:\/\/wm-group.heinmedia.dev\/wp-content\/uploads\/2025\/12\/Jens-Heimann-768x1152.jpg 768w, https:\/\/wm-group.heinmedia.dev\/wp-content\/uploads\/2025\/12\/Jens-Heimann-1024x1536.jpg 1024w, https:\/\/wm-group.heinmedia.dev\/wp-content\/uploads\/2025\/12\/Jens-Heimann-1366x2048.jpg 1366w\" sizes=\"auto, (max-width: 1667px) 100vw, 1667px\"><\/div>\n\t<\/div><\/figure>\n\n<\/div><span class=\"bde-text-1328-375 bde-text\">\nJens Heimann\n<\/span>\n<\/div><div class=\"bde-div-1328-376 bde-div\">\n  \n  \n\t\n\n\n\n<div class=\"bde-image-1328-377 bde-image\">\n<figure class=\"breakdance-image breakdance-image--3009\">\n\t<div class=\"breakdance-image-container\">\n\t\t<div class=\"breakdance-image-clip\"><img loading=\"lazy\" decoding=\"async\" class=\"breakdance-image-object\" src=\"https:\/\/wm-group.heinmedia.dev\/wp-content\/uploads\/2025\/12\/Michael-Maas.jpg\" width=\"1667\" height=\"2500\" srcset=\"https:\/\/wm-group.heinmedia.dev\/wp-content\/uploads\/2025\/12\/Michael-Maas.jpg 1667w, https:\/\/wm-group.heinmedia.dev\/wp-content\/uploads\/2025\/12\/Michael-Maas-200x300.jpg 200w, https:\/\/wm-group.heinmedia.dev\/wp-content\/uploads\/2025\/12\/Michael-Maas-683x1024.jpg 683w, https:\/\/wm-group.heinmedia.dev\/wp-content\/uploads\/2025\/12\/Michael-Maas-768x1152.jpg 768w, https:\/\/wm-group.heinmedia.dev\/wp-content\/uploads\/2025\/12\/Michael-Maas-1024x1536.jpg 1024w, https:\/\/wm-group.heinmedia.dev\/wp-content\/uploads\/2025\/12\/Michael-Maas-1366x2048.jpg 1366w\" sizes=\"auto, (max-width: 1667px) 100vw, 1667px\"><\/div>\n\t<\/div><\/figure>\n\n<\/div><span class=\"bde-text-1328-379 bde-text\">\nMichael Maas\n<\/span>\n<\/div><div class=\"bde-div-1328-380 bde-div\">\n  \n  \n\t\n\n\n\n<div class=\"bde-image-1328-381 bde-image\">\n<figure class=\"breakdance-image breakdance-image--3010\">\n\t<div class=\"breakdance-image-container\">\n\t\t<div class=\"breakdance-image-clip\"><img loading=\"lazy\" decoding=\"async\" class=\"breakdance-image-object\" src=\"https:\/\/wm-group.heinmedia.dev\/wp-content\/uploads\/2025\/12\/Philipp-Henneke.jpg\" width=\"1667\" height=\"2500\" srcset=\"https:\/\/wm-group.heinmedia.dev\/wp-content\/uploads\/2025\/12\/Philipp-Henneke.jpg 1667w, https:\/\/wm-group.heinmedia.dev\/wp-content\/uploads\/2025\/12\/Philipp-Henneke-200x300.jpg 200w, https:\/\/wm-group.heinmedia.dev\/wp-content\/uploads\/2025\/12\/Philipp-Henneke-683x1024.jpg 683w, https:\/\/wm-group.heinmedia.dev\/wp-content\/uploads\/2025\/12\/Philipp-Henneke-768x1152.jpg 768w, https:\/\/wm-group.heinmedia.dev\/wp-content\/uploads\/2025\/12\/Philipp-Henneke-1024x1536.jpg 1024w, https:\/\/wm-group.heinmedia.dev\/wp-content\/uploads\/2025\/12\/Philipp-Henneke-1366x2048.jpg 1366w\" sizes=\"auto, (max-width: 1667px) 100vw, 1667px\"><\/div>\n\t<\/div><\/figure>\n\n<\/div><span class=\"bde-text-1328-383 bde-text\">\nPhilipp Henneke\n<\/span>\n<\/div>\n<\/div>\n<\/div><div class=\"bde-column-1328-357 bde-column\">\n  \n  \n\t\n\n\n\n<p class=\"bde-text-1328-388 bde-text\">\nEfficiency, team spirit and a clear vision - this is what the WM GROUP management team stands for. Our management team combines different competences from the areas of operations, IT, commercial, solution design, project management and management. Together, we work on strategic issues across all locations and ensure that the WM GROUP acts as a reliable, future-orientated and customer-focused modern logistics partner.\n<\/p>\n<\/div><\/div><\/div>\n<\/section>","protected":false},"excerpt":{"rendered":"<p>Gemeinsam f\u00fchren, gemeinsam gestalten Unser F\u00fchrungskreis bei der WM GROUP Ralf Kahnert Alexander Weuthen Jens Heimann Michael Maas Philipp Henneke Effizienz, Teamgeist und eine klare Vision \u2013 daf\u00fcr steht der F\u00fchrungskreis der WM GROUP. Unser F\u00fchrungsteam vereint unterschiedliche Kompetenzen aus den Bereichen Operations, IT, Commercial, Solution Design, Projektmanagement und Gesch\u00e4ftsf\u00fchrung. Gemeinsam arbeiten wir standort\u00fcbergreifend an [&hellip;]<\/p>\n","protected":false},"author":248570550,"featured_media":0,"parent":720,"menu_order":0,"comment_status":"closed","ping_status":"closed","template":"","meta":{"inline_featured_image":false,"_breakdance_hide_in_design_set":false,"_breakdance_tags":"","footnotes":""},"class_list":["post-1328","page","type-page","status-publish","hentry"],"meta_box":[],"_links":{"self":[{"href":"https:\/\/wm-group.heinmedia.dev\/en\/wp-json\/wp\/v2\/pages\/1328","targetHints":{"allow":["GET"]}}],"collection":[{"href":"https:\/\/wm-group.heinmedia.dev\/en\/wp-json\/wp\/v2\/pages"}],"about":[{"href":"https:\/\/wm-group.heinmedia.dev\/en\/wp-json\/wp\/v2\/types\/page"}],"author":[{"embeddable":true,"href":"https:\/\/wm-group.heinmedia.dev\/en\/wp-json\/wp\/v2\/users\/248570550"}],"replies":[{"embeddable":true,"href":"https:\/\/wm-group.heinmedia.dev\/en\/wp-json\/wp\/v2\/comments?post=1328"}],"version-history":[{"count":55,"href":"https:\/\/wm-group.heinmedia.dev\/en\/wp-json\/wp\/v2\/pages\/1328\/revisions"}],"predecessor-version":[{"id":3073,"href":"https:\/\/wm-group.heinmedia.dev\/en\/wp-json\/wp\/v2\/pages\/1328\/revisions\/3073"}],"up":[{"embeddable":true,"href":"https:\/\/wm-group.heinmedia.dev\/en\/wp-json\/wp\/v2\/pages\/720"}],"wp:attachment":[{"href":"https:\/\/wm-group.heinmedia.dev\/en\/wp-json\/wp\/v2\/media?parent=1328"}],"curies":[{"name":"wp","href":"https:\/\/api.w.org\/{rel}","templated":true}]}}